{"id":1032,"date":"2025-06-25T05:32:11","date_gmt":"2025-06-25T03:32:11","guid":{"rendered":"https:\/\/radosnavijest.hr\/shop\/?post_type=product&#038;p=1032"},"modified":"2025-07-09T23:51:32","modified_gmt":"2025-07-09T21:51:32","slug":"zasto-bog-dopusta-zlo","status":"publish","type":"product","link":"https:\/\/radosnavijest.hr\/shop\/product\/zasto-bog-dopusta-zlo\/","title":{"rendered":"Za\u0161to Bog dopu\u0161ta zlo?"},"content":{"rendered":"<p>Daleko od toga da nudi jednostavne odgovore, knjiga Za\u0161to Bog dopu\u0161ta zlo? poti\u010de \u010ditatelje<br \/>\nsuo\u010diti se s neizvjesno\u0161\u0107u i prona\u0107i utjehu u Bo\u017ejim obe\u0107anjima, \u010dak i usred te\u0161ko\u0107a.<br \/>\nMorphew se oslanja na biblijsku mudrost i primjere iz stvarnog \u017eivota kako bi pokazao da<br \/>\nBog nije udaljen, ve\u0107 prisutan &#8211; \u010dak i u na\u0161im najmra\u010dnijim trenucima.<br \/>\nOva je knjiga savr\u0161ena za:<br \/>\n\u2022 Tinejd\u017eere i mlade ljude koji propituju vjeru<br \/>\n\u2022 Roditelje i voditelje mladih koji vode druge kroz te\u0161ke razgovore<br \/>\n\u2022 Sve koji tra\u017ee nadu i razumijevanje u te\u0161kim vremenima<\/p>\n","protected":false},"excerpt":{"rendered":"<p>Ova pitka i lako \u010ditljiva knjiga napisana je posebno za mlade \u010ditatelje i tinejd\u017eere koji se bore s velikim pitanjima o vjeri i stvarnosti grje\u0161nog svijeta. Kroz osobne pri\u010de, scenarije s kojima se mo\u017eemo poistovjetiti i izravan biblijski uvid, Morphew se ne<br \/>\nustru\u010dava te\u0161kih stvari. Umjesto toga, suo\u010dava se s njima izravno, potvr\u0111uju\u0107i da je u redu biti znati\u017eeljan i postavljati te\u0161ka pitanja.<\/p>\n<p>Format: Meki uvez,\u00a0 \u00a0Dimenzije: 135 x 200 x 8 mm,\u00a0 \u00a0Broj stranica: 76<\/p>\n","protected":false},"featured_media":1033,"template":"","meta":[],"product_brand":[],"product_cat":[78,35],"product_tag":[],"autor":[77],"class_list":{"0":"post-1032","1":"product","2":"type-product","3":"status-publish","4":"has-post-thumbnail","6":"product_cat-knjige-za-mlade","7":"product_cat-krscanstvo","8":"autor-chris-morphew","10":"first","11":"instock","12":"shipping-taxable","13":"purchasable","14":"product-type-simple"},"yoast_head":"<!-- This site is optimized with the Yoast SEO plugin v27.4 - https:\/\/yoast.com\/product\/yoast-seo-wordpress\/ -->\n<title>Za\u0161to Bog dopu\u0161ta zlo?<\/title>\n<meta name=\"description\" content=\"Chris Morphew se bavi jednim od najdubljih i najizazovnijih pitanja s kojima se suo\u010davaju ljudi vjere, i svi oni koji tra\u017ee smisao u svijetu punom patnje.\" \/>\n<meta name=\"robots\" content=\"index, follow, max-snippet:-1, max-image-preview:large, max-video-preview:-1\" \/>\n<link rel=\"canonical\" href=\"https:\/\/radosnavijest.hr\/shop\/product\/zasto-bog-dopusta-zlo\/\" \/>\n<meta property=\"og:locale\" content=\"hr_HR\" \/>\n<meta property=\"og:type\" content=\"article\" \/>\n<meta property=\"og:title\" content=\"Za\u0161to Bog dopu\u0161ta zlo?\" \/>\n<meta property=\"og:description\" content=\"Chris Morphew se bavi jednim od najdubljih i najizazovnijih pitanja s kojima se suo\u010davaju ljudi vjere, i svi oni koji tra\u017ee smisao u svijetu punom patnje.\" \/>\n<meta property=\"og:url\" content=\"https:\/\/radosnavijest.hr\/shop\/product\/zasto-bog-dopusta-zlo\/\" \/>\n<meta property=\"og:site_name\" content=\"Radosna vijest\" \/>\n<meta property=\"article:modified_time\" content=\"2025-07-09T21:51:32+00:00\" \/>\n<meta property=\"og:image\" content=\"https:\/\/radosnavijest.hr\/shop\/wp-content\/uploads\/2025\/06\/zasto-bog_front.jpg\" \/>\n\t<meta property=\"og:image:width\" content=\"842\" \/>\n\t<meta property=\"og:image:height\" content=\"1200\" \/>\n\t<meta property=\"og:image:type\" content=\"image\/jpeg\" \/>\n<meta name=\"twitter:card\" content=\"summary_large_image\" \/>\n<meta name=\"twitter:label1\" content=\"Procijenjeno vrijeme \u010ditanja\" \/>\n\t<meta name=\"twitter:data1\" content=\"1 minuta\" \/>\n<script type=\"application\/ld+json\" class=\"yoast-schema-graph\">{\"@context\":\"https:\\\/\\\/schema.org\",\"@graph\":[{\"@type\":\"WebPage\",\"@id\":\"https:\\\/\\\/radosnavijest.hr\\\/shop\\\/product\\\/zasto-bog-dopusta-zlo\\\/\",\"url\":\"https:\\\/\\\/radosnavijest.hr\\\/shop\\\/product\\\/zasto-bog-dopusta-zlo\\\/\",\"name\":\"Za\u0161to Bog dopu\u0161ta zlo?\",\"isPartOf\":{\"@id\":\"https:\\\/\\\/radosnavijest.hr\\\/shop\\\/#website\"},\"primaryImageOfPage\":{\"@id\":\"https:\\\/\\\/radosnavijest.hr\\\/shop\\\/product\\\/zasto-bog-dopusta-zlo\\\/#primaryimage\"},\"image\":{\"@id\":\"https:\\\/\\\/radosnavijest.hr\\\/shop\\\/product\\\/zasto-bog-dopusta-zlo\\\/#primaryimage\"},\"thumbnailUrl\":\"https:\\\/\\\/radosnavijest.hr\\\/shop\\\/wp-content\\\/uploads\\\/2025\\\/06\\\/zasto-bog_front.jpg\",\"datePublished\":\"2025-06-25T03:32:11+00:00\",\"dateModified\":\"2025-07-09T21:51:32+00:00\",\"description\":\"Chris Morphew se bavi jednim od najdubljih i najizazovnijih pitanja s kojima se suo\u010davaju ljudi vjere, i svi oni koji tra\u017ee smisao u svijetu punom patnje.\",\"breadcrumb\":{\"@id\":\"https:\\\/\\\/radosnavijest.hr\\\/shop\\\/product\\\/zasto-bog-dopusta-zlo\\\/#breadcrumb\"},\"inLanguage\":\"hr\",\"potentialAction\":[{\"@type\":\"ReadAction\",\"target\":[\"https:\\\/\\\/radosnavijest.hr\\\/shop\\\/product\\\/zasto-bog-dopusta-zlo\\\/\"]}]},{\"@type\":\"ImageObject\",\"inLanguage\":\"hr\",\"@id\":\"https:\\\/\\\/radosnavijest.hr\\\/shop\\\/product\\\/zasto-bog-dopusta-zlo\\\/#primaryimage\",\"url\":\"https:\\\/\\\/radosnavijest.hr\\\/shop\\\/wp-content\\\/uploads\\\/2025\\\/06\\\/zasto-bog_front.jpg\",\"contentUrl\":\"https:\\\/\\\/radosnavijest.hr\\\/shop\\\/wp-content\\\/uploads\\\/2025\\\/06\\\/zasto-bog_front.jpg\",\"width\":842,\"height\":1200},{\"@type\":\"BreadcrumbList\",\"@id\":\"https:\\\/\\\/radosnavijest.hr\\\/shop\\\/product\\\/zasto-bog-dopusta-zlo\\\/#breadcrumb\",\"itemListElement\":[{\"@type\":\"ListItem\",\"position\":1,\"name\":\"Po\u010detna\",\"item\":\"https:\\\/\\\/radosnavijest.hr\\\/shop\\\/\"},{\"@type\":\"ListItem\",\"position\":2,\"name\":\"Knjige\",\"item\":\"https:\\\/\\\/radosnavijest.hr\\\/shop\\\/\"},{\"@type\":\"ListItem\",\"position\":3,\"name\":\"Za\u0161to Bog dopu\u0161ta zlo?\"}]},{\"@type\":\"WebSite\",\"@id\":\"https:\\\/\\\/radosnavijest.hr\\\/shop\\\/#website\",\"url\":\"https:\\\/\\\/radosnavijest.hr\\\/shop\\\/\",\"name\":\"Radosna vijest\",\"description\":\"Knjige\",\"publisher\":{\"@id\":\"https:\\\/\\\/radosnavijest.hr\\\/shop\\\/#organization\"},\"potentialAction\":[{\"@type\":\"SearchAction\",\"target\":{\"@type\":\"EntryPoint\",\"urlTemplate\":\"https:\\\/\\\/radosnavijest.hr\\\/shop\\\/?s={search_term_string}\"},\"query-input\":{\"@type\":\"PropertyValueSpecification\",\"valueRequired\":true,\"valueName\":\"search_term_string\"}}],\"inLanguage\":\"hr\"},{\"@type\":\"Organization\",\"@id\":\"https:\\\/\\\/radosnavijest.hr\\\/shop\\\/#organization\",\"name\":\"Radosna vijest\",\"url\":\"https:\\\/\\\/radosnavijest.hr\\\/shop\\\/\",\"logo\":{\"@type\":\"ImageObject\",\"inLanguage\":\"hr\",\"@id\":\"https:\\\/\\\/radosnavijest.hr\\\/shop\\\/#\\\/schema\\\/logo\\\/image\\\/\",\"url\":\"https:\\\/\\\/radosnavijest.hr\\\/shop\\\/wp-content\\\/uploads\\\/2023\\\/08\\\/cropped-RV-logo-RGB_web.png\",\"contentUrl\":\"https:\\\/\\\/radosnavijest.hr\\\/shop\\\/wp-content\\\/uploads\\\/2023\\\/08\\\/cropped-RV-logo-RGB_web.png\",\"width\":600,\"height\":232,\"caption\":\"Radosna vijest\"},\"image\":{\"@id\":\"https:\\\/\\\/radosnavijest.hr\\\/shop\\\/#\\\/schema\\\/logo\\\/image\\\/\"}}]}<\/script>\n<!-- \/ Yoast SEO plugin. -->","yoast_head_json":{"title":"Za\u0161to Bog dopu\u0161ta zlo?","description":"Chris Morphew se bavi jednim od najdubljih i najizazovnijih pitanja s kojima se suo\u010davaju ljudi vjere, i svi oni koji tra\u017ee smisao u svijetu punom patnje.","robots":{"index":"index","follow":"follow","max-snippet":"max-snippet:-1","max-image-preview":"max-image-preview:large","max-video-preview":"max-video-preview:-1"},"canonical":"https:\/\/radosnavijest.hr\/shop\/product\/zasto-bog-dopusta-zlo\/","og_locale":"hr_HR","og_type":"article","og_title":"Za\u0161to Bog dopu\u0161ta zlo?","og_description":"Chris Morphew se bavi jednim od najdubljih i najizazovnijih pitanja s kojima se suo\u010davaju ljudi vjere, i svi oni koji tra\u017ee smisao u svijetu punom patnje.","og_url":"https:\/\/radosnavijest.hr\/shop\/product\/zasto-bog-dopusta-zlo\/","og_site_name":"Radosna vijest","article_modified_time":"2025-07-09T21:51:32+00:00","og_image":[{"width":842,"height":1200,"url":"https:\/\/radosnavijest.hr\/shop\/wp-content\/uploads\/2025\/06\/zasto-bog_front.jpg","type":"image\/jpeg"}],"twitter_card":"summary_large_image","twitter_misc":{"Procijenjeno vrijeme \u010ditanja":"1 minuta"},"schema":{"@context":"https:\/\/schema.org","@graph":[{"@type":"WebPage","@id":"https:\/\/radosnavijest.hr\/shop\/product\/zasto-bog-dopusta-zlo\/","url":"https:\/\/radosnavijest.hr\/shop\/product\/zasto-bog-dopusta-zlo\/","name":"Za\u0161to Bog dopu\u0161ta zlo?","isPartOf":{"@id":"https:\/\/radosnavijest.hr\/shop\/#website"},"primaryImageOfPage":{"@id":"https:\/\/radosnavijest.hr\/shop\/product\/zasto-bog-dopusta-zlo\/#primaryimage"},"image":{"@id":"https:\/\/radosnavijest.hr\/shop\/product\/zasto-bog-dopusta-zlo\/#primaryimage"},"thumbnailUrl":"https:\/\/radosnavijest.hr\/shop\/wp-content\/uploads\/2025\/06\/zasto-bog_front.jpg","datePublished":"2025-06-25T03:32:11+00:00","dateModified":"2025-07-09T21:51:32+00:00","description":"Chris Morphew se bavi jednim od najdubljih i najizazovnijih pitanja s kojima se suo\u010davaju ljudi vjere, i svi oni koji tra\u017ee smisao u svijetu punom patnje.","breadcrumb":{"@id":"https:\/\/radosnavijest.hr\/shop\/product\/zasto-bog-dopusta-zlo\/#breadcrumb"},"inLanguage":"hr","potentialAction":[{"@type":"ReadAction","target":["https:\/\/radosnavijest.hr\/shop\/product\/zasto-bog-dopusta-zlo\/"]}]},{"@type":"ImageObject","inLanguage":"hr","@id":"https:\/\/radosnavijest.hr\/shop\/product\/zasto-bog-dopusta-zlo\/#primaryimage","url":"https:\/\/radosnavijest.hr\/shop\/wp-content\/uploads\/2025\/06\/zasto-bog_front.jpg","contentUrl":"https:\/\/radosnavijest.hr\/shop\/wp-content\/uploads\/2025\/06\/zasto-bog_front.jpg","width":842,"height":1200},{"@type":"BreadcrumbList","@id":"https:\/\/radosnavijest.hr\/shop\/product\/zasto-bog-dopusta-zlo\/#breadcrumb","itemListElement":[{"@type":"ListItem","position":1,"name":"Po\u010detna","item":"https:\/\/radosnavijest.hr\/shop\/"},{"@type":"ListItem","position":2,"name":"Knjige","item":"https:\/\/radosnavijest.hr\/shop\/"},{"@type":"ListItem","position":3,"name":"Za\u0161to Bog dopu\u0161ta zlo?"}]},{"@type":"WebSite","@id":"https:\/\/radosnavijest.hr\/shop\/#website","url":"https:\/\/radosnavijest.hr\/shop\/","name":"Radosna vijest","description":"Knjige","publisher":{"@id":"https:\/\/radosnavijest.hr\/shop\/#organization"},"potentialAction":[{"@type":"SearchAction","target":{"@type":"EntryPoint","urlTemplate":"https:\/\/radosnavijest.hr\/shop\/?s={search_term_string}"},"query-input":{"@type":"PropertyValueSpecification","valueRequired":true,"valueName":"search_term_string"}}],"inLanguage":"hr"},{"@type":"Organization","@id":"https:\/\/radosnavijest.hr\/shop\/#organization","name":"Radosna vijest","url":"https:\/\/radosnavijest.hr\/shop\/","logo":{"@type":"ImageObject","inLanguage":"hr","@id":"https:\/\/radosnavijest.hr\/shop\/#\/schema\/logo\/image\/","url":"https:\/\/radosnavijest.hr\/shop\/wp-content\/uploads\/2023\/08\/cropped-RV-logo-RGB_web.png","contentUrl":"https:\/\/radosnavijest.hr\/shop\/wp-content\/uploads\/2023\/08\/cropped-RV-logo-RGB_web.png","width":600,"height":232,"caption":"Radosna vijest"},"image":{"@id":"https:\/\/radosnavijest.hr\/shop\/#\/schema\/logo\/image\/"}}]}},"_links":{"self":[{"href":"https:\/\/radosnavijest.hr\/shop\/wp-json\/wp\/v2\/product\/1032","targetHints":{"allow":["GET"]}}],"collection":[{"href":"https:\/\/radosnavijest.hr\/shop\/wp-json\/wp\/v2\/product"}],"about":[{"href":"https:\/\/radosnavijest.hr\/shop\/wp-json\/wp\/v2\/types\/product"}],"wp:featuredmedia":[{"embeddable":true,"href":"https:\/\/radosnavijest.hr\/shop\/wp-json\/wp\/v2\/media\/1033"}],"wp:attachment":[{"href":"https:\/\/radosnavijest.hr\/shop\/wp-json\/wp\/v2\/media?parent=1032"}],"wp:term":[{"taxonomy":"product_brand","embeddable":true,"href":"https:\/\/radosnavijest.hr\/shop\/wp-json\/wp\/v2\/product_brand?post=1032"},{"taxonomy":"product_cat","embeddable":true,"href":"https:\/\/radosnavijest.hr\/shop\/wp-json\/wp\/v2\/product_cat?post=1032"},{"taxonomy":"product_tag","embeddable":true,"href":"https:\/\/radosnavijest.hr\/shop\/wp-json\/wp\/v2\/product_tag?post=1032"},{"taxonomy":"autor","embeddable":true,"href":"https:\/\/radosnavijest.hr\/shop\/wp-json\/wp\/v2\/autor?post=1032"}],"curies":[{"name":"wp","href":"https:\/\/api.w.org\/{rel}","templated":true}]}}