{"id":1043,"date":"2025-08-06T16:54:12","date_gmt":"2025-08-06T14:54:12","guid":{"rendered":"https:\/\/radosnavijest.hr\/shop\/?post_type=product&#038;p=1043"},"modified":"2025-08-06T16:54:12","modified_gmt":"2025-08-06T14:54:12","slug":"ostavstina-najuzvisenije-radosti","status":"publish","type":"product","link":"https:\/\/radosnavijest.hr\/shop\/product\/ostavstina-najuzvisenije-radosti\/","title":{"rendered":"Ostav\u0161tina najuzvi\u0161enije radosti"},"content":{"rendered":"<p>Ovo je prva knjiga iz serijala <strong>\u201eLabudovi nisu utihnuli\u201c<\/strong> \u2013 zbirke inspirativnih biografskih djela u kojima su u fokusu \u017eivoti nekih od najutjecajnijih kr\u0161\u0107anskih vo\u0111a kroz povijest. Svaka knjiga u seriji donosi dubok, teolo\u0161ki promi\u0161ljeni pogled na osobne borbe, vjeru i naslje\u0111e velikana vjere, pokazuju\u0107i kako je njihova pouzdanost u Bo\u017eju milost i suverenost oblikovala ne samo njihov osobni \u017eivot, nego i tijek crkvene povijesti.<\/p>\n<p><strong>Ostav\u0161tina najuzvi\u0161enije radosti<\/strong> namijenjena je svima koji \u017eele biti nadahnuti primjerom vjernosti i radosti u Kristu kroz stolje\u0107a. John Piper duboko ulazi u osobne borbe, duhovna tra\u017eenja i preokrete Augustina, Martina Luthera i Jeana Calvina, pokazuju\u0107i kako su, unato\u010d slabostima i izazovima, njihovo pouzdanje i radost u Bogu bili klju\u010d ustrajnosti i naslje\u0111a. Svakoga od njih pamtimo po porukama koje su navijestili, a koje su va\u017ene i u na\u0161e vrijeme \u2013 Augustinovo u\u017eivanje u Bogu, Lutherovo nagla\u0161avanje va\u017enosti Bo\u017eje rije\u010di i Calvinovo izlaganje Svetoga pisma. Knjiga nagla\u0161ava kako su njihova uvjerenja o Bo\u017ejoj suverenosti i milosti oblikovala ne samo njihove osobne \u017eivote, nego i \u0161ire pokrete unutar kr\u0161\u0107anske povijesti.<\/p>\n","protected":false},"excerpt":{"rendered":"<p>Ova knjiga stavlja u sredi\u0161te Augustina, Luthera i Calvina, prikazuju\u0107i kako je Bo\u017eja suverena radost oblikovala njihovu vjeru, slu\u017ebu i utjecaj na svijet. Tim se ljudima mo\u017eda divimo zato \u0161to su ostavili neizbrisiv trag u povijesti Crkve, ali svaki se od njih borio s vlastitim ku\u0161njama. Razmatraju\u0107i njihove \u017eivote, promatramo Bo\u017eju slavu i njegovo veli\u010danstvo te pronalazimo snagu za pobjedu nad na\u0161im slabostima.<br \/>\nAko ikad u sebi primijetite ravnodu\u0161nost prema grijehu i izgubite radost u Isusu Kristu,\u00a0 \u017eivoti ovih ljudi pomo\u0107i \u0107e vam da ponovno budete zadivljeni Bogom.<\/p>\n<p>Format: Meki uvez<br \/>\nDimenzije: 135 x 200 x 15 mm<br \/>\nBroj stranica: 168<\/p>\n","protected":false},"featured_media":1045,"template":"","meta":[],"product_brand":[],"product_cat":[35],"product_tag":[],"autor":[32],"class_list":{"0":"post-1043","1":"product","2":"type-product","3":"status-publish","4":"has-post-thumbnail","6":"product_cat-krscanstvo","7":"autor-john-piper","9":"first","10":"instock","11":"shipping-taxable","12":"purchasable","13":"product-type-simple"},"yoast_head":"<!-- This site is optimized with the Yoast SEO plugin v27.4 - https:\/\/yoast.com\/product\/yoast-seo-wordpress\/ -->\n<title>Ostav\u0161tina najuzvi\u0161enije radosti - Radosna vijest<\/title>\n<meta name=\"description\" content=\"Ova knjiga stavlja u sredi\u0161te Augustina, Luthera i Calvina, prikazuju\u0107i kako je Bo\u017eja suverena radost oblikovala njihovu vjeru, slu\u017ebu i utjecaj na svijet.\" \/>\n<meta name=\"robots\" content=\"index, follow, max-snippet:-1, max-image-preview:large, max-video-preview:-1\" \/>\n<link rel=\"canonical\" href=\"https:\/\/radosnavijest.hr\/shop\/product\/ostavstina-najuzvisenije-radosti\/\" \/>\n<meta property=\"og:locale\" content=\"hr_HR\" \/>\n<meta property=\"og:type\" content=\"article\" \/>\n<meta property=\"og:title\" content=\"Ostav\u0161tina najuzvi\u0161enije radosti - Radosna vijest\" \/>\n<meta property=\"og:description\" content=\"Ova knjiga stavlja u sredi\u0161te Augustina, Luthera i Calvina, prikazuju\u0107i kako je Bo\u017eja suverena radost oblikovala njihovu vjeru, slu\u017ebu i utjecaj na svijet.\" \/>\n<meta property=\"og:url\" content=\"https:\/\/radosnavijest.hr\/shop\/product\/ostavstina-najuzvisenije-radosti\/\" \/>\n<meta property=\"og:site_name\" content=\"Radosna vijest\" \/>\n<meta property=\"og:image\" content=\"https:\/\/radosnavijest.hr\/shop\/wp-content\/uploads\/2025\/08\/ostavstina_front.jpg\" \/>\n\t<meta property=\"og:image:width\" content=\"842\" \/>\n\t<meta property=\"og:image:height\" content=\"1200\" \/>\n\t<meta property=\"og:image:type\" content=\"image\/jpeg\" \/>\n<meta name=\"twitter:card\" content=\"summary_large_image\" \/>\n<meta name=\"twitter:label1\" content=\"Procijenjeno vrijeme \u010ditanja\" \/>\n\t<meta name=\"twitter:data1\" content=\"2 minute\" \/>\n<script type=\"application\/ld+json\" class=\"yoast-schema-graph\">{\"@context\":\"https:\\\/\\\/schema.org\",\"@graph\":[{\"@type\":\"WebPage\",\"@id\":\"https:\\\/\\\/radosnavijest.hr\\\/shop\\\/product\\\/ostavstina-najuzvisenije-radosti\\\/\",\"url\":\"https:\\\/\\\/radosnavijest.hr\\\/shop\\\/product\\\/ostavstina-najuzvisenije-radosti\\\/\",\"name\":\"Ostav\u0161tina najuzvi\u0161enije radosti - Radosna vijest\",\"isPartOf\":{\"@id\":\"https:\\\/\\\/radosnavijest.hr\\\/shop\\\/#website\"},\"primaryImageOfPage\":{\"@id\":\"https:\\\/\\\/radosnavijest.hr\\\/shop\\\/product\\\/ostavstina-najuzvisenije-radosti\\\/#primaryimage\"},\"image\":{\"@id\":\"https:\\\/\\\/radosnavijest.hr\\\/shop\\\/product\\\/ostavstina-najuzvisenije-radosti\\\/#primaryimage\"},\"thumbnailUrl\":\"https:\\\/\\\/radosnavijest.hr\\\/shop\\\/wp-content\\\/uploads\\\/2025\\\/08\\\/ostavstina_front.jpg\",\"datePublished\":\"2025-08-06T14:54:12+00:00\",\"description\":\"Ova knjiga stavlja u sredi\u0161te Augustina, Luthera i Calvina, prikazuju\u0107i kako je Bo\u017eja suverena radost oblikovala njihovu vjeru, slu\u017ebu i utjecaj na svijet.\",\"breadcrumb\":{\"@id\":\"https:\\\/\\\/radosnavijest.hr\\\/shop\\\/product\\\/ostavstina-najuzvisenije-radosti\\\/#breadcrumb\"},\"inLanguage\":\"hr\",\"potentialAction\":[{\"@type\":\"ReadAction\",\"target\":[\"https:\\\/\\\/radosnavijest.hr\\\/shop\\\/product\\\/ostavstina-najuzvisenije-radosti\\\/\"]}]},{\"@type\":\"ImageObject\",\"inLanguage\":\"hr\",\"@id\":\"https:\\\/\\\/radosnavijest.hr\\\/shop\\\/product\\\/ostavstina-najuzvisenije-radosti\\\/#primaryimage\",\"url\":\"https:\\\/\\\/radosnavijest.hr\\\/shop\\\/wp-content\\\/uploads\\\/2025\\\/08\\\/ostavstina_front.jpg\",\"contentUrl\":\"https:\\\/\\\/radosnavijest.hr\\\/shop\\\/wp-content\\\/uploads\\\/2025\\\/08\\\/ostavstina_front.jpg\",\"width\":842,\"height\":1200},{\"@type\":\"BreadcrumbList\",\"@id\":\"https:\\\/\\\/radosnavijest.hr\\\/shop\\\/product\\\/ostavstina-najuzvisenije-radosti\\\/#breadcrumb\",\"itemListElement\":[{\"@type\":\"ListItem\",\"position\":1,\"name\":\"Po\u010detna\",\"item\":\"https:\\\/\\\/radosnavijest.hr\\\/shop\\\/\"},{\"@type\":\"ListItem\",\"position\":2,\"name\":\"Knjige\",\"item\":\"https:\\\/\\\/radosnavijest.hr\\\/shop\\\/\"},{\"@type\":\"ListItem\",\"position\":3,\"name\":\"Ostav\u0161tina najuzvi\u0161enije radosti\"}]},{\"@type\":\"WebSite\",\"@id\":\"https:\\\/\\\/radosnavijest.hr\\\/shop\\\/#website\",\"url\":\"https:\\\/\\\/radosnavijest.hr\\\/shop\\\/\",\"name\":\"Radosna vijest\",\"description\":\"Knjige\",\"publisher\":{\"@id\":\"https:\\\/\\\/radosnavijest.hr\\\/shop\\\/#organization\"},\"potentialAction\":[{\"@type\":\"SearchAction\",\"target\":{\"@type\":\"EntryPoint\",\"urlTemplate\":\"https:\\\/\\\/radosnavijest.hr\\\/shop\\\/?s={search_term_string}\"},\"query-input\":{\"@type\":\"PropertyValueSpecification\",\"valueRequired\":true,\"valueName\":\"search_term_string\"}}],\"inLanguage\":\"hr\"},{\"@type\":\"Organization\",\"@id\":\"https:\\\/\\\/radosnavijest.hr\\\/shop\\\/#organization\",\"name\":\"Radosna vijest\",\"url\":\"https:\\\/\\\/radosnavijest.hr\\\/shop\\\/\",\"logo\":{\"@type\":\"ImageObject\",\"inLanguage\":\"hr\",\"@id\":\"https:\\\/\\\/radosnavijest.hr\\\/shop\\\/#\\\/schema\\\/logo\\\/image\\\/\",\"url\":\"https:\\\/\\\/radosnavijest.hr\\\/shop\\\/wp-content\\\/uploads\\\/2023\\\/08\\\/cropped-RV-logo-RGB_web.png\",\"contentUrl\":\"https:\\\/\\\/radosnavijest.hr\\\/shop\\\/wp-content\\\/uploads\\\/2023\\\/08\\\/cropped-RV-logo-RGB_web.png\",\"width\":600,\"height\":232,\"caption\":\"Radosna vijest\"},\"image\":{\"@id\":\"https:\\\/\\\/radosnavijest.hr\\\/shop\\\/#\\\/schema\\\/logo\\\/image\\\/\"}}]}<\/script>\n<!-- \/ Yoast SEO plugin. -->","yoast_head_json":{"title":"Ostav\u0161tina najuzvi\u0161enije radosti - Radosna vijest","description":"Ova knjiga stavlja u sredi\u0161te Augustina, Luthera i Calvina, prikazuju\u0107i kako je Bo\u017eja suverena radost oblikovala njihovu vjeru, slu\u017ebu i utjecaj na svijet.","robots":{"index":"index","follow":"follow","max-snippet":"max-snippet:-1","max-image-preview":"max-image-preview:large","max-video-preview":"max-video-preview:-1"},"canonical":"https:\/\/radosnavijest.hr\/shop\/product\/ostavstina-najuzvisenije-radosti\/","og_locale":"hr_HR","og_type":"article","og_title":"Ostav\u0161tina najuzvi\u0161enije radosti - Radosna vijest","og_description":"Ova knjiga stavlja u sredi\u0161te Augustina, Luthera i Calvina, prikazuju\u0107i kako je Bo\u017eja suverena radost oblikovala njihovu vjeru, slu\u017ebu i utjecaj na svijet.","og_url":"https:\/\/radosnavijest.hr\/shop\/product\/ostavstina-najuzvisenije-radosti\/","og_site_name":"Radosna vijest","og_image":[{"width":842,"height":1200,"url":"https:\/\/radosnavijest.hr\/shop\/wp-content\/uploads\/2025\/08\/ostavstina_front.jpg","type":"image\/jpeg"}],"twitter_card":"summary_large_image","twitter_misc":{"Procijenjeno vrijeme \u010ditanja":"2 minute"},"schema":{"@context":"https:\/\/schema.org","@graph":[{"@type":"WebPage","@id":"https:\/\/radosnavijest.hr\/shop\/product\/ostavstina-najuzvisenije-radosti\/","url":"https:\/\/radosnavijest.hr\/shop\/product\/ostavstina-najuzvisenije-radosti\/","name":"Ostav\u0161tina najuzvi\u0161enije radosti - Radosna vijest","isPartOf":{"@id":"https:\/\/radosnavijest.hr\/shop\/#website"},"primaryImageOfPage":{"@id":"https:\/\/radosnavijest.hr\/shop\/product\/ostavstina-najuzvisenije-radosti\/#primaryimage"},"image":{"@id":"https:\/\/radosnavijest.hr\/shop\/product\/ostavstina-najuzvisenije-radosti\/#primaryimage"},"thumbnailUrl":"https:\/\/radosnavijest.hr\/shop\/wp-content\/uploads\/2025\/08\/ostavstina_front.jpg","datePublished":"2025-08-06T14:54:12+00:00","description":"Ova knjiga stavlja u sredi\u0161te Augustina, Luthera i Calvina, prikazuju\u0107i kako je Bo\u017eja suverena radost oblikovala njihovu vjeru, slu\u017ebu i utjecaj na svijet.","breadcrumb":{"@id":"https:\/\/radosnavijest.hr\/shop\/product\/ostavstina-najuzvisenije-radosti\/#breadcrumb"},"inLanguage":"hr","potentialAction":[{"@type":"ReadAction","target":["https:\/\/radosnavijest.hr\/shop\/product\/ostavstina-najuzvisenije-radosti\/"]}]},{"@type":"ImageObject","inLanguage":"hr","@id":"https:\/\/radosnavijest.hr\/shop\/product\/ostavstina-najuzvisenije-radosti\/#primaryimage","url":"https:\/\/radosnavijest.hr\/shop\/wp-content\/uploads\/2025\/08\/ostavstina_front.jpg","contentUrl":"https:\/\/radosnavijest.hr\/shop\/wp-content\/uploads\/2025\/08\/ostavstina_front.jpg","width":842,"height":1200},{"@type":"BreadcrumbList","@id":"https:\/\/radosnavijest.hr\/shop\/product\/ostavstina-najuzvisenije-radosti\/#breadcrumb","itemListElement":[{"@type":"ListItem","position":1,"name":"Po\u010detna","item":"https:\/\/radosnavijest.hr\/shop\/"},{"@type":"ListItem","position":2,"name":"Knjige","item":"https:\/\/radosnavijest.hr\/shop\/"},{"@type":"ListItem","position":3,"name":"Ostav\u0161tina najuzvi\u0161enije radosti"}]},{"@type":"WebSite","@id":"https:\/\/radosnavijest.hr\/shop\/#website","url":"https:\/\/radosnavijest.hr\/shop\/","name":"Radosna vijest","description":"Knjige","publisher":{"@id":"https:\/\/radosnavijest.hr\/shop\/#organization"},"potentialAction":[{"@type":"SearchAction","target":{"@type":"EntryPoint","urlTemplate":"https:\/\/radosnavijest.hr\/shop\/?s={search_term_string}"},"query-input":{"@type":"PropertyValueSpecification","valueRequired":true,"valueName":"search_term_string"}}],"inLanguage":"hr"},{"@type":"Organization","@id":"https:\/\/radosnavijest.hr\/shop\/#organization","name":"Radosna vijest","url":"https:\/\/radosnavijest.hr\/shop\/","logo":{"@type":"ImageObject","inLanguage":"hr","@id":"https:\/\/radosnavijest.hr\/shop\/#\/schema\/logo\/image\/","url":"https:\/\/radosnavijest.hr\/shop\/wp-content\/uploads\/2023\/08\/cropped-RV-logo-RGB_web.png","contentUrl":"https:\/\/radosnavijest.hr\/shop\/wp-content\/uploads\/2023\/08\/cropped-RV-logo-RGB_web.png","width":600,"height":232,"caption":"Radosna vijest"},"image":{"@id":"https:\/\/radosnavijest.hr\/shop\/#\/schema\/logo\/image\/"}}]}},"_links":{"self":[{"href":"https:\/\/radosnavijest.hr\/shop\/wp-json\/wp\/v2\/product\/1043","targetHints":{"allow":["GET"]}}],"collection":[{"href":"https:\/\/radosnavijest.hr\/shop\/wp-json\/wp\/v2\/product"}],"about":[{"href":"https:\/\/radosnavijest.hr\/shop\/wp-json\/wp\/v2\/types\/product"}],"wp:featuredmedia":[{"embeddable":true,"href":"https:\/\/radosnavijest.hr\/shop\/wp-json\/wp\/v2\/media\/1045"}],"wp:attachment":[{"href":"https:\/\/radosnavijest.hr\/shop\/wp-json\/wp\/v2\/media?parent=1043"}],"wp:term":[{"taxonomy":"product_brand","embeddable":true,"href":"https:\/\/radosnavijest.hr\/shop\/wp-json\/wp\/v2\/product_brand?post=1043"},{"taxonomy":"product_cat","embeddable":true,"href":"https:\/\/radosnavijest.hr\/shop\/wp-json\/wp\/v2\/product_cat?post=1043"},{"taxonomy":"product_tag","embeddable":true,"href":"https:\/\/radosnavijest.hr\/shop\/wp-json\/wp\/v2\/product_tag?post=1043"},{"taxonomy":"autor","embeddable":true,"href":"https:\/\/radosnavijest.hr\/shop\/wp-json\/wp\/v2\/autor?post=1043"}],"curies":[{"name":"wp","href":"https:\/\/api.w.org\/{rel}","templated":true}]}}