{"id":117,"date":"2023-08-02T20:44:00","date_gmt":"2023-08-02T18:44:00","guid":{"rendered":"https:\/\/radosnavijest.com\/shop\/?post_type=product&#038;p=117"},"modified":"2023-12-21T18:38:19","modified_gmt":"2023-12-21T17:38:19","slug":"koronavirus","status":"publish","type":"product","link":"https:\/\/radosnavijest.hr\/shop\/product\/koronavirus\/","title":{"rendered":"Koronavirus i Krist"},"content":{"rendered":"<p dir=\"ltr\" data-placeholder=\"Translation\"><span lang=\"hr\">Dana 11. sije\u010dnja 2020. novi koronavirus (COVID-19) uzeo je svoju prvu \u017ertvu u kineskoj provinciji Wuhan. Ve\u0107 11. o\u017eujka 2020. Svjetska zdravstvena organizacija (WHO) proglasila je globalnu pandemiju.\u00a0 Usred ovog straha i nesigurnosti, prirodno je pitati se \u0161to to Bog \u010dini?\u00a0<\/span><\/p>\n<p dir=\"ltr\" data-placeholder=\"Translation\"><span lang=\"hr\">U knjizi\u00a0<em>Koronavirus i Krist<\/em>, John Piper poziva \u010ditatelje \u0161irom svijeta da stanu na \u010dvrstu Stijenu, koja je Isus Krist. U Kristu na\u0161e du\u0161e mo\u017ee uzdr\u017eavati suvereni Bog koji odre\u0111uje, upravlja i vlada nad svim stvarima kako bi postigao svoje mudre i dobre naume s onima koji se pouzdaju u njega.\u00a0<b><br \/>\n\u0160to Bog \u010dini kroz koronavirus?<\/b>\u00a0Piper nudi \u0161est biblijskih odgovora na ovo pitanje, pokazuju\u0107i nam da je Bog na djelu u ovom povijesnom trenutku.\u00a0<\/span><\/p>\n<p dir=\"ltr\" data-placeholder=\"Translation\">Hrvatsko izdanje ove knjige dostupno je besplatno zahvaljuju\u0107i suradnji organizacija\u00a0<a href=\"http:\/\/www.epc.hr\/hr\/izdavastvo\/knjige\/izvori\/\" target=\"_blank\" rel=\"noopener\">Izvori<\/a>,\u00a0<a href=\"http:\/\/www.euroliber.hr\/\" target=\"_blank\" rel=\"noopener\">Euroliber<\/a>,\u00a0<a href=\"http:\/\/www.tgc-see.com\/\" target=\"_blank\" rel=\"noopener\">TGC southeast Europe<\/a>, te\u00a0<a href=\"http:\/\/www.desiringgod.org\/\" target=\"_blank\" rel=\"noopener\">Desiring God<\/a>.<\/p>\n","protected":false},"excerpt":{"rendered":"<p><span lang=\"hr\">U knjizi\u00a0<em>Koronavirus i Krist<\/em>, John Piper poziva \u010ditatelje \u0161irom svijeta da stanu na \u010dvrstu Stijenu, koja je Isus Krist. U Kristu na\u0161e du\u0161e mo\u017ee uzdr\u017eavati suvereni Bog koji odre\u0111uje, upravlja i vlada nad svim stvarima kako bi postigao svoje mudre i dobre naume s onima koji se pouzdaju u njega.\u00a0<\/span><\/p>\n<p>Format: PDF<br \/>\nBroj stranica: 98<\/p>\n<p><strong><a href=\"http:\/\/www.radosnavijest.com\/wp-content\/uploads\/2020\/05\/Koronavirus-i-Krist-John-Piper.pdf\" target=\"_blank\" rel=\"noopener\">Preuzmite knjigu<\/a><\/strong><\/p>\n","protected":false},"featured_media":419,"template":"","meta":[],"product_brand":[],"product_cat":[35],"product_tag":[47],"autor":[32],"class_list":{"0":"post-117","1":"product","2":"type-product","3":"status-publish","4":"has-post-thumbnail","6":"product_cat-krscanstvo","7":"product_tag-pdf","8":"autor-john-piper","10":"first","11":"outofstock","12":"downloadable","13":"virtual","14":"purchasable","15":"product-type-simple"},"yoast_head":"<!-- This site is optimized with the Yoast SEO plugin v27.4 - https:\/\/yoast.com\/product\/yoast-seo-wordpress\/ -->\n<title>Koronavirus i Krist<\/title>\n<meta name=\"description\" content=\"U knjizi\u00a0Koronavirus i Krist, John Piper poziva \u010ditatelje \u0161irom svijeta da stanu na \u010dvrstu Stijenu, koja je Isus Krist. U Kristu na\u0161e du\u0161e mo\u017ee uzdr\u017eavati suvereni Bog koji odre\u0111uje, upravlja i vlada nad svim stvarima kako bi postigao svoje mudre i dobre naume s onima koji se pouzdaju u njega.\u00a0\" \/>\n<meta name=\"robots\" content=\"index, follow, max-snippet:-1, max-image-preview:large, max-video-preview:-1\" \/>\n<link rel=\"canonical\" href=\"https:\/\/radosnavijest.hr\/shop\/product\/koronavirus\/\" \/>\n<meta property=\"og:locale\" content=\"hr_HR\" \/>\n<meta property=\"og:type\" content=\"article\" \/>\n<meta property=\"og:title\" content=\"Koronavirus i Krist\" \/>\n<meta property=\"og:description\" content=\"U knjizi\u00a0Koronavirus i Krist, John Piper poziva \u010ditatelje \u0161irom svijeta da stanu na \u010dvrstu Stijenu, koja je Isus Krist. U Kristu na\u0161e du\u0161e mo\u017ee uzdr\u017eavati suvereni Bog koji odre\u0111uje, upravlja i vlada nad svim stvarima kako bi postigao svoje mudre i dobre naume s onima koji se pouzdaju u njega.\u00a0\" \/>\n<meta property=\"og:url\" content=\"https:\/\/radosnavijest.hr\/shop\/product\/koronavirus\/\" \/>\n<meta property=\"og:site_name\" content=\"Radosna vijest\" \/>\n<meta property=\"article:modified_time\" content=\"2023-12-21T17:38:19+00:00\" \/>\n<meta property=\"og:image\" content=\"https:\/\/radosnavijest.hr\/shop\/wp-content\/uploads\/2023\/09\/koronavirus-front.jpg\" \/>\n\t<meta property=\"og:image:width\" content=\"824\" \/>\n\t<meta property=\"og:image:height\" content=\"1200\" \/>\n\t<meta property=\"og:image:type\" content=\"image\/jpeg\" \/>\n<meta name=\"twitter:card\" content=\"summary_large_image\" \/>\n<meta name=\"twitter:label1\" content=\"Procijenjeno vrijeme \u010ditanja\" \/>\n\t<meta name=\"twitter:data1\" content=\"1 minuta\" \/>\n<script type=\"application\/ld+json\" class=\"yoast-schema-graph\">{\"@context\":\"https:\\\/\\\/schema.org\",\"@graph\":[{\"@type\":\"WebPage\",\"@id\":\"https:\\\/\\\/radosnavijest.hr\\\/shop\\\/product\\\/koronavirus\\\/\",\"url\":\"https:\\\/\\\/radosnavijest.hr\\\/shop\\\/product\\\/koronavirus\\\/\",\"name\":\"Koronavirus i Krist\",\"isPartOf\":{\"@id\":\"https:\\\/\\\/radosnavijest.hr\\\/shop\\\/#website\"},\"primaryImageOfPage\":{\"@id\":\"https:\\\/\\\/radosnavijest.hr\\\/shop\\\/product\\\/koronavirus\\\/#primaryimage\"},\"image\":{\"@id\":\"https:\\\/\\\/radosnavijest.hr\\\/shop\\\/product\\\/koronavirus\\\/#primaryimage\"},\"thumbnailUrl\":\"https:\\\/\\\/radosnavijest.hr\\\/shop\\\/wp-content\\\/uploads\\\/2023\\\/09\\\/koronavirus-front.jpg\",\"datePublished\":\"2023-08-02T18:44:00+00:00\",\"dateModified\":\"2023-12-21T17:38:19+00:00\",\"description\":\"U knjizi\u00a0Koronavirus i Krist, John Piper poziva \u010ditatelje \u0161irom svijeta da stanu na \u010dvrstu Stijenu, koja je Isus Krist. U Kristu na\u0161e du\u0161e mo\u017ee uzdr\u017eavati suvereni Bog koji odre\u0111uje, upravlja i vlada nad svim stvarima kako bi postigao svoje mudre i dobre naume s onima koji se pouzdaju u njega.\u00a0\",\"breadcrumb\":{\"@id\":\"https:\\\/\\\/radosnavijest.hr\\\/shop\\\/product\\\/koronavirus\\\/#breadcrumb\"},\"inLanguage\":\"hr\",\"potentialAction\":[{\"@type\":\"ReadAction\",\"target\":[\"https:\\\/\\\/radosnavijest.hr\\\/shop\\\/product\\\/koronavirus\\\/\"]}]},{\"@type\":\"ImageObject\",\"inLanguage\":\"hr\",\"@id\":\"https:\\\/\\\/radosnavijest.hr\\\/shop\\\/product\\\/koronavirus\\\/#primaryimage\",\"url\":\"https:\\\/\\\/radosnavijest.hr\\\/shop\\\/wp-content\\\/uploads\\\/2023\\\/09\\\/koronavirus-front.jpg\",\"contentUrl\":\"https:\\\/\\\/radosnavijest.hr\\\/shop\\\/wp-content\\\/uploads\\\/2023\\\/09\\\/koronavirus-front.jpg\",\"width\":824,\"height\":1200},{\"@type\":\"BreadcrumbList\",\"@id\":\"https:\\\/\\\/radosnavijest.hr\\\/shop\\\/product\\\/koronavirus\\\/#breadcrumb\",\"itemListElement\":[{\"@type\":\"ListItem\",\"position\":1,\"name\":\"Po\u010detna\",\"item\":\"https:\\\/\\\/radosnavijest.hr\\\/shop\\\/\"},{\"@type\":\"ListItem\",\"position\":2,\"name\":\"Knjige\",\"item\":\"https:\\\/\\\/radosnavijest.hr\\\/shop\\\/\"},{\"@type\":\"ListItem\",\"position\":3,\"name\":\"Koronavirus i Krist\"}]},{\"@type\":\"WebSite\",\"@id\":\"https:\\\/\\\/radosnavijest.hr\\\/shop\\\/#website\",\"url\":\"https:\\\/\\\/radosnavijest.hr\\\/shop\\\/\",\"name\":\"Radosna vijest\",\"description\":\"Knjige\",\"publisher\":{\"@id\":\"https:\\\/\\\/radosnavijest.hr\\\/shop\\\/#organization\"},\"potentialAction\":[{\"@type\":\"SearchAction\",\"target\":{\"@type\":\"EntryPoint\",\"urlTemplate\":\"https:\\\/\\\/radosnavijest.hr\\\/shop\\\/?s={search_term_string}\"},\"query-input\":{\"@type\":\"PropertyValueSpecification\",\"valueRequired\":true,\"valueName\":\"search_term_string\"}}],\"inLanguage\":\"hr\"},{\"@type\":\"Organization\",\"@id\":\"https:\\\/\\\/radosnavijest.hr\\\/shop\\\/#organization\",\"name\":\"Radosna vijest\",\"url\":\"https:\\\/\\\/radosnavijest.hr\\\/shop\\\/\",\"logo\":{\"@type\":\"ImageObject\",\"inLanguage\":\"hr\",\"@id\":\"https:\\\/\\\/radosnavijest.hr\\\/shop\\\/#\\\/schema\\\/logo\\\/image\\\/\",\"url\":\"https:\\\/\\\/radosnavijest.hr\\\/shop\\\/wp-content\\\/uploads\\\/2023\\\/08\\\/cropped-RV-logo-RGB_web.png\",\"contentUrl\":\"https:\\\/\\\/radosnavijest.hr\\\/shop\\\/wp-content\\\/uploads\\\/2023\\\/08\\\/cropped-RV-logo-RGB_web.png\",\"width\":600,\"height\":232,\"caption\":\"Radosna vijest\"},\"image\":{\"@id\":\"https:\\\/\\\/radosnavijest.hr\\\/shop\\\/#\\\/schema\\\/logo\\\/image\\\/\"}}]}<\/script>\n<!-- \/ Yoast SEO plugin. -->","yoast_head_json":{"title":"Koronavirus i Krist","description":"U knjizi\u00a0Koronavirus i Krist, John Piper poziva \u010ditatelje \u0161irom svijeta da stanu na \u010dvrstu Stijenu, koja je Isus Krist. U Kristu na\u0161e du\u0161e mo\u017ee uzdr\u017eavati suvereni Bog koji odre\u0111uje, upravlja i vlada nad svim stvarima kako bi postigao svoje mudre i dobre naume s onima koji se pouzdaju u njega.\u00a0","robots":{"index":"index","follow":"follow","max-snippet":"max-snippet:-1","max-image-preview":"max-image-preview:large","max-video-preview":"max-video-preview:-1"},"canonical":"https:\/\/radosnavijest.hr\/shop\/product\/koronavirus\/","og_locale":"hr_HR","og_type":"article","og_title":"Koronavirus i Krist","og_description":"U knjizi\u00a0Koronavirus i Krist, John Piper poziva \u010ditatelje \u0161irom svijeta da stanu na \u010dvrstu Stijenu, koja je Isus Krist. U Kristu na\u0161e du\u0161e mo\u017ee uzdr\u017eavati suvereni Bog koji odre\u0111uje, upravlja i vlada nad svim stvarima kako bi postigao svoje mudre i dobre naume s onima koji se pouzdaju u njega.\u00a0","og_url":"https:\/\/radosnavijest.hr\/shop\/product\/koronavirus\/","og_site_name":"Radosna vijest","article_modified_time":"2023-12-21T17:38:19+00:00","og_image":[{"width":824,"height":1200,"url":"https:\/\/radosnavijest.hr\/shop\/wp-content\/uploads\/2023\/09\/koronavirus-front.jpg","type":"image\/jpeg"}],"twitter_card":"summary_large_image","twitter_misc":{"Procijenjeno vrijeme \u010ditanja":"1 minuta"},"schema":{"@context":"https:\/\/schema.org","@graph":[{"@type":"WebPage","@id":"https:\/\/radosnavijest.hr\/shop\/product\/koronavirus\/","url":"https:\/\/radosnavijest.hr\/shop\/product\/koronavirus\/","name":"Koronavirus i Krist","isPartOf":{"@id":"https:\/\/radosnavijest.hr\/shop\/#website"},"primaryImageOfPage":{"@id":"https:\/\/radosnavijest.hr\/shop\/product\/koronavirus\/#primaryimage"},"image":{"@id":"https:\/\/radosnavijest.hr\/shop\/product\/koronavirus\/#primaryimage"},"thumbnailUrl":"https:\/\/radosnavijest.hr\/shop\/wp-content\/uploads\/2023\/09\/koronavirus-front.jpg","datePublished":"2023-08-02T18:44:00+00:00","dateModified":"2023-12-21T17:38:19+00:00","description":"U knjizi\u00a0Koronavirus i Krist, John Piper poziva \u010ditatelje \u0161irom svijeta da stanu na \u010dvrstu Stijenu, koja je Isus Krist. U Kristu na\u0161e du\u0161e mo\u017ee uzdr\u017eavati suvereni Bog koji odre\u0111uje, upravlja i vlada nad svim stvarima kako bi postigao svoje mudre i dobre naume s onima koji se pouzdaju u njega.\u00a0","breadcrumb":{"@id":"https:\/\/radosnavijest.hr\/shop\/product\/koronavirus\/#breadcrumb"},"inLanguage":"hr","potentialAction":[{"@type":"ReadAction","target":["https:\/\/radosnavijest.hr\/shop\/product\/koronavirus\/"]}]},{"@type":"ImageObject","inLanguage":"hr","@id":"https:\/\/radosnavijest.hr\/shop\/product\/koronavirus\/#primaryimage","url":"https:\/\/radosnavijest.hr\/shop\/wp-content\/uploads\/2023\/09\/koronavirus-front.jpg","contentUrl":"https:\/\/radosnavijest.hr\/shop\/wp-content\/uploads\/2023\/09\/koronavirus-front.jpg","width":824,"height":1200},{"@type":"BreadcrumbList","@id":"https:\/\/radosnavijest.hr\/shop\/product\/koronavirus\/#breadcrumb","itemListElement":[{"@type":"ListItem","position":1,"name":"Po\u010detna","item":"https:\/\/radosnavijest.hr\/shop\/"},{"@type":"ListItem","position":2,"name":"Knjige","item":"https:\/\/radosnavijest.hr\/shop\/"},{"@type":"ListItem","position":3,"name":"Koronavirus i Krist"}]},{"@type":"WebSite","@id":"https:\/\/radosnavijest.hr\/shop\/#website","url":"https:\/\/radosnavijest.hr\/shop\/","name":"Radosna vijest","description":"Knjige","publisher":{"@id":"https:\/\/radosnavijest.hr\/shop\/#organization"},"potentialAction":[{"@type":"SearchAction","target":{"@type":"EntryPoint","urlTemplate":"https:\/\/radosnavijest.hr\/shop\/?s={search_term_string}"},"query-input":{"@type":"PropertyValueSpecification","valueRequired":true,"valueName":"search_term_string"}}],"inLanguage":"hr"},{"@type":"Organization","@id":"https:\/\/radosnavijest.hr\/shop\/#organization","name":"Radosna vijest","url":"https:\/\/radosnavijest.hr\/shop\/","logo":{"@type":"ImageObject","inLanguage":"hr","@id":"https:\/\/radosnavijest.hr\/shop\/#\/schema\/logo\/image\/","url":"https:\/\/radosnavijest.hr\/shop\/wp-content\/uploads\/2023\/08\/cropped-RV-logo-RGB_web.png","contentUrl":"https:\/\/radosnavijest.hr\/shop\/wp-content\/uploads\/2023\/08\/cropped-RV-logo-RGB_web.png","width":600,"height":232,"caption":"Radosna vijest"},"image":{"@id":"https:\/\/radosnavijest.hr\/shop\/#\/schema\/logo\/image\/"}}]}},"_links":{"self":[{"href":"https:\/\/radosnavijest.hr\/shop\/wp-json\/wp\/v2\/product\/117","targetHints":{"allow":["GET"]}}],"collection":[{"href":"https:\/\/radosnavijest.hr\/shop\/wp-json\/wp\/v2\/product"}],"about":[{"href":"https:\/\/radosnavijest.hr\/shop\/wp-json\/wp\/v2\/types\/product"}],"wp:featuredmedia":[{"embeddable":true,"href":"https:\/\/radosnavijest.hr\/shop\/wp-json\/wp\/v2\/media\/419"}],"wp:attachment":[{"href":"https:\/\/radosnavijest.hr\/shop\/wp-json\/wp\/v2\/media?parent=117"}],"wp:term":[{"taxonomy":"product_brand","embeddable":true,"href":"https:\/\/radosnavijest.hr\/shop\/wp-json\/wp\/v2\/product_brand?post=117"},{"taxonomy":"product_cat","embeddable":true,"href":"https:\/\/radosnavijest.hr\/shop\/wp-json\/wp\/v2\/product_cat?post=117"},{"taxonomy":"product_tag","embeddable":true,"href":"https:\/\/radosnavijest.hr\/shop\/wp-json\/wp\/v2\/product_tag?post=117"},{"taxonomy":"autor","embeddable":true,"href":"https:\/\/radosnavijest.hr\/shop\/wp-json\/wp\/v2\/autor?post=117"}],"curies":[{"name":"wp","href":"https:\/\/api.w.org\/{rel}","templated":true}]}}