{"id":118,"date":"2023-08-02T20:44:42","date_gmt":"2023-08-02T18:44:42","guid":{"rendered":"https:\/\/radosnavijest.com\/shop\/?post_type=product&#038;p=118"},"modified":"2023-12-21T18:40:42","modified_gmt":"2023-12-21T17:40:42","slug":"prorostvo-iz-sredista","status":"publish","type":"product","link":"https:\/\/radosnavijest.hr\/shop\/product\/prorostvo-iz-sredista\/","title":{"rendered":"Proro\u0161tvo iz sredi\u0161ta"},"content":{"rendered":"<p>U ovom zna\u010dajnom pozivu na evan\u0111eosku reformu, D. A. Carson tvrdi da ako sporedna pitanja ovladaju na\u0161im te\u017enjama, u opasnosti smo staviti evan\u0111elje na stranu.\u00a0 Mo\u017eda \u0107mo mo\u0107i uvjerljivo argumentirati kako bismo trebali \u017eivjeti, ali ako na\u0161i argumenti nisu ukorijenjeni u evan\u0111elju, onda ne govorimo Bo\u017eju istinu.<\/p>\n<p>Carson nam pokazuje da ako je evan\u0111elje u sredi\u0161tu, prioritetno i promi\u0161ljeno, tada nas ono sna\u017eno usmjerava kako promi\u0161ljati o svemu ostalom. Zapravo, najbolji na\u010din kako Bo\u017eju istinu primijeniti sporednim pitanjima jest \u010dvrsto stajati na evan\u0111elju.<\/p>\n","protected":false},"excerpt":{"rendered":"<p>Carson nam pokazuje da ako je evan\u0111elje u sredi\u0161tu, prioritetno i promi\u0161ljeno, tada nas ono sna\u017eno usmjerava kako promi\u0161ljati o svemu ostalom. Zapravo, najbolji na\u010din kako Bo\u017eju istinu primijeniti sporednim pitanjima jest \u010dvrsto stajati na evan\u0111elju.<\/p>\n<p>Format: PDF<br \/>\nBroj stranica: 48<\/p>\n<p><strong><a href=\"https:\/\/www.radosnavijest.com\/wp-content\/uploads\/2020\/11\/Prorostvo_iz_sredista.pdf\" target=\"_blank\" rel=\"noopener\">Preuzmite knjigu<\/a><\/strong><\/p>\n","protected":false},"featured_media":421,"template":"","meta":[],"product_brand":[],"product_cat":[35],"product_tag":[47],"autor":[34],"class_list":{"0":"post-118","1":"product","2":"type-product","3":"status-publish","4":"has-post-thumbnail","6":"product_cat-krscanstvo","7":"product_tag-pdf","8":"autor-d-a-carson","10":"first","11":"outofstock","12":"downloadable","13":"virtual","14":"purchasable","15":"product-type-simple"},"yoast_head":"<!-- This site is optimized with the Yoast SEO plugin v27.5 - https:\/\/yoast.com\/product\/yoast-seo-wordpress\/ -->\n<title>Proro\u0161tvo iz sredi\u0161ta - Radosna vijest<\/title>\n<meta name=\"description\" content=\"U ovom zna\u010dajnom pozivu na evan\u0111eosku reformu, D. A. Carson tvrdi da ako sporedna pitanja ovladaju na\u0161im te\u017enjama, u opasnosti smo staviti evan\u0111elje na stranu.\u00a0 Mo\u017eda \u0107mo mo\u0107i uvjerljivo argumentirati kako bismo trebali \u017eivjeti, ali ako na\u0161i argumenti nisu ukorijenjeni u evan\u0111elju, onda ne govorimo Bo\u017eju istinu.\" \/>\n<meta name=\"robots\" content=\"index, follow, max-snippet:-1, max-image-preview:large, max-video-preview:-1\" \/>\n<link rel=\"canonical\" href=\"https:\/\/radosnavijest.hr\/shop\/product\/prorostvo-iz-sredista\/\" \/>\n<meta property=\"og:locale\" content=\"hr_HR\" \/>\n<meta property=\"og:type\" content=\"article\" \/>\n<meta property=\"og:title\" content=\"Proro\u0161tvo iz sredi\u0161ta - Radosna vijest\" \/>\n<meta property=\"og:description\" content=\"U ovom zna\u010dajnom pozivu na evan\u0111eosku reformu, D. A. Carson tvrdi da ako sporedna pitanja ovladaju na\u0161im te\u017enjama, u opasnosti smo staviti evan\u0111elje na stranu.\u00a0 Mo\u017eda \u0107mo mo\u0107i uvjerljivo argumentirati kako bismo trebali \u017eivjeti, ali ako na\u0161i argumenti nisu ukorijenjeni u evan\u0111elju, onda ne govorimo Bo\u017eju istinu.\" \/>\n<meta property=\"og:url\" content=\"https:\/\/radosnavijest.hr\/shop\/product\/prorostvo-iz-sredista\/\" \/>\n<meta property=\"og:site_name\" content=\"Radosna vijest\" \/>\n<meta property=\"article:modified_time\" content=\"2023-12-21T17:40:42+00:00\" \/>\n<meta property=\"og:image\" content=\"https:\/\/radosnavijest.hr\/shop\/wp-content\/uploads\/2023\/09\/prorostvo-iz-sredista-front.jpg\" \/>\n\t<meta property=\"og:image:width\" content=\"824\" \/>\n\t<meta property=\"og:image:height\" content=\"1200\" \/>\n\t<meta property=\"og:image:type\" content=\"image\/jpeg\" \/>\n<meta name=\"twitter:card\" content=\"summary_large_image\" \/>\n<meta name=\"twitter:label1\" content=\"Procijenjeno vrijeme \u010ditanja\" \/>\n\t<meta name=\"twitter:data1\" content=\"1 minuta\" \/>\n<script type=\"application\/ld+json\" class=\"yoast-schema-graph\">{\"@context\":\"https:\\\/\\\/schema.org\",\"@graph\":[{\"@type\":\"WebPage\",\"@id\":\"https:\\\/\\\/radosnavijest.hr\\\/shop\\\/product\\\/prorostvo-iz-sredista\\\/\",\"url\":\"https:\\\/\\\/radosnavijest.hr\\\/shop\\\/product\\\/prorostvo-iz-sredista\\\/\",\"name\":\"Proro\u0161tvo iz sredi\u0161ta - Radosna vijest\",\"isPartOf\":{\"@id\":\"https:\\\/\\\/radosnavijest.hr\\\/shop\\\/#website\"},\"primaryImageOfPage\":{\"@id\":\"https:\\\/\\\/radosnavijest.hr\\\/shop\\\/product\\\/prorostvo-iz-sredista\\\/#primaryimage\"},\"image\":{\"@id\":\"https:\\\/\\\/radosnavijest.hr\\\/shop\\\/product\\\/prorostvo-iz-sredista\\\/#primaryimage\"},\"thumbnailUrl\":\"https:\\\/\\\/radosnavijest.hr\\\/shop\\\/wp-content\\\/uploads\\\/2023\\\/09\\\/prorostvo-iz-sredista-front.jpg\",\"datePublished\":\"2023-08-02T18:44:42+00:00\",\"dateModified\":\"2023-12-21T17:40:42+00:00\",\"description\":\"U ovom zna\u010dajnom pozivu na evan\u0111eosku reformu, D. A. Carson tvrdi da ako sporedna pitanja ovladaju na\u0161im te\u017enjama, u opasnosti smo staviti evan\u0111elje na stranu.\u00a0 Mo\u017eda \u0107mo mo\u0107i uvjerljivo argumentirati kako bismo trebali \u017eivjeti, ali ako na\u0161i argumenti nisu ukorijenjeni u evan\u0111elju, onda ne govorimo Bo\u017eju istinu.\",\"breadcrumb\":{\"@id\":\"https:\\\/\\\/radosnavijest.hr\\\/shop\\\/product\\\/prorostvo-iz-sredista\\\/#breadcrumb\"},\"inLanguage\":\"hr\",\"potentialAction\":[{\"@type\":\"ReadAction\",\"target\":[\"https:\\\/\\\/radosnavijest.hr\\\/shop\\\/product\\\/prorostvo-iz-sredista\\\/\"]}]},{\"@type\":\"ImageObject\",\"inLanguage\":\"hr\",\"@id\":\"https:\\\/\\\/radosnavijest.hr\\\/shop\\\/product\\\/prorostvo-iz-sredista\\\/#primaryimage\",\"url\":\"https:\\\/\\\/radosnavijest.hr\\\/shop\\\/wp-content\\\/uploads\\\/2023\\\/09\\\/prorostvo-iz-sredista-front.jpg\",\"contentUrl\":\"https:\\\/\\\/radosnavijest.hr\\\/shop\\\/wp-content\\\/uploads\\\/2023\\\/09\\\/prorostvo-iz-sredista-front.jpg\",\"width\":824,\"height\":1200},{\"@type\":\"BreadcrumbList\",\"@id\":\"https:\\\/\\\/radosnavijest.hr\\\/shop\\\/product\\\/prorostvo-iz-sredista\\\/#breadcrumb\",\"itemListElement\":[{\"@type\":\"ListItem\",\"position\":1,\"name\":\"Po\u010detna\",\"item\":\"https:\\\/\\\/radosnavijest.hr\\\/shop\\\/\"},{\"@type\":\"ListItem\",\"position\":2,\"name\":\"Knjige\",\"item\":\"https:\\\/\\\/radosnavijest.hr\\\/shop\\\/\"},{\"@type\":\"ListItem\",\"position\":3,\"name\":\"Proro\u0161tvo iz sredi\u0161ta\"}]},{\"@type\":\"WebSite\",\"@id\":\"https:\\\/\\\/radosnavijest.hr\\\/shop\\\/#website\",\"url\":\"https:\\\/\\\/radosnavijest.hr\\\/shop\\\/\",\"name\":\"Radosna vijest\",\"description\":\"Knjige\",\"publisher\":{\"@id\":\"https:\\\/\\\/radosnavijest.hr\\\/shop\\\/#organization\"},\"potentialAction\":[{\"@type\":\"SearchAction\",\"target\":{\"@type\":\"EntryPoint\",\"urlTemplate\":\"https:\\\/\\\/radosnavijest.hr\\\/shop\\\/?s={search_term_string}\"},\"query-input\":{\"@type\":\"PropertyValueSpecification\",\"valueRequired\":true,\"valueName\":\"search_term_string\"}}],\"inLanguage\":\"hr\"},{\"@type\":\"Organization\",\"@id\":\"https:\\\/\\\/radosnavijest.hr\\\/shop\\\/#organization\",\"name\":\"Radosna vijest\",\"url\":\"https:\\\/\\\/radosnavijest.hr\\\/shop\\\/\",\"logo\":{\"@type\":\"ImageObject\",\"inLanguage\":\"hr\",\"@id\":\"https:\\\/\\\/radosnavijest.hr\\\/shop\\\/#\\\/schema\\\/logo\\\/image\\\/\",\"url\":\"https:\\\/\\\/radosnavijest.hr\\\/shop\\\/wp-content\\\/uploads\\\/2023\\\/08\\\/cropped-RV-logo-RGB_web.png\",\"contentUrl\":\"https:\\\/\\\/radosnavijest.hr\\\/shop\\\/wp-content\\\/uploads\\\/2023\\\/08\\\/cropped-RV-logo-RGB_web.png\",\"width\":600,\"height\":232,\"caption\":\"Radosna vijest\"},\"image\":{\"@id\":\"https:\\\/\\\/radosnavijest.hr\\\/shop\\\/#\\\/schema\\\/logo\\\/image\\\/\"}}]}<\/script>\n<!-- \/ Yoast SEO plugin. -->","yoast_head_json":{"title":"Proro\u0161tvo iz sredi\u0161ta - Radosna vijest","description":"U ovom zna\u010dajnom pozivu na evan\u0111eosku reformu, D. A. Carson tvrdi da ako sporedna pitanja ovladaju na\u0161im te\u017enjama, u opasnosti smo staviti evan\u0111elje na stranu.\u00a0 Mo\u017eda \u0107mo mo\u0107i uvjerljivo argumentirati kako bismo trebali \u017eivjeti, ali ako na\u0161i argumenti nisu ukorijenjeni u evan\u0111elju, onda ne govorimo Bo\u017eju istinu.","robots":{"index":"index","follow":"follow","max-snippet":"max-snippet:-1","max-image-preview":"max-image-preview:large","max-video-preview":"max-video-preview:-1"},"canonical":"https:\/\/radosnavijest.hr\/shop\/product\/prorostvo-iz-sredista\/","og_locale":"hr_HR","og_type":"article","og_title":"Proro\u0161tvo iz sredi\u0161ta - Radosna vijest","og_description":"U ovom zna\u010dajnom pozivu na evan\u0111eosku reformu, D. A. Carson tvrdi da ako sporedna pitanja ovladaju na\u0161im te\u017enjama, u opasnosti smo staviti evan\u0111elje na stranu.\u00a0 Mo\u017eda \u0107mo mo\u0107i uvjerljivo argumentirati kako bismo trebali \u017eivjeti, ali ako na\u0161i argumenti nisu ukorijenjeni u evan\u0111elju, onda ne govorimo Bo\u017eju istinu.","og_url":"https:\/\/radosnavijest.hr\/shop\/product\/prorostvo-iz-sredista\/","og_site_name":"Radosna vijest","article_modified_time":"2023-12-21T17:40:42+00:00","og_image":[{"width":824,"height":1200,"url":"https:\/\/radosnavijest.hr\/shop\/wp-content\/uploads\/2023\/09\/prorostvo-iz-sredista-front.jpg","type":"image\/jpeg"}],"twitter_card":"summary_large_image","twitter_misc":{"Procijenjeno vrijeme \u010ditanja":"1 minuta"},"schema":{"@context":"https:\/\/schema.org","@graph":[{"@type":"WebPage","@id":"https:\/\/radosnavijest.hr\/shop\/product\/prorostvo-iz-sredista\/","url":"https:\/\/radosnavijest.hr\/shop\/product\/prorostvo-iz-sredista\/","name":"Proro\u0161tvo iz sredi\u0161ta - Radosna vijest","isPartOf":{"@id":"https:\/\/radosnavijest.hr\/shop\/#website"},"primaryImageOfPage":{"@id":"https:\/\/radosnavijest.hr\/shop\/product\/prorostvo-iz-sredista\/#primaryimage"},"image":{"@id":"https:\/\/radosnavijest.hr\/shop\/product\/prorostvo-iz-sredista\/#primaryimage"},"thumbnailUrl":"https:\/\/radosnavijest.hr\/shop\/wp-content\/uploads\/2023\/09\/prorostvo-iz-sredista-front.jpg","datePublished":"2023-08-02T18:44:42+00:00","dateModified":"2023-12-21T17:40:42+00:00","description":"U ovom zna\u010dajnom pozivu na evan\u0111eosku reformu, D. A. Carson tvrdi da ako sporedna pitanja ovladaju na\u0161im te\u017enjama, u opasnosti smo staviti evan\u0111elje na stranu.\u00a0 Mo\u017eda \u0107mo mo\u0107i uvjerljivo argumentirati kako bismo trebali \u017eivjeti, ali ako na\u0161i argumenti nisu ukorijenjeni u evan\u0111elju, onda ne govorimo Bo\u017eju istinu.","breadcrumb":{"@id":"https:\/\/radosnavijest.hr\/shop\/product\/prorostvo-iz-sredista\/#breadcrumb"},"inLanguage":"hr","potentialAction":[{"@type":"ReadAction","target":["https:\/\/radosnavijest.hr\/shop\/product\/prorostvo-iz-sredista\/"]}]},{"@type":"ImageObject","inLanguage":"hr","@id":"https:\/\/radosnavijest.hr\/shop\/product\/prorostvo-iz-sredista\/#primaryimage","url":"https:\/\/radosnavijest.hr\/shop\/wp-content\/uploads\/2023\/09\/prorostvo-iz-sredista-front.jpg","contentUrl":"https:\/\/radosnavijest.hr\/shop\/wp-content\/uploads\/2023\/09\/prorostvo-iz-sredista-front.jpg","width":824,"height":1200},{"@type":"BreadcrumbList","@id":"https:\/\/radosnavijest.hr\/shop\/product\/prorostvo-iz-sredista\/#breadcrumb","itemListElement":[{"@type":"ListItem","position":1,"name":"Po\u010detna","item":"https:\/\/radosnavijest.hr\/shop\/"},{"@type":"ListItem","position":2,"name":"Knjige","item":"https:\/\/radosnavijest.hr\/shop\/"},{"@type":"ListItem","position":3,"name":"Proro\u0161tvo iz sredi\u0161ta"}]},{"@type":"WebSite","@id":"https:\/\/radosnavijest.hr\/shop\/#website","url":"https:\/\/radosnavijest.hr\/shop\/","name":"Radosna vijest","description":"Knjige","publisher":{"@id":"https:\/\/radosnavijest.hr\/shop\/#organization"},"potentialAction":[{"@type":"SearchAction","target":{"@type":"EntryPoint","urlTemplate":"https:\/\/radosnavijest.hr\/shop\/?s={search_term_string}"},"query-input":{"@type":"PropertyValueSpecification","valueRequired":true,"valueName":"search_term_string"}}],"inLanguage":"hr"},{"@type":"Organization","@id":"https:\/\/radosnavijest.hr\/shop\/#organization","name":"Radosna vijest","url":"https:\/\/radosnavijest.hr\/shop\/","logo":{"@type":"ImageObject","inLanguage":"hr","@id":"https:\/\/radosnavijest.hr\/shop\/#\/schema\/logo\/image\/","url":"https:\/\/radosnavijest.hr\/shop\/wp-content\/uploads\/2023\/08\/cropped-RV-logo-RGB_web.png","contentUrl":"https:\/\/radosnavijest.hr\/shop\/wp-content\/uploads\/2023\/08\/cropped-RV-logo-RGB_web.png","width":600,"height":232,"caption":"Radosna vijest"},"image":{"@id":"https:\/\/radosnavijest.hr\/shop\/#\/schema\/logo\/image\/"}}]}},"_links":{"self":[{"href":"https:\/\/radosnavijest.hr\/shop\/wp-json\/wp\/v2\/product\/118","targetHints":{"allow":["GET"]}}],"collection":[{"href":"https:\/\/radosnavijest.hr\/shop\/wp-json\/wp\/v2\/product"}],"about":[{"href":"https:\/\/radosnavijest.hr\/shop\/wp-json\/wp\/v2\/types\/product"}],"wp:featuredmedia":[{"embeddable":true,"href":"https:\/\/radosnavijest.hr\/shop\/wp-json\/wp\/v2\/media\/421"}],"wp:attachment":[{"href":"https:\/\/radosnavijest.hr\/shop\/wp-json\/wp\/v2\/media?parent=118"}],"wp:term":[{"taxonomy":"product_brand","embeddable":true,"href":"https:\/\/radosnavijest.hr\/shop\/wp-json\/wp\/v2\/product_brand?post=118"},{"taxonomy":"product_cat","embeddable":true,"href":"https:\/\/radosnavijest.hr\/shop\/wp-json\/wp\/v2\/product_cat?post=118"},{"taxonomy":"product_tag","embeddable":true,"href":"https:\/\/radosnavijest.hr\/shop\/wp-json\/wp\/v2\/product_tag?post=118"},{"taxonomy":"autor","embeddable":true,"href":"https:\/\/radosnavijest.hr\/shop\/wp-json\/wp\/v2\/autor?post=118"}],"curies":[{"name":"wp","href":"https:\/\/api.w.org\/{rel}","templated":true}]}}