{"id":119,"date":"2025-01-22T14:45:27","date_gmt":"2025-01-22T13:45:27","guid":{"rendered":"https:\/\/radosnavijest.com\/shop\/?post_type=product&#038;p=119"},"modified":"2025-04-14T17:42:53","modified_gmt":"2025-04-14T15:42:53","slug":"sloboda-samozaborava","status":"publish","type":"product","link":"https:\/\/radosnavijest.hr\/shop\/product\/sloboda-samozaborava\/","title":{"rendered":"Sloboda samozaborava"},"content":{"rendered":"<p><strong><i>Sloboda samozaborava<\/i><\/strong><span style=\"font-weight: 400;\"> autora Timothyja Kellera istra\u017euje poniznosti u kontekstu evan\u0111elja Isusa Krista. Keller u ovoj poticajnoj knjizi iznosi duboka zapa\u017eanja o egu i poniznosti u svjetlu kr\u0161\u0107anske vjere te o njezinu utjecaju na \u010dovjekovo vi\u0111enje samog sebe. Kroz prizmu evan\u0111elja, isti\u010de sredi\u0161nju ulogu Isusa Krista u preobrazbi na\u0161eg razumijevanja vlastite vrijednosti i identiteta.<\/span><\/p>\n<p><span style=\"font-weight: 400;\">Kellerova nas knjiga u\u010di o samoobziru i vi\u0111enju\u00a0 sebe te poziva da se vratimo biblijskoj perspektivi, u kojoj Isusova \u017ertva i njegove rije\u010di postaju temeljem na\u0161ega razumijevanja samih sebe. Isti\u010de da se prava sloboda nalazi u prihva\u0107anju poniznosti koju je Isus Krist o\u010ditovao kroz slu\u017eenje i \u017ertvu te dopu\u0161tanju da takav svjetonazor oblikuje na\u0161e odnose s bli\u017enjima.<\/span><\/p>\n<p><span style=\"font-weight: 400;\">Kellerovi uvidi u tematiku ega i poniznosti podsje\u0107aju nas da prihva\u0107anjem Isusovih rije\u010di te otpu\u0161tanjem slika o sebi vo\u0111enih egom, mo\u017eemo do\u017eivjeti slobodu te ispunjenje i plodonosan \u017eivot na koji nas kr\u0161\u0107anska vjera poziva.<\/span><\/p>\n","protected":false},"excerpt":{"rendered":"<p><i><span style=\"font-weight: 400;\">Sloboda samozaborava<\/span><\/i><span style=\"font-weight: 400;\"> autora Timothyja Kellera istra\u017euje poniznosti u kontekstu evan\u0111elja Isusa Krista. Keller u ovoj poticajnoj knjizi iznosi duboka zapa\u017eanja o egu i poniznosti u svjetlu kr\u0161\u0107anske vjere te o njezinu utjecaju na \u010dovjekovo vi\u0111enje samog sebe. Kroz prizmu evan\u0111elja, isti\u010de sredi\u0161nju ulogu Isusa Krista u preobrazbi na\u0161eg razumijevanja vlastite vrijednosti i identiteta.<\/span><br \/>\n<span style=\"font-weight: 400;\"><br \/>\nFormat: Meki uvez.<br \/>\nDimenzije: 175 x 109 x 5 mm<br \/>\nBroj stranica: 52<br \/>\n<\/span><\/p>\n","protected":false},"featured_media":425,"template":"","meta":[],"product_brand":[],"product_cat":[35],"product_tag":[],"autor":[37],"class_list":{"0":"post-119","1":"product","2":"type-product","3":"status-publish","4":"has-post-thumbnail","6":"product_cat-krscanstvo","7":"autor-timothy-keller","9":"first","10":"instock","11":"shipping-taxable","12":"purchasable","13":"product-type-simple"},"yoast_head":"<!-- This site is optimized with the Yoast SEO plugin v27.5 - https:\/\/yoast.com\/product\/yoast-seo-wordpress\/ -->\n<title>Sloboda samozaborava<\/title>\n<meta name=\"description\" content=\"Sloboda samozaborava autora Timothyja Kellera istra\u017euje poniznosti u kontekstu evan\u0111elja Isusa Krista. Kroz prizmu evan\u0111elja, isti\u010de sredi\u0161nju ulogu Isusa Krista u preobrazbi na\u0161eg razumijevanja vlastite vrijednosti i identiteta.\" \/>\n<meta name=\"robots\" content=\"index, follow, max-snippet:-1, max-image-preview:large, max-video-preview:-1\" \/>\n<link rel=\"canonical\" href=\"https:\/\/radosnavijest.hr\/shop\/product\/sloboda-samozaborava\/\" \/>\n<meta property=\"og:locale\" content=\"hr_HR\" \/>\n<meta property=\"og:type\" content=\"article\" \/>\n<meta property=\"og:title\" content=\"Sloboda samozaborava\" \/>\n<meta property=\"og:description\" content=\"Sloboda samozaborava autora Timothyja Kellera istra\u017euje poniznosti u kontekstu evan\u0111elja Isusa Krista. Kroz prizmu evan\u0111elja, isti\u010de sredi\u0161nju ulogu Isusa Krista u preobrazbi na\u0161eg razumijevanja vlastite vrijednosti i identiteta.\" \/>\n<meta property=\"og:url\" content=\"https:\/\/radosnavijest.hr\/shop\/product\/sloboda-samozaborava\/\" \/>\n<meta property=\"og:site_name\" content=\"Radosna vijest\" \/>\n<meta property=\"article:modified_time\" content=\"2025-04-14T15:42:53+00:00\" \/>\n<meta property=\"og:image\" content=\"https:\/\/radosnavijest.hr\/shop\/wp-content\/uploads\/2023\/09\/sloboda-samozaborava-front.jpg\" \/>\n\t<meta property=\"og:image:width\" content=\"824\" \/>\n\t<meta property=\"og:image:height\" content=\"1200\" \/>\n\t<meta property=\"og:image:type\" content=\"image\/jpeg\" \/>\n<meta name=\"twitter:card\" content=\"summary_large_image\" \/>\n<meta name=\"twitter:label1\" content=\"Procijenjeno vrijeme \u010ditanja\" \/>\n\t<meta name=\"twitter:data1\" content=\"1 minuta\" \/>\n<script type=\"application\/ld+json\" class=\"yoast-schema-graph\">{\"@context\":\"https:\\\/\\\/schema.org\",\"@graph\":[{\"@type\":\"WebPage\",\"@id\":\"https:\\\/\\\/radosnavijest.hr\\\/shop\\\/product\\\/sloboda-samozaborava\\\/\",\"url\":\"https:\\\/\\\/radosnavijest.hr\\\/shop\\\/product\\\/sloboda-samozaborava\\\/\",\"name\":\"Sloboda samozaborava\",\"isPartOf\":{\"@id\":\"https:\\\/\\\/radosnavijest.hr\\\/shop\\\/#website\"},\"primaryImageOfPage\":{\"@id\":\"https:\\\/\\\/radosnavijest.hr\\\/shop\\\/product\\\/sloboda-samozaborava\\\/#primaryimage\"},\"image\":{\"@id\":\"https:\\\/\\\/radosnavijest.hr\\\/shop\\\/product\\\/sloboda-samozaborava\\\/#primaryimage\"},\"thumbnailUrl\":\"https:\\\/\\\/radosnavijest.hr\\\/shop\\\/wp-content\\\/uploads\\\/2023\\\/09\\\/sloboda-samozaborava-front.jpg\",\"datePublished\":\"2025-01-22T13:45:27+00:00\",\"dateModified\":\"2025-04-14T15:42:53+00:00\",\"description\":\"Sloboda samozaborava autora Timothyja Kellera istra\u017euje poniznosti u kontekstu evan\u0111elja Isusa Krista. Kroz prizmu evan\u0111elja, isti\u010de sredi\u0161nju ulogu Isusa Krista u preobrazbi na\u0161eg razumijevanja vlastite vrijednosti i identiteta.\",\"breadcrumb\":{\"@id\":\"https:\\\/\\\/radosnavijest.hr\\\/shop\\\/product\\\/sloboda-samozaborava\\\/#breadcrumb\"},\"inLanguage\":\"hr\",\"potentialAction\":[{\"@type\":\"ReadAction\",\"target\":[\"https:\\\/\\\/radosnavijest.hr\\\/shop\\\/product\\\/sloboda-samozaborava\\\/\"]}]},{\"@type\":\"ImageObject\",\"inLanguage\":\"hr\",\"@id\":\"https:\\\/\\\/radosnavijest.hr\\\/shop\\\/product\\\/sloboda-samozaborava\\\/#primaryimage\",\"url\":\"https:\\\/\\\/radosnavijest.hr\\\/shop\\\/wp-content\\\/uploads\\\/2023\\\/09\\\/sloboda-samozaborava-front.jpg\",\"contentUrl\":\"https:\\\/\\\/radosnavijest.hr\\\/shop\\\/wp-content\\\/uploads\\\/2023\\\/09\\\/sloboda-samozaborava-front.jpg\",\"width\":824,\"height\":1200},{\"@type\":\"BreadcrumbList\",\"@id\":\"https:\\\/\\\/radosnavijest.hr\\\/shop\\\/product\\\/sloboda-samozaborava\\\/#breadcrumb\",\"itemListElement\":[{\"@type\":\"ListItem\",\"position\":1,\"name\":\"Po\u010detna\",\"item\":\"https:\\\/\\\/radosnavijest.hr\\\/shop\\\/\"},{\"@type\":\"ListItem\",\"position\":2,\"name\":\"Knjige\",\"item\":\"https:\\\/\\\/radosnavijest.hr\\\/shop\\\/\"},{\"@type\":\"ListItem\",\"position\":3,\"name\":\"Sloboda samozaborava\"}]},{\"@type\":\"WebSite\",\"@id\":\"https:\\\/\\\/radosnavijest.hr\\\/shop\\\/#website\",\"url\":\"https:\\\/\\\/radosnavijest.hr\\\/shop\\\/\",\"name\":\"Radosna vijest\",\"description\":\"Knjige\",\"publisher\":{\"@id\":\"https:\\\/\\\/radosnavijest.hr\\\/shop\\\/#organization\"},\"potentialAction\":[{\"@type\":\"SearchAction\",\"target\":{\"@type\":\"EntryPoint\",\"urlTemplate\":\"https:\\\/\\\/radosnavijest.hr\\\/shop\\\/?s={search_term_string}\"},\"query-input\":{\"@type\":\"PropertyValueSpecification\",\"valueRequired\":true,\"valueName\":\"search_term_string\"}}],\"inLanguage\":\"hr\"},{\"@type\":\"Organization\",\"@id\":\"https:\\\/\\\/radosnavijest.hr\\\/shop\\\/#organization\",\"name\":\"Radosna vijest\",\"url\":\"https:\\\/\\\/radosnavijest.hr\\\/shop\\\/\",\"logo\":{\"@type\":\"ImageObject\",\"inLanguage\":\"hr\",\"@id\":\"https:\\\/\\\/radosnavijest.hr\\\/shop\\\/#\\\/schema\\\/logo\\\/image\\\/\",\"url\":\"https:\\\/\\\/radosnavijest.hr\\\/shop\\\/wp-content\\\/uploads\\\/2023\\\/08\\\/cropped-RV-logo-RGB_web.png\",\"contentUrl\":\"https:\\\/\\\/radosnavijest.hr\\\/shop\\\/wp-content\\\/uploads\\\/2023\\\/08\\\/cropped-RV-logo-RGB_web.png\",\"width\":600,\"height\":232,\"caption\":\"Radosna vijest\"},\"image\":{\"@id\":\"https:\\\/\\\/radosnavijest.hr\\\/shop\\\/#\\\/schema\\\/logo\\\/image\\\/\"}}]}<\/script>\n<!-- \/ Yoast SEO plugin. -->","yoast_head_json":{"title":"Sloboda samozaborava","description":"Sloboda samozaborava autora Timothyja Kellera istra\u017euje poniznosti u kontekstu evan\u0111elja Isusa Krista. Kroz prizmu evan\u0111elja, isti\u010de sredi\u0161nju ulogu Isusa Krista u preobrazbi na\u0161eg razumijevanja vlastite vrijednosti i identiteta.","robots":{"index":"index","follow":"follow","max-snippet":"max-snippet:-1","max-image-preview":"max-image-preview:large","max-video-preview":"max-video-preview:-1"},"canonical":"https:\/\/radosnavijest.hr\/shop\/product\/sloboda-samozaborava\/","og_locale":"hr_HR","og_type":"article","og_title":"Sloboda samozaborava","og_description":"Sloboda samozaborava autora Timothyja Kellera istra\u017euje poniznosti u kontekstu evan\u0111elja Isusa Krista. Kroz prizmu evan\u0111elja, isti\u010de sredi\u0161nju ulogu Isusa Krista u preobrazbi na\u0161eg razumijevanja vlastite vrijednosti i identiteta.","og_url":"https:\/\/radosnavijest.hr\/shop\/product\/sloboda-samozaborava\/","og_site_name":"Radosna vijest","article_modified_time":"2025-04-14T15:42:53+00:00","og_image":[{"width":824,"height":1200,"url":"https:\/\/radosnavijest.hr\/shop\/wp-content\/uploads\/2023\/09\/sloboda-samozaborava-front.jpg","type":"image\/jpeg"}],"twitter_card":"summary_large_image","twitter_misc":{"Procijenjeno vrijeme \u010ditanja":"1 minuta"},"schema":{"@context":"https:\/\/schema.org","@graph":[{"@type":"WebPage","@id":"https:\/\/radosnavijest.hr\/shop\/product\/sloboda-samozaborava\/","url":"https:\/\/radosnavijest.hr\/shop\/product\/sloboda-samozaborava\/","name":"Sloboda samozaborava","isPartOf":{"@id":"https:\/\/radosnavijest.hr\/shop\/#website"},"primaryImageOfPage":{"@id":"https:\/\/radosnavijest.hr\/shop\/product\/sloboda-samozaborava\/#primaryimage"},"image":{"@id":"https:\/\/radosnavijest.hr\/shop\/product\/sloboda-samozaborava\/#primaryimage"},"thumbnailUrl":"https:\/\/radosnavijest.hr\/shop\/wp-content\/uploads\/2023\/09\/sloboda-samozaborava-front.jpg","datePublished":"2025-01-22T13:45:27+00:00","dateModified":"2025-04-14T15:42:53+00:00","description":"Sloboda samozaborava autora Timothyja Kellera istra\u017euje poniznosti u kontekstu evan\u0111elja Isusa Krista. Kroz prizmu evan\u0111elja, isti\u010de sredi\u0161nju ulogu Isusa Krista u preobrazbi na\u0161eg razumijevanja vlastite vrijednosti i identiteta.","breadcrumb":{"@id":"https:\/\/radosnavijest.hr\/shop\/product\/sloboda-samozaborava\/#breadcrumb"},"inLanguage":"hr","potentialAction":[{"@type":"ReadAction","target":["https:\/\/radosnavijest.hr\/shop\/product\/sloboda-samozaborava\/"]}]},{"@type":"ImageObject","inLanguage":"hr","@id":"https:\/\/radosnavijest.hr\/shop\/product\/sloboda-samozaborava\/#primaryimage","url":"https:\/\/radosnavijest.hr\/shop\/wp-content\/uploads\/2023\/09\/sloboda-samozaborava-front.jpg","contentUrl":"https:\/\/radosnavijest.hr\/shop\/wp-content\/uploads\/2023\/09\/sloboda-samozaborava-front.jpg","width":824,"height":1200},{"@type":"BreadcrumbList","@id":"https:\/\/radosnavijest.hr\/shop\/product\/sloboda-samozaborava\/#breadcrumb","itemListElement":[{"@type":"ListItem","position":1,"name":"Po\u010detna","item":"https:\/\/radosnavijest.hr\/shop\/"},{"@type":"ListItem","position":2,"name":"Knjige","item":"https:\/\/radosnavijest.hr\/shop\/"},{"@type":"ListItem","position":3,"name":"Sloboda samozaborava"}]},{"@type":"WebSite","@id":"https:\/\/radosnavijest.hr\/shop\/#website","url":"https:\/\/radosnavijest.hr\/shop\/","name":"Radosna vijest","description":"Knjige","publisher":{"@id":"https:\/\/radosnavijest.hr\/shop\/#organization"},"potentialAction":[{"@type":"SearchAction","target":{"@type":"EntryPoint","urlTemplate":"https:\/\/radosnavijest.hr\/shop\/?s={search_term_string}"},"query-input":{"@type":"PropertyValueSpecification","valueRequired":true,"valueName":"search_term_string"}}],"inLanguage":"hr"},{"@type":"Organization","@id":"https:\/\/radosnavijest.hr\/shop\/#organization","name":"Radosna vijest","url":"https:\/\/radosnavijest.hr\/shop\/","logo":{"@type":"ImageObject","inLanguage":"hr","@id":"https:\/\/radosnavijest.hr\/shop\/#\/schema\/logo\/image\/","url":"https:\/\/radosnavijest.hr\/shop\/wp-content\/uploads\/2023\/08\/cropped-RV-logo-RGB_web.png","contentUrl":"https:\/\/radosnavijest.hr\/shop\/wp-content\/uploads\/2023\/08\/cropped-RV-logo-RGB_web.png","width":600,"height":232,"caption":"Radosna vijest"},"image":{"@id":"https:\/\/radosnavijest.hr\/shop\/#\/schema\/logo\/image\/"}}]}},"_links":{"self":[{"href":"https:\/\/radosnavijest.hr\/shop\/wp-json\/wp\/v2\/product\/119","targetHints":{"allow":["GET"]}}],"collection":[{"href":"https:\/\/radosnavijest.hr\/shop\/wp-json\/wp\/v2\/product"}],"about":[{"href":"https:\/\/radosnavijest.hr\/shop\/wp-json\/wp\/v2\/types\/product"}],"wp:featuredmedia":[{"embeddable":true,"href":"https:\/\/radosnavijest.hr\/shop\/wp-json\/wp\/v2\/media\/425"}],"wp:attachment":[{"href":"https:\/\/radosnavijest.hr\/shop\/wp-json\/wp\/v2\/media?parent=119"}],"wp:term":[{"taxonomy":"product_brand","embeddable":true,"href":"https:\/\/radosnavijest.hr\/shop\/wp-json\/wp\/v2\/product_brand?post=119"},{"taxonomy":"product_cat","embeddable":true,"href":"https:\/\/radosnavijest.hr\/shop\/wp-json\/wp\/v2\/product_cat?post=119"},{"taxonomy":"product_tag","embeddable":true,"href":"https:\/\/radosnavijest.hr\/shop\/wp-json\/wp\/v2\/product_tag?post=119"},{"taxonomy":"autor","embeddable":true,"href":"https:\/\/radosnavijest.hr\/shop\/wp-json\/wp\/v2\/autor?post=119"}],"curies":[{"name":"wp","href":"https:\/\/api.w.org\/{rel}","templated":true}]}}