{"id":1234,"date":"2026-02-20T03:05:08","date_gmt":"2026-02-20T02:05:08","guid":{"rendered":"https:\/\/radosnavijest.hr\/shop\/?post_type=product&#038;p=1234"},"modified":"2026-02-20T03:14:19","modified_gmt":"2026-02-20T02:14:19","slug":"poznavati-boga","status":"publish","type":"product","link":"https:\/\/radosnavijest.hr\/shop\/product\/poznavati-boga\/","title":{"rendered":"Poznavati Boga"},"content":{"rendered":"<p>Knjiga <em>Poznavati Boga<\/em> J. I. Packera nezaobilazni je kr\u0161\u0107anski klasik koji istra\u017euje razliku izme\u0111u pukog posjedovanja informacija o Bogu i stvarnog, osobnog odnosa s njim. Autor strukturalno vodi \u010ditatelja kroz tri dijela: od va\u017enosti biblijskog spoznavanja Boga, preko duboke analize njegovih savr\u0161enih atributa, pa sve do konkretnih blagoslova koje vjernik prima. Packer nagla\u0161ava da teologija ne smije ostati samo teorija, ve\u0107 mora postati putokaz za svakodnevni \u017eivot i duhovnu bliskost. Kroz jasan i topao stil, djelo nudi uravnote\u017een pogled na Bo\u017eju ljubav i pravednost,\u00a0 poti\u010du\u0107i \u010ditatelja na duboko bogo\u0161tovlje. Ova knjiga slu\u017ei kao prakti\u010dni vodi\u010d za svakoga tko \u017eeli da mu duhovni \u017eivot postane smisleniji i utemeljen u istini. U kona\u010dnici, Packer nas podsje\u0107a da je upravo poznavanje Stvoritelja primarna svrha zbog koje postojimo.<\/p>\n","protected":false},"excerpt":{"rendered":"<p>Ve\u0107 pola stolje\u0107a J. I. Packerovo klasi\u010dno djelo poma\u017ee kr\u0161\u0107anima diljem svijeta otkriti \u010dudo, slavu i radost poznavanja Boga. Proizlaze\u0107i iz Packerova dubokog teolo\u0161kog znanja, knjiga <em>Poznavati Boga<\/em> spaja dva klju\u010dna aspekta kr\u0161\u0107anske vjere \u2013 znati o Bogu i poznavati Boga kroz blisku vezu s Isusom Kristom. Napisano u privla\u010dnom i prakti\u010dnom tonu, ovo izazovno djelo nastoji obnoviti\u00a0 i obogatiti na\u0161e razumijevanje Boga.<\/p>\n<p>Format: Meki uvez<br \/>\nDimenzije: 135 x 200 x 28 mm<br \/>\nBroj stranica: 448<\/p>\n","protected":false},"featured_media":1235,"template":"","meta":[],"product_brand":[],"product_cat":[35,60],"product_tag":[],"autor":[86],"class_list":{"0":"post-1234","1":"product","2":"type-product","3":"status-publish","4":"has-post-thumbnail","6":"product_cat-krscanstvo","7":"product_cat-teologija","8":"autor-j-i-packer","10":"first","11":"instock","12":"shipping-taxable","13":"purchasable","14":"product-type-simple"},"yoast_head":"<!-- This site is optimized with the Yoast SEO plugin v27.5 - https:\/\/yoast.com\/product\/yoast-seo-wordpress\/ -->\n<title>Poznavati Boga - Radosna vijest<\/title>\n<meta name=\"description\" content=\"Ve\u0107 pola stolje\u0107a J. I. Packerovo klasi\u010dno djelo poma\u017ee kr\u0161\u0107anima diljem svijeta otkriti \u010dudo, slavu i radost poznavanja Boga. Napisano u privla\u010dnom i prakti\u010dnom tonu, ovo izazovno djelo nastoji obnoviti\u00a0 i obogatiti na\u0161e razumijevanje Boga.\" \/>\n<meta name=\"robots\" content=\"index, follow, max-snippet:-1, max-image-preview:large, max-video-preview:-1\" \/>\n<link rel=\"canonical\" href=\"https:\/\/radosnavijest.hr\/shop\/product\/poznavati-boga\/\" \/>\n<meta property=\"og:locale\" content=\"hr_HR\" \/>\n<meta property=\"og:type\" content=\"article\" \/>\n<meta property=\"og:title\" content=\"Poznavati Boga - Radosna vijest\" \/>\n<meta property=\"og:description\" content=\"Ve\u0107 pola stolje\u0107a J. I. Packerovo klasi\u010dno djelo poma\u017ee kr\u0161\u0107anima diljem svijeta otkriti \u010dudo, slavu i radost poznavanja Boga. Napisano u privla\u010dnom i prakti\u010dnom tonu, ovo izazovno djelo nastoji obnoviti\u00a0 i obogatiti na\u0161e razumijevanje Boga.\" \/>\n<meta property=\"og:url\" content=\"https:\/\/radosnavijest.hr\/shop\/product\/poznavati-boga\/\" \/>\n<meta property=\"og:site_name\" content=\"Radosna vijest\" \/>\n<meta property=\"article:modified_time\" content=\"2026-02-20T02:14:19+00:00\" \/>\n<meta property=\"og:image\" content=\"https:\/\/radosnavijest.hr\/shop\/wp-content\/uploads\/2026\/02\/poznavati-front.jpg\" \/>\n\t<meta property=\"og:image:width\" content=\"842\" \/>\n\t<meta property=\"og:image:height\" content=\"1200\" \/>\n\t<meta property=\"og:image:type\" content=\"image\/jpeg\" \/>\n<meta name=\"twitter:card\" content=\"summary_large_image\" \/>\n<meta name=\"twitter:label1\" content=\"Procijenjeno vrijeme \u010ditanja\" \/>\n\t<meta name=\"twitter:data1\" content=\"1 minuta\" \/>\n<script type=\"application\/ld+json\" class=\"yoast-schema-graph\">{\"@context\":\"https:\\\/\\\/schema.org\",\"@graph\":[{\"@type\":\"WebPage\",\"@id\":\"https:\\\/\\\/radosnavijest.hr\\\/shop\\\/product\\\/poznavati-boga\\\/\",\"url\":\"https:\\\/\\\/radosnavijest.hr\\\/shop\\\/product\\\/poznavati-boga\\\/\",\"name\":\"Poznavati Boga - Radosna vijest\",\"isPartOf\":{\"@id\":\"https:\\\/\\\/radosnavijest.hr\\\/shop\\\/#website\"},\"primaryImageOfPage\":{\"@id\":\"https:\\\/\\\/radosnavijest.hr\\\/shop\\\/product\\\/poznavati-boga\\\/#primaryimage\"},\"image\":{\"@id\":\"https:\\\/\\\/radosnavijest.hr\\\/shop\\\/product\\\/poznavati-boga\\\/#primaryimage\"},\"thumbnailUrl\":\"https:\\\/\\\/radosnavijest.hr\\\/shop\\\/wp-content\\\/uploads\\\/2026\\\/02\\\/poznavati-front.jpg\",\"datePublished\":\"2026-02-20T02:05:08+00:00\",\"dateModified\":\"2026-02-20T02:14:19+00:00\",\"description\":\"Ve\u0107 pola stolje\u0107a J. I. Packerovo klasi\u010dno djelo poma\u017ee kr\u0161\u0107anima diljem svijeta otkriti \u010dudo, slavu i radost poznavanja Boga. Napisano u privla\u010dnom i prakti\u010dnom tonu, ovo izazovno djelo nastoji obnoviti\u00a0 i obogatiti na\u0161e razumijevanje Boga.\",\"breadcrumb\":{\"@id\":\"https:\\\/\\\/radosnavijest.hr\\\/shop\\\/product\\\/poznavati-boga\\\/#breadcrumb\"},\"inLanguage\":\"hr\",\"potentialAction\":[{\"@type\":\"ReadAction\",\"target\":[\"https:\\\/\\\/radosnavijest.hr\\\/shop\\\/product\\\/poznavati-boga\\\/\"]}]},{\"@type\":\"ImageObject\",\"inLanguage\":\"hr\",\"@id\":\"https:\\\/\\\/radosnavijest.hr\\\/shop\\\/product\\\/poznavati-boga\\\/#primaryimage\",\"url\":\"https:\\\/\\\/radosnavijest.hr\\\/shop\\\/wp-content\\\/uploads\\\/2026\\\/02\\\/poznavati-front.jpg\",\"contentUrl\":\"https:\\\/\\\/radosnavijest.hr\\\/shop\\\/wp-content\\\/uploads\\\/2026\\\/02\\\/poznavati-front.jpg\",\"width\":842,\"height\":1200},{\"@type\":\"BreadcrumbList\",\"@id\":\"https:\\\/\\\/radosnavijest.hr\\\/shop\\\/product\\\/poznavati-boga\\\/#breadcrumb\",\"itemListElement\":[{\"@type\":\"ListItem\",\"position\":1,\"name\":\"Po\u010detna\",\"item\":\"https:\\\/\\\/radosnavijest.hr\\\/shop\\\/\"},{\"@type\":\"ListItem\",\"position\":2,\"name\":\"Knjige\",\"item\":\"https:\\\/\\\/radosnavijest.hr\\\/shop\\\/\"},{\"@type\":\"ListItem\",\"position\":3,\"name\":\"Poznavati Boga\"}]},{\"@type\":\"WebSite\",\"@id\":\"https:\\\/\\\/radosnavijest.hr\\\/shop\\\/#website\",\"url\":\"https:\\\/\\\/radosnavijest.hr\\\/shop\\\/\",\"name\":\"Radosna vijest\",\"description\":\"Knjige\",\"publisher\":{\"@id\":\"https:\\\/\\\/radosnavijest.hr\\\/shop\\\/#organization\"},\"potentialAction\":[{\"@type\":\"SearchAction\",\"target\":{\"@type\":\"EntryPoint\",\"urlTemplate\":\"https:\\\/\\\/radosnavijest.hr\\\/shop\\\/?s={search_term_string}\"},\"query-input\":{\"@type\":\"PropertyValueSpecification\",\"valueRequired\":true,\"valueName\":\"search_term_string\"}}],\"inLanguage\":\"hr\"},{\"@type\":\"Organization\",\"@id\":\"https:\\\/\\\/radosnavijest.hr\\\/shop\\\/#organization\",\"name\":\"Radosna vijest\",\"url\":\"https:\\\/\\\/radosnavijest.hr\\\/shop\\\/\",\"logo\":{\"@type\":\"ImageObject\",\"inLanguage\":\"hr\",\"@id\":\"https:\\\/\\\/radosnavijest.hr\\\/shop\\\/#\\\/schema\\\/logo\\\/image\\\/\",\"url\":\"https:\\\/\\\/radosnavijest.hr\\\/shop\\\/wp-content\\\/uploads\\\/2023\\\/08\\\/cropped-RV-logo-RGB_web.png\",\"contentUrl\":\"https:\\\/\\\/radosnavijest.hr\\\/shop\\\/wp-content\\\/uploads\\\/2023\\\/08\\\/cropped-RV-logo-RGB_web.png\",\"width\":600,\"height\":232,\"caption\":\"Radosna vijest\"},\"image\":{\"@id\":\"https:\\\/\\\/radosnavijest.hr\\\/shop\\\/#\\\/schema\\\/logo\\\/image\\\/\"}}]}<\/script>\n<!-- \/ Yoast SEO plugin. -->","yoast_head_json":{"title":"Poznavati Boga - Radosna vijest","description":"Ve\u0107 pola stolje\u0107a J. I. Packerovo klasi\u010dno djelo poma\u017ee kr\u0161\u0107anima diljem svijeta otkriti \u010dudo, slavu i radost poznavanja Boga. Napisano u privla\u010dnom i prakti\u010dnom tonu, ovo izazovno djelo nastoji obnoviti\u00a0 i obogatiti na\u0161e razumijevanje Boga.","robots":{"index":"index","follow":"follow","max-snippet":"max-snippet:-1","max-image-preview":"max-image-preview:large","max-video-preview":"max-video-preview:-1"},"canonical":"https:\/\/radosnavijest.hr\/shop\/product\/poznavati-boga\/","og_locale":"hr_HR","og_type":"article","og_title":"Poznavati Boga - Radosna vijest","og_description":"Ve\u0107 pola stolje\u0107a J. I. Packerovo klasi\u010dno djelo poma\u017ee kr\u0161\u0107anima diljem svijeta otkriti \u010dudo, slavu i radost poznavanja Boga. Napisano u privla\u010dnom i prakti\u010dnom tonu, ovo izazovno djelo nastoji obnoviti\u00a0 i obogatiti na\u0161e razumijevanje Boga.","og_url":"https:\/\/radosnavijest.hr\/shop\/product\/poznavati-boga\/","og_site_name":"Radosna vijest","article_modified_time":"2026-02-20T02:14:19+00:00","og_image":[{"width":842,"height":1200,"url":"https:\/\/radosnavijest.hr\/shop\/wp-content\/uploads\/2026\/02\/poznavati-front.jpg","type":"image\/jpeg"}],"twitter_card":"summary_large_image","twitter_misc":{"Procijenjeno vrijeme \u010ditanja":"1 minuta"},"schema":{"@context":"https:\/\/schema.org","@graph":[{"@type":"WebPage","@id":"https:\/\/radosnavijest.hr\/shop\/product\/poznavati-boga\/","url":"https:\/\/radosnavijest.hr\/shop\/product\/poznavati-boga\/","name":"Poznavati Boga - Radosna vijest","isPartOf":{"@id":"https:\/\/radosnavijest.hr\/shop\/#website"},"primaryImageOfPage":{"@id":"https:\/\/radosnavijest.hr\/shop\/product\/poznavati-boga\/#primaryimage"},"image":{"@id":"https:\/\/radosnavijest.hr\/shop\/product\/poznavati-boga\/#primaryimage"},"thumbnailUrl":"https:\/\/radosnavijest.hr\/shop\/wp-content\/uploads\/2026\/02\/poznavati-front.jpg","datePublished":"2026-02-20T02:05:08+00:00","dateModified":"2026-02-20T02:14:19+00:00","description":"Ve\u0107 pola stolje\u0107a J. I. Packerovo klasi\u010dno djelo poma\u017ee kr\u0161\u0107anima diljem svijeta otkriti \u010dudo, slavu i radost poznavanja Boga. Napisano u privla\u010dnom i prakti\u010dnom tonu, ovo izazovno djelo nastoji obnoviti\u00a0 i obogatiti na\u0161e razumijevanje Boga.","breadcrumb":{"@id":"https:\/\/radosnavijest.hr\/shop\/product\/poznavati-boga\/#breadcrumb"},"inLanguage":"hr","potentialAction":[{"@type":"ReadAction","target":["https:\/\/radosnavijest.hr\/shop\/product\/poznavati-boga\/"]}]},{"@type":"ImageObject","inLanguage":"hr","@id":"https:\/\/radosnavijest.hr\/shop\/product\/poznavati-boga\/#primaryimage","url":"https:\/\/radosnavijest.hr\/shop\/wp-content\/uploads\/2026\/02\/poznavati-front.jpg","contentUrl":"https:\/\/radosnavijest.hr\/shop\/wp-content\/uploads\/2026\/02\/poznavati-front.jpg","width":842,"height":1200},{"@type":"BreadcrumbList","@id":"https:\/\/radosnavijest.hr\/shop\/product\/poznavati-boga\/#breadcrumb","itemListElement":[{"@type":"ListItem","position":1,"name":"Po\u010detna","item":"https:\/\/radosnavijest.hr\/shop\/"},{"@type":"ListItem","position":2,"name":"Knjige","item":"https:\/\/radosnavijest.hr\/shop\/"},{"@type":"ListItem","position":3,"name":"Poznavati Boga"}]},{"@type":"WebSite","@id":"https:\/\/radosnavijest.hr\/shop\/#website","url":"https:\/\/radosnavijest.hr\/shop\/","name":"Radosna vijest","description":"Knjige","publisher":{"@id":"https:\/\/radosnavijest.hr\/shop\/#organization"},"potentialAction":[{"@type":"SearchAction","target":{"@type":"EntryPoint","urlTemplate":"https:\/\/radosnavijest.hr\/shop\/?s={search_term_string}"},"query-input":{"@type":"PropertyValueSpecification","valueRequired":true,"valueName":"search_term_string"}}],"inLanguage":"hr"},{"@type":"Organization","@id":"https:\/\/radosnavijest.hr\/shop\/#organization","name":"Radosna vijest","url":"https:\/\/radosnavijest.hr\/shop\/","logo":{"@type":"ImageObject","inLanguage":"hr","@id":"https:\/\/radosnavijest.hr\/shop\/#\/schema\/logo\/image\/","url":"https:\/\/radosnavijest.hr\/shop\/wp-content\/uploads\/2023\/08\/cropped-RV-logo-RGB_web.png","contentUrl":"https:\/\/radosnavijest.hr\/shop\/wp-content\/uploads\/2023\/08\/cropped-RV-logo-RGB_web.png","width":600,"height":232,"caption":"Radosna vijest"},"image":{"@id":"https:\/\/radosnavijest.hr\/shop\/#\/schema\/logo\/image\/"}}]}},"_links":{"self":[{"href":"https:\/\/radosnavijest.hr\/shop\/wp-json\/wp\/v2\/product\/1234","targetHints":{"allow":["GET"]}}],"collection":[{"href":"https:\/\/radosnavijest.hr\/shop\/wp-json\/wp\/v2\/product"}],"about":[{"href":"https:\/\/radosnavijest.hr\/shop\/wp-json\/wp\/v2\/types\/product"}],"wp:featuredmedia":[{"embeddable":true,"href":"https:\/\/radosnavijest.hr\/shop\/wp-json\/wp\/v2\/media\/1235"}],"wp:attachment":[{"href":"https:\/\/radosnavijest.hr\/shop\/wp-json\/wp\/v2\/media?parent=1234"}],"wp:term":[{"taxonomy":"product_brand","embeddable":true,"href":"https:\/\/radosnavijest.hr\/shop\/wp-json\/wp\/v2\/product_brand?post=1234"},{"taxonomy":"product_cat","embeddable":true,"href":"https:\/\/radosnavijest.hr\/shop\/wp-json\/wp\/v2\/product_cat?post=1234"},{"taxonomy":"product_tag","embeddable":true,"href":"https:\/\/radosnavijest.hr\/shop\/wp-json\/wp\/v2\/product_tag?post=1234"},{"taxonomy":"autor","embeddable":true,"href":"https:\/\/radosnavijest.hr\/shop\/wp-json\/wp\/v2\/autor?post=1234"}],"curies":[{"name":"wp","href":"https:\/\/api.w.org\/{rel}","templated":true}]}}