{"id":1243,"date":"2026-03-17T03:35:39","date_gmt":"2026-03-17T02:35:39","guid":{"rendered":"https:\/\/radosnavijest.hr\/shop\/?post_type=product&#038;p=1243"},"modified":"2026-03-17T03:35:39","modified_gmt":"2026-03-17T02:35:39","slug":"covjek-na-srednjem-krizu","status":"publish","type":"product","link":"https:\/\/radosnavijest.hr\/shop\/product\/covjek-na-srednjem-krizu\/","title":{"rendered":"\u010covjek na srednjem kri\u017eu"},"content":{"rendered":"<p>Knji\u017eica <em>\u010covjek na srednjem kri\u017eu<\/em> donosi duboku, a istovremeno nevjerojatno jednostavnu poruku o radikalnoj Bo\u017ejoj milosti kroz tri susreta s Isusom: Samarijanke, paraliziranog \u010dovjeka i razbojnika na kri\u017eu. Autor ru\u0161i zabludu da se za nebo moramo &#8220;kvalificirati&#8221; dobrim djelima, podsje\u0107aju\u0107i nas da je na\u0161a jedina nada Isusova \u017ertva. Knjiga na topao i britak na\u010din obja\u0161njava za\u0161to nitko nije previ\u0161e gre\u0161an da bi bio spa\u0161en, niti previ\u0161e pravedan da mu spasenje ne bi trebalo. Ovo je savr\u0161en priru\u010dnik za svakoga tko \u017eeli razumjeti sr\u017e evan\u0111elja ili ga s novom jasno\u0107om podijeliti s drugima.<\/p>\n","protected":false},"excerpt":{"rendered":"<p>\u010covjek na srednjem kri\u017eu predstavlja nam tri osobe \u010diji su se \u017eivoti promijenili kad su susrele Isusa. Svaka od njih dobila je nadu, obnovljena je i vratila se k Bogu. Svojom karakteristi\u010dnom jasno\u0107om Alistair Begg obja\u0161njava kako se sve to nudi svima koji do\u0111u k Isusu: \u010dovjeku na srednjem kri\u017eu.<\/p>\n<p>Knji\u017eica je besplatna, jedino vas molimo da platite tro\u0161kove po\u0161tarine.\u00a0 Naru\u010dite vi\u0161e i dajte svojim prijateljima!<\/p>\n<p>Format: Meki uvez<br \/>\nDimenzije: 109 x 175 x 4 mm<br \/>\nBroj stranica: 48<\/p>\n","protected":false},"featured_media":1244,"template":"","meta":[],"product_brand":[],"product_cat":[15,35],"product_tag":[],"autor":[65],"class_list":{"0":"post-1243","1":"product","2":"type-product","3":"status-publish","4":"has-post-thumbnail","6":"product_cat-isus","7":"product_cat-krscanstvo","8":"autor-alistair-begg","10":"first","11":"instock","12":"sale","13":"shipping-taxable","14":"purchasable","15":"product-type-simple"},"yoast_head":"<!-- This site is optimized with the Yoast SEO plugin v27.5 - https:\/\/yoast.com\/product\/yoast-seo-wordpress\/ -->\n<title>\u010covjek na srednjem kri\u017eu<\/title>\n<meta name=\"description\" content=\"Svojom karakteristi\u010dnom jasno\u0107om Alistair Begg nam predstavlja tri osobe \u010diji su se \u017eivoti promijenili kad su susrele \u010dovjeka na srednjem kri\u017eu.\" \/>\n<meta name=\"robots\" content=\"index, follow, max-snippet:-1, max-image-preview:large, max-video-preview:-1\" \/>\n<link rel=\"canonical\" href=\"https:\/\/radosnavijest.hr\/shop\/product\/covjek-na-srednjem-krizu\/\" \/>\n<meta property=\"og:locale\" content=\"hr_HR\" \/>\n<meta property=\"og:type\" content=\"article\" \/>\n<meta property=\"og:title\" content=\"\u010covjek na srednjem kri\u017eu\" \/>\n<meta property=\"og:description\" content=\"Svojom karakteristi\u010dnom jasno\u0107om Alistair Begg nam predstavlja tri osobe \u010diji su se \u017eivoti promijenili kad su susrele \u010dovjeka na srednjem kri\u017eu.\" \/>\n<meta property=\"og:url\" content=\"https:\/\/radosnavijest.hr\/shop\/product\/covjek-na-srednjem-krizu\/\" \/>\n<meta property=\"og:site_name\" content=\"Radosna vijest\" \/>\n<meta property=\"og:image\" content=\"https:\/\/radosnavijest.hr\/shop\/wp-content\/uploads\/2026\/03\/covjek-front.jpg\" \/>\n\t<meta property=\"og:image:width\" content=\"842\" \/>\n\t<meta property=\"og:image:height\" content=\"1200\" \/>\n\t<meta property=\"og:image:type\" content=\"image\/jpeg\" \/>\n<meta name=\"twitter:card\" content=\"summary_large_image\" \/>\n<meta name=\"twitter:label1\" content=\"Procijenjeno vrijeme \u010ditanja\" \/>\n\t<meta name=\"twitter:data1\" content=\"1 minuta\" \/>\n<script type=\"application\/ld+json\" class=\"yoast-schema-graph\">{\"@context\":\"https:\\\/\\\/schema.org\",\"@graph\":[{\"@type\":\"WebPage\",\"@id\":\"https:\\\/\\\/radosnavijest.hr\\\/shop\\\/product\\\/covjek-na-srednjem-krizu\\\/\",\"url\":\"https:\\\/\\\/radosnavijest.hr\\\/shop\\\/product\\\/covjek-na-srednjem-krizu\\\/\",\"name\":\"\u010covjek na srednjem kri\u017eu\",\"isPartOf\":{\"@id\":\"https:\\\/\\\/radosnavijest.hr\\\/shop\\\/#website\"},\"primaryImageOfPage\":{\"@id\":\"https:\\\/\\\/radosnavijest.hr\\\/shop\\\/product\\\/covjek-na-srednjem-krizu\\\/#primaryimage\"},\"image\":{\"@id\":\"https:\\\/\\\/radosnavijest.hr\\\/shop\\\/product\\\/covjek-na-srednjem-krizu\\\/#primaryimage\"},\"thumbnailUrl\":\"https:\\\/\\\/radosnavijest.hr\\\/shop\\\/wp-content\\\/uploads\\\/2026\\\/03\\\/covjek-front.jpg\",\"datePublished\":\"2026-03-17T02:35:39+00:00\",\"description\":\"Svojom karakteristi\u010dnom jasno\u0107om Alistair Begg nam predstavlja tri osobe \u010diji su se \u017eivoti promijenili kad su susrele \u010dovjeka na srednjem kri\u017eu.\",\"breadcrumb\":{\"@id\":\"https:\\\/\\\/radosnavijest.hr\\\/shop\\\/product\\\/covjek-na-srednjem-krizu\\\/#breadcrumb\"},\"inLanguage\":\"hr\",\"potentialAction\":[{\"@type\":\"ReadAction\",\"target\":[\"https:\\\/\\\/radosnavijest.hr\\\/shop\\\/product\\\/covjek-na-srednjem-krizu\\\/\"]}]},{\"@type\":\"ImageObject\",\"inLanguage\":\"hr\",\"@id\":\"https:\\\/\\\/radosnavijest.hr\\\/shop\\\/product\\\/covjek-na-srednjem-krizu\\\/#primaryimage\",\"url\":\"https:\\\/\\\/radosnavijest.hr\\\/shop\\\/wp-content\\\/uploads\\\/2026\\\/03\\\/covjek-front.jpg\",\"contentUrl\":\"https:\\\/\\\/radosnavijest.hr\\\/shop\\\/wp-content\\\/uploads\\\/2026\\\/03\\\/covjek-front.jpg\",\"width\":842,\"height\":1200},{\"@type\":\"BreadcrumbList\",\"@id\":\"https:\\\/\\\/radosnavijest.hr\\\/shop\\\/product\\\/covjek-na-srednjem-krizu\\\/#breadcrumb\",\"itemListElement\":[{\"@type\":\"ListItem\",\"position\":1,\"name\":\"Po\u010detna\",\"item\":\"https:\\\/\\\/radosnavijest.hr\\\/shop\\\/\"},{\"@type\":\"ListItem\",\"position\":2,\"name\":\"Knjige\",\"item\":\"https:\\\/\\\/radosnavijest.hr\\\/shop\\\/\"},{\"@type\":\"ListItem\",\"position\":3,\"name\":\"\u010covjek na srednjem kri\u017eu\"}]},{\"@type\":\"WebSite\",\"@id\":\"https:\\\/\\\/radosnavijest.hr\\\/shop\\\/#website\",\"url\":\"https:\\\/\\\/radosnavijest.hr\\\/shop\\\/\",\"name\":\"Radosna vijest\",\"description\":\"Knjige\",\"publisher\":{\"@id\":\"https:\\\/\\\/radosnavijest.hr\\\/shop\\\/#organization\"},\"potentialAction\":[{\"@type\":\"SearchAction\",\"target\":{\"@type\":\"EntryPoint\",\"urlTemplate\":\"https:\\\/\\\/radosnavijest.hr\\\/shop\\\/?s={search_term_string}\"},\"query-input\":{\"@type\":\"PropertyValueSpecification\",\"valueRequired\":true,\"valueName\":\"search_term_string\"}}],\"inLanguage\":\"hr\"},{\"@type\":\"Organization\",\"@id\":\"https:\\\/\\\/radosnavijest.hr\\\/shop\\\/#organization\",\"name\":\"Radosna vijest\",\"url\":\"https:\\\/\\\/radosnavijest.hr\\\/shop\\\/\",\"logo\":{\"@type\":\"ImageObject\",\"inLanguage\":\"hr\",\"@id\":\"https:\\\/\\\/radosnavijest.hr\\\/shop\\\/#\\\/schema\\\/logo\\\/image\\\/\",\"url\":\"https:\\\/\\\/radosnavijest.hr\\\/shop\\\/wp-content\\\/uploads\\\/2023\\\/08\\\/cropped-RV-logo-RGB_web.png\",\"contentUrl\":\"https:\\\/\\\/radosnavijest.hr\\\/shop\\\/wp-content\\\/uploads\\\/2023\\\/08\\\/cropped-RV-logo-RGB_web.png\",\"width\":600,\"height\":232,\"caption\":\"Radosna vijest\"},\"image\":{\"@id\":\"https:\\\/\\\/radosnavijest.hr\\\/shop\\\/#\\\/schema\\\/logo\\\/image\\\/\"}}]}<\/script>\n<!-- \/ Yoast SEO plugin. -->","yoast_head_json":{"title":"\u010covjek na srednjem kri\u017eu","description":"Svojom karakteristi\u010dnom jasno\u0107om Alistair Begg nam predstavlja tri osobe \u010diji su se \u017eivoti promijenili kad su susrele \u010dovjeka na srednjem kri\u017eu.","robots":{"index":"index","follow":"follow","max-snippet":"max-snippet:-1","max-image-preview":"max-image-preview:large","max-video-preview":"max-video-preview:-1"},"canonical":"https:\/\/radosnavijest.hr\/shop\/product\/covjek-na-srednjem-krizu\/","og_locale":"hr_HR","og_type":"article","og_title":"\u010covjek na srednjem kri\u017eu","og_description":"Svojom karakteristi\u010dnom jasno\u0107om Alistair Begg nam predstavlja tri osobe \u010diji su se \u017eivoti promijenili kad su susrele \u010dovjeka na srednjem kri\u017eu.","og_url":"https:\/\/radosnavijest.hr\/shop\/product\/covjek-na-srednjem-krizu\/","og_site_name":"Radosna vijest","og_image":[{"width":842,"height":1200,"url":"https:\/\/radosnavijest.hr\/shop\/wp-content\/uploads\/2026\/03\/covjek-front.jpg","type":"image\/jpeg"}],"twitter_card":"summary_large_image","twitter_misc":{"Procijenjeno vrijeme \u010ditanja":"1 minuta"},"schema":{"@context":"https:\/\/schema.org","@graph":[{"@type":"WebPage","@id":"https:\/\/radosnavijest.hr\/shop\/product\/covjek-na-srednjem-krizu\/","url":"https:\/\/radosnavijest.hr\/shop\/product\/covjek-na-srednjem-krizu\/","name":"\u010covjek na srednjem kri\u017eu","isPartOf":{"@id":"https:\/\/radosnavijest.hr\/shop\/#website"},"primaryImageOfPage":{"@id":"https:\/\/radosnavijest.hr\/shop\/product\/covjek-na-srednjem-krizu\/#primaryimage"},"image":{"@id":"https:\/\/radosnavijest.hr\/shop\/product\/covjek-na-srednjem-krizu\/#primaryimage"},"thumbnailUrl":"https:\/\/radosnavijest.hr\/shop\/wp-content\/uploads\/2026\/03\/covjek-front.jpg","datePublished":"2026-03-17T02:35:39+00:00","description":"Svojom karakteristi\u010dnom jasno\u0107om Alistair Begg nam predstavlja tri osobe \u010diji su se \u017eivoti promijenili kad su susrele \u010dovjeka na srednjem kri\u017eu.","breadcrumb":{"@id":"https:\/\/radosnavijest.hr\/shop\/product\/covjek-na-srednjem-krizu\/#breadcrumb"},"inLanguage":"hr","potentialAction":[{"@type":"ReadAction","target":["https:\/\/radosnavijest.hr\/shop\/product\/covjek-na-srednjem-krizu\/"]}]},{"@type":"ImageObject","inLanguage":"hr","@id":"https:\/\/radosnavijest.hr\/shop\/product\/covjek-na-srednjem-krizu\/#primaryimage","url":"https:\/\/radosnavijest.hr\/shop\/wp-content\/uploads\/2026\/03\/covjek-front.jpg","contentUrl":"https:\/\/radosnavijest.hr\/shop\/wp-content\/uploads\/2026\/03\/covjek-front.jpg","width":842,"height":1200},{"@type":"BreadcrumbList","@id":"https:\/\/radosnavijest.hr\/shop\/product\/covjek-na-srednjem-krizu\/#breadcrumb","itemListElement":[{"@type":"ListItem","position":1,"name":"Po\u010detna","item":"https:\/\/radosnavijest.hr\/shop\/"},{"@type":"ListItem","position":2,"name":"Knjige","item":"https:\/\/radosnavijest.hr\/shop\/"},{"@type":"ListItem","position":3,"name":"\u010covjek na srednjem kri\u017eu"}]},{"@type":"WebSite","@id":"https:\/\/radosnavijest.hr\/shop\/#website","url":"https:\/\/radosnavijest.hr\/shop\/","name":"Radosna vijest","description":"Knjige","publisher":{"@id":"https:\/\/radosnavijest.hr\/shop\/#organization"},"potentialAction":[{"@type":"SearchAction","target":{"@type":"EntryPoint","urlTemplate":"https:\/\/radosnavijest.hr\/shop\/?s={search_term_string}"},"query-input":{"@type":"PropertyValueSpecification","valueRequired":true,"valueName":"search_term_string"}}],"inLanguage":"hr"},{"@type":"Organization","@id":"https:\/\/radosnavijest.hr\/shop\/#organization","name":"Radosna vijest","url":"https:\/\/radosnavijest.hr\/shop\/","logo":{"@type":"ImageObject","inLanguage":"hr","@id":"https:\/\/radosnavijest.hr\/shop\/#\/schema\/logo\/image\/","url":"https:\/\/radosnavijest.hr\/shop\/wp-content\/uploads\/2023\/08\/cropped-RV-logo-RGB_web.png","contentUrl":"https:\/\/radosnavijest.hr\/shop\/wp-content\/uploads\/2023\/08\/cropped-RV-logo-RGB_web.png","width":600,"height":232,"caption":"Radosna vijest"},"image":{"@id":"https:\/\/radosnavijest.hr\/shop\/#\/schema\/logo\/image\/"}}]}},"_links":{"self":[{"href":"https:\/\/radosnavijest.hr\/shop\/wp-json\/wp\/v2\/product\/1243","targetHints":{"allow":["GET"]}}],"collection":[{"href":"https:\/\/radosnavijest.hr\/shop\/wp-json\/wp\/v2\/product"}],"about":[{"href":"https:\/\/radosnavijest.hr\/shop\/wp-json\/wp\/v2\/types\/product"}],"wp:featuredmedia":[{"embeddable":true,"href":"https:\/\/radosnavijest.hr\/shop\/wp-json\/wp\/v2\/media\/1244"}],"wp:attachment":[{"href":"https:\/\/radosnavijest.hr\/shop\/wp-json\/wp\/v2\/media?parent=1243"}],"wp:term":[{"taxonomy":"product_brand","embeddable":true,"href":"https:\/\/radosnavijest.hr\/shop\/wp-json\/wp\/v2\/product_brand?post=1243"},{"taxonomy":"product_cat","embeddable":true,"href":"https:\/\/radosnavijest.hr\/shop\/wp-json\/wp\/v2\/product_cat?post=1243"},{"taxonomy":"product_tag","embeddable":true,"href":"https:\/\/radosnavijest.hr\/shop\/wp-json\/wp\/v2\/product_tag?post=1243"},{"taxonomy":"autor","embeddable":true,"href":"https:\/\/radosnavijest.hr\/shop\/wp-json\/wp\/v2\/autor?post=1243"}],"curies":[{"name":"wp","href":"https:\/\/api.w.org\/{rel}","templated":true}]}}