{"id":1246,"date":"2026-03-17T04:05:14","date_gmt":"2026-03-17T03:05:14","guid":{"rendered":"https:\/\/radosnavijest.hr\/shop\/?post_type=product&#038;p=1246"},"modified":"2026-03-17T15:11:04","modified_gmt":"2026-03-17T14:11:04","slug":"bozja-milost-u-tvojoj-patnji","status":"publish","type":"product","link":"https:\/\/radosnavijest.hr\/shop\/product\/bozja-milost-u-tvojoj-patnji\/","title":{"rendered":"Bo\u017eja milost u tvojoj patnji"},"content":{"rendered":"<p>Ovo nije samo knjiga o patnji \u2013 ovo je knjiga o Milosti koja se\u017ee dublje od svakog ponora u kojem se mo\u017eete na\u0107i. Patnja nas rijetko upozori prije nego \u0161to pokuca na vrata, a jo\u0161 rje\u0111e nudi brze izlaze. U trenucima kada je bol preo\u0161tra, a vjera se \u010dini krhkom, \u010desto se pitamo: \u201eGdje je Bog u svemu ovome?\u201c<\/p>\n<p>David Powlison, s mudro\u0161\u0107u dugogodi\u0161njeg biblijskog savjetnika, ne nudi floskule. Umjesto toga, on nas nje\u017eno uzima za ruku i vodi kroz stihove bezvremenske himne \u201eKako \u010dvrst je temelj taj\u201c, pokazuju\u0107i nam kako se Bo\u017eja obe\u0107anja isprepli\u0107u s na\u0161im najte\u017eim danima.<\/p>\n","protected":false},"excerpt":{"rendered":"<p>Prepli\u0107u\u0107i Sveto pismo, osobne pri\u010de i rije\u010di klasi\u010dne himne \u201eKako \u010dvrst li je temelj taj\u201d, David Powlison donosi mjeru iskustva u savjetovanju u istra\u017eivanje kako Bog zakora\u010duje u patnje \u010dovjeka i poma\u017ee mu vidjeti Bo\u017eje djelovanje u konkretnim nevoljama \u2013 te otkriti kako Bo\u017eja milost se\u017ee dublje nego \u0161to mo\u017eemo i zamisliti.<\/p>\n<p>Format: Meki uvez<br \/>\nDimenzije: 125 x 200 x 8 mm<br \/>\nBroj stranica: 120<\/p>\n","protected":false},"featured_media":1247,"template":"","meta":[],"product_brand":[],"product_cat":[15],"product_tag":[],"autor":[87],"class_list":{"0":"post-1246","1":"product","2":"type-product","3":"status-publish","4":"has-post-thumbnail","6":"product_cat-isus","7":"autor-david-powlison","9":"first","10":"instock","11":"shipping-taxable","12":"purchasable","13":"product-type-simple"},"yoast_head":"<!-- This site is optimized with the Yoast SEO plugin v27.3 - https:\/\/yoast.com\/product\/yoast-seo-wordpress\/ -->\n<title>Bo\u017eja milost u tvojoj patnji<\/title>\n<meta name=\"description\" content=\"U trenucima kada je bol preo\u0161tra, a vjera se \u010dini krhkom, \u010desto se pitamo: \u201eGdje je Bog u svemu ovome?\u201c\" \/>\n<meta name=\"robots\" content=\"index, follow, max-snippet:-1, max-image-preview:large, max-video-preview:-1\" \/>\n<link rel=\"canonical\" href=\"https:\/\/radosnavijest.hr\/shop\/product\/bozja-milost-u-tvojoj-patnji\/\" \/>\n<meta property=\"og:locale\" content=\"hr_HR\" \/>\n<meta property=\"og:type\" content=\"article\" \/>\n<meta property=\"og:title\" content=\"Bo\u017eja milost u tvojoj patnji\" \/>\n<meta property=\"og:description\" content=\"U trenucima kada je bol preo\u0161tra, a vjera se \u010dini krhkom, \u010desto se pitamo: \u201eGdje je Bog u svemu ovome?\u201c\" \/>\n<meta property=\"og:url\" content=\"https:\/\/radosnavijest.hr\/shop\/product\/bozja-milost-u-tvojoj-patnji\/\" \/>\n<meta property=\"og:site_name\" content=\"Radosna vijest\" \/>\n<meta property=\"article:modified_time\" content=\"2026-03-17T14:11:04+00:00\" \/>\n<meta property=\"og:image\" content=\"https:\/\/radosnavijest.hr\/shop\/wp-content\/uploads\/2026\/03\/bozja-milost-front.jpg\" \/>\n\t<meta property=\"og:image:width\" content=\"842\" \/>\n\t<meta property=\"og:image:height\" content=\"1200\" \/>\n\t<meta property=\"og:image:type\" content=\"image\/jpeg\" \/>\n<meta name=\"twitter:card\" content=\"summary_large_image\" \/>\n<meta name=\"twitter:label1\" content=\"Procijenjeno vrijeme \u010ditanja\" \/>\n\t<meta name=\"twitter:data1\" content=\"1 minuta\" \/>\n<script type=\"application\/ld+json\" class=\"yoast-schema-graph\">{\"@context\":\"https:\\\/\\\/schema.org\",\"@graph\":[{\"@type\":\"WebPage\",\"@id\":\"https:\\\/\\\/radosnavijest.hr\\\/shop\\\/product\\\/bozja-milost-u-tvojoj-patnji\\\/\",\"url\":\"https:\\\/\\\/radosnavijest.hr\\\/shop\\\/product\\\/bozja-milost-u-tvojoj-patnji\\\/\",\"name\":\"Bo\u017eja milost u tvojoj patnji\",\"isPartOf\":{\"@id\":\"https:\\\/\\\/radosnavijest.hr\\\/shop\\\/#website\"},\"primaryImageOfPage\":{\"@id\":\"https:\\\/\\\/radosnavijest.hr\\\/shop\\\/product\\\/bozja-milost-u-tvojoj-patnji\\\/#primaryimage\"},\"image\":{\"@id\":\"https:\\\/\\\/radosnavijest.hr\\\/shop\\\/product\\\/bozja-milost-u-tvojoj-patnji\\\/#primaryimage\"},\"thumbnailUrl\":\"https:\\\/\\\/radosnavijest.hr\\\/shop\\\/wp-content\\\/uploads\\\/2026\\\/03\\\/bozja-milost-front.jpg\",\"datePublished\":\"2026-03-17T03:05:14+00:00\",\"dateModified\":\"2026-03-17T14:11:04+00:00\",\"description\":\"U trenucima kada je bol preo\u0161tra, a vjera se \u010dini krhkom, \u010desto se pitamo: \u201eGdje je Bog u svemu ovome?\u201c\",\"breadcrumb\":{\"@id\":\"https:\\\/\\\/radosnavijest.hr\\\/shop\\\/product\\\/bozja-milost-u-tvojoj-patnji\\\/#breadcrumb\"},\"inLanguage\":\"hr\",\"potentialAction\":[{\"@type\":\"ReadAction\",\"target\":[\"https:\\\/\\\/radosnavijest.hr\\\/shop\\\/product\\\/bozja-milost-u-tvojoj-patnji\\\/\"]}]},{\"@type\":\"ImageObject\",\"inLanguage\":\"hr\",\"@id\":\"https:\\\/\\\/radosnavijest.hr\\\/shop\\\/product\\\/bozja-milost-u-tvojoj-patnji\\\/#primaryimage\",\"url\":\"https:\\\/\\\/radosnavijest.hr\\\/shop\\\/wp-content\\\/uploads\\\/2026\\\/03\\\/bozja-milost-front.jpg\",\"contentUrl\":\"https:\\\/\\\/radosnavijest.hr\\\/shop\\\/wp-content\\\/uploads\\\/2026\\\/03\\\/bozja-milost-front.jpg\",\"width\":842,\"height\":1200},{\"@type\":\"BreadcrumbList\",\"@id\":\"https:\\\/\\\/radosnavijest.hr\\\/shop\\\/product\\\/bozja-milost-u-tvojoj-patnji\\\/#breadcrumb\",\"itemListElement\":[{\"@type\":\"ListItem\",\"position\":1,\"name\":\"Po\u010detna\",\"item\":\"https:\\\/\\\/radosnavijest.hr\\\/shop\\\/\"},{\"@type\":\"ListItem\",\"position\":2,\"name\":\"Knjige\",\"item\":\"https:\\\/\\\/radosnavijest.hr\\\/shop\\\/\"},{\"@type\":\"ListItem\",\"position\":3,\"name\":\"Bo\u017eja milost u tvojoj patnji\"}]},{\"@type\":\"WebSite\",\"@id\":\"https:\\\/\\\/radosnavijest.hr\\\/shop\\\/#website\",\"url\":\"https:\\\/\\\/radosnavijest.hr\\\/shop\\\/\",\"name\":\"Radosna vijest\",\"description\":\"Knjige\",\"publisher\":{\"@id\":\"https:\\\/\\\/radosnavijest.hr\\\/shop\\\/#organization\"},\"potentialAction\":[{\"@type\":\"SearchAction\",\"target\":{\"@type\":\"EntryPoint\",\"urlTemplate\":\"https:\\\/\\\/radosnavijest.hr\\\/shop\\\/?s={search_term_string}\"},\"query-input\":{\"@type\":\"PropertyValueSpecification\",\"valueRequired\":true,\"valueName\":\"search_term_string\"}}],\"inLanguage\":\"hr\"},{\"@type\":\"Organization\",\"@id\":\"https:\\\/\\\/radosnavijest.hr\\\/shop\\\/#organization\",\"name\":\"Radosna vijest\",\"url\":\"https:\\\/\\\/radosnavijest.hr\\\/shop\\\/\",\"logo\":{\"@type\":\"ImageObject\",\"inLanguage\":\"hr\",\"@id\":\"https:\\\/\\\/radosnavijest.hr\\\/shop\\\/#\\\/schema\\\/logo\\\/image\\\/\",\"url\":\"https:\\\/\\\/radosnavijest.hr\\\/shop\\\/wp-content\\\/uploads\\\/2023\\\/08\\\/cropped-RV-logo-RGB_web.png\",\"contentUrl\":\"https:\\\/\\\/radosnavijest.hr\\\/shop\\\/wp-content\\\/uploads\\\/2023\\\/08\\\/cropped-RV-logo-RGB_web.png\",\"width\":600,\"height\":232,\"caption\":\"Radosna vijest\"},\"image\":{\"@id\":\"https:\\\/\\\/radosnavijest.hr\\\/shop\\\/#\\\/schema\\\/logo\\\/image\\\/\"}}]}<\/script>\n<!-- \/ Yoast SEO plugin. -->","yoast_head_json":{"title":"Bo\u017eja milost u tvojoj patnji","description":"U trenucima kada je bol preo\u0161tra, a vjera se \u010dini krhkom, \u010desto se pitamo: \u201eGdje je Bog u svemu ovome?\u201c","robots":{"index":"index","follow":"follow","max-snippet":"max-snippet:-1","max-image-preview":"max-image-preview:large","max-video-preview":"max-video-preview:-1"},"canonical":"https:\/\/radosnavijest.hr\/shop\/product\/bozja-milost-u-tvojoj-patnji\/","og_locale":"hr_HR","og_type":"article","og_title":"Bo\u017eja milost u tvojoj patnji","og_description":"U trenucima kada je bol preo\u0161tra, a vjera se \u010dini krhkom, \u010desto se pitamo: \u201eGdje je Bog u svemu ovome?\u201c","og_url":"https:\/\/radosnavijest.hr\/shop\/product\/bozja-milost-u-tvojoj-patnji\/","og_site_name":"Radosna vijest","article_modified_time":"2026-03-17T14:11:04+00:00","og_image":[{"width":842,"height":1200,"url":"https:\/\/radosnavijest.hr\/shop\/wp-content\/uploads\/2026\/03\/bozja-milost-front.jpg","type":"image\/jpeg"}],"twitter_card":"summary_large_image","twitter_misc":{"Procijenjeno vrijeme \u010ditanja":"1 minuta"},"schema":{"@context":"https:\/\/schema.org","@graph":[{"@type":"WebPage","@id":"https:\/\/radosnavijest.hr\/shop\/product\/bozja-milost-u-tvojoj-patnji\/","url":"https:\/\/radosnavijest.hr\/shop\/product\/bozja-milost-u-tvojoj-patnji\/","name":"Bo\u017eja milost u tvojoj patnji","isPartOf":{"@id":"https:\/\/radosnavijest.hr\/shop\/#website"},"primaryImageOfPage":{"@id":"https:\/\/radosnavijest.hr\/shop\/product\/bozja-milost-u-tvojoj-patnji\/#primaryimage"},"image":{"@id":"https:\/\/radosnavijest.hr\/shop\/product\/bozja-milost-u-tvojoj-patnji\/#primaryimage"},"thumbnailUrl":"https:\/\/radosnavijest.hr\/shop\/wp-content\/uploads\/2026\/03\/bozja-milost-front.jpg","datePublished":"2026-03-17T03:05:14+00:00","dateModified":"2026-03-17T14:11:04+00:00","description":"U trenucima kada je bol preo\u0161tra, a vjera se \u010dini krhkom, \u010desto se pitamo: \u201eGdje je Bog u svemu ovome?\u201c","breadcrumb":{"@id":"https:\/\/radosnavijest.hr\/shop\/product\/bozja-milost-u-tvojoj-patnji\/#breadcrumb"},"inLanguage":"hr","potentialAction":[{"@type":"ReadAction","target":["https:\/\/radosnavijest.hr\/shop\/product\/bozja-milost-u-tvojoj-patnji\/"]}]},{"@type":"ImageObject","inLanguage":"hr","@id":"https:\/\/radosnavijest.hr\/shop\/product\/bozja-milost-u-tvojoj-patnji\/#primaryimage","url":"https:\/\/radosnavijest.hr\/shop\/wp-content\/uploads\/2026\/03\/bozja-milost-front.jpg","contentUrl":"https:\/\/radosnavijest.hr\/shop\/wp-content\/uploads\/2026\/03\/bozja-milost-front.jpg","width":842,"height":1200},{"@type":"BreadcrumbList","@id":"https:\/\/radosnavijest.hr\/shop\/product\/bozja-milost-u-tvojoj-patnji\/#breadcrumb","itemListElement":[{"@type":"ListItem","position":1,"name":"Po\u010detna","item":"https:\/\/radosnavijest.hr\/shop\/"},{"@type":"ListItem","position":2,"name":"Knjige","item":"https:\/\/radosnavijest.hr\/shop\/"},{"@type":"ListItem","position":3,"name":"Bo\u017eja milost u tvojoj patnji"}]},{"@type":"WebSite","@id":"https:\/\/radosnavijest.hr\/shop\/#website","url":"https:\/\/radosnavijest.hr\/shop\/","name":"Radosna vijest","description":"Knjige","publisher":{"@id":"https:\/\/radosnavijest.hr\/shop\/#organization"},"potentialAction":[{"@type":"SearchAction","target":{"@type":"EntryPoint","urlTemplate":"https:\/\/radosnavijest.hr\/shop\/?s={search_term_string}"},"query-input":{"@type":"PropertyValueSpecification","valueRequired":true,"valueName":"search_term_string"}}],"inLanguage":"hr"},{"@type":"Organization","@id":"https:\/\/radosnavijest.hr\/shop\/#organization","name":"Radosna vijest","url":"https:\/\/radosnavijest.hr\/shop\/","logo":{"@type":"ImageObject","inLanguage":"hr","@id":"https:\/\/radosnavijest.hr\/shop\/#\/schema\/logo\/image\/","url":"https:\/\/radosnavijest.hr\/shop\/wp-content\/uploads\/2023\/08\/cropped-RV-logo-RGB_web.png","contentUrl":"https:\/\/radosnavijest.hr\/shop\/wp-content\/uploads\/2023\/08\/cropped-RV-logo-RGB_web.png","width":600,"height":232,"caption":"Radosna vijest"},"image":{"@id":"https:\/\/radosnavijest.hr\/shop\/#\/schema\/logo\/image\/"}}]}},"_links":{"self":[{"href":"https:\/\/radosnavijest.hr\/shop\/wp-json\/wp\/v2\/product\/1246","targetHints":{"allow":["GET"]}}],"collection":[{"href":"https:\/\/radosnavijest.hr\/shop\/wp-json\/wp\/v2\/product"}],"about":[{"href":"https:\/\/radosnavijest.hr\/shop\/wp-json\/wp\/v2\/types\/product"}],"wp:featuredmedia":[{"embeddable":true,"href":"https:\/\/radosnavijest.hr\/shop\/wp-json\/wp\/v2\/media\/1247"}],"wp:attachment":[{"href":"https:\/\/radosnavijest.hr\/shop\/wp-json\/wp\/v2\/media?parent=1246"}],"wp:term":[{"taxonomy":"product_brand","embeddable":true,"href":"https:\/\/radosnavijest.hr\/shop\/wp-json\/wp\/v2\/product_brand?post=1246"},{"taxonomy":"product_cat","embeddable":true,"href":"https:\/\/radosnavijest.hr\/shop\/wp-json\/wp\/v2\/product_cat?post=1246"},{"taxonomy":"product_tag","embeddable":true,"href":"https:\/\/radosnavijest.hr\/shop\/wp-json\/wp\/v2\/product_tag?post=1246"},{"taxonomy":"autor","embeddable":true,"href":"https:\/\/radosnavijest.hr\/shop\/wp-json\/wp\/v2\/autor?post=1246"}],"curies":[{"name":"wp","href":"https:\/\/api.w.org\/{rel}","templated":true}]}}