{"id":365,"date":"2023-07-21T01:59:14","date_gmt":"2023-07-20T23:59:14","guid":{"rendered":"https:\/\/radosnavijest.com\/shop\/?post_type=product&#038;p=365"},"modified":"2023-12-21T18:35:43","modified_gmt":"2023-12-21T17:35:43","slug":"crkva-novi-bozji-narod","status":"publish","type":"product","link":"https:\/\/radosnavijest.hr\/shop\/product\/crkva-novi-bozji-narod\/","title":{"rendered":"Crkva &#8211; novi Bo\u017eji narod"},"content":{"rendered":"<p>Poziv lokalne crkve ne mo\u017ee biti uzvi\u0161eniji nego \u0161to jest. Pozvana je da bude svjetlo svijetu, da bude jedinstvena obitelj med-u razjedinjenim zemaljskim obiteljima, da bude nastanjena Kristom osobno, da bude zjenica Bo\u017ejega oka, da bude urezana u Kristove dlanove, da pronosi slavu slike Svetoga Trojstva, da bude utjelovljenje beskona\u010dne ljubavi kri\u017ea, da bude grupni portret, ljep\u0161i nego bilo koji u svijetu \u2013 to je Crkva, lokalna crkva, novi Bo\u017eji narod.<\/p>\n","protected":false},"excerpt":{"rendered":"<p>Knji\u017eice pokreta The Gospel Coalition uredili su D. A. Carson i Timothy Keller, a napisane su da bi se precizno objasnilo ispovijedanje vjere koju pokret zastupa. The Gospel Coalition je evan\u0111eoski pokret posve\u0107en Kristovu evan\u0111elju i transformaciji prakse slu\u017eenja na temelju Svetoga pisma.<\/p>\n<p>Format: PDF<br \/>\nBroj stranica: 42<br \/>\n<strong><a href=\"https:\/\/www.radosnavijest.com\/wp-content\/uploads\/2017\/11\/Crkva_Novi_Bozji_Narod.pdf\" target=\"_blank\" rel=\"noopener\">Preuzmite knjigu<\/a><\/strong><\/p>\n","protected":false},"featured_media":417,"template":"","meta":[],"product_brand":[],"product_cat":[35],"product_tag":[47],"autor":[38],"class_list":{"0":"post-365","1":"product","2":"type-product","3":"status-publish","4":"has-post-thumbnail","6":"product_cat-krscanstvo","7":"product_tag-pdf","8":"autor-tim-savage","10":"first","11":"outofstock","12":"downloadable","13":"virtual","14":"sold-individually","15":"purchasable","16":"product-type-simple"},"yoast_head":"<!-- This site is optimized with the Yoast SEO plugin v27.5 - https:\/\/yoast.com\/product\/yoast-seo-wordpress\/ -->\n<title>Crkva - novi Bo\u017eji narod<\/title>\n<meta name=\"description\" content=\"Poziv lokalne crkve ne mo\u017ee biti uzvi\u0161eniji nego \u0161to jest.Pozvana je da bude svjetlo svijetu, da bude jedinstvenaobitelj med-u razjedinjenim zemaljskim obiteljima, dabude nastanjena Kristom osobno, da bude zjenica Bo\u017ejegaoka, da bude urezana u Kristove dlanove, da pronosi slavuslike Svetoga Trojstva, da bude utjelovljenje beskonac\u02c7neljubavi kri\u017ea, da bude grupni portret, ljep\u0161i nego bilo kojiu svijetu \u2013 to je Crkva, lokalna crkva, novi Bo\u017eji narod.\" \/>\n<meta name=\"robots\" content=\"index, follow, max-snippet:-1, max-image-preview:large, max-video-preview:-1\" \/>\n<link rel=\"canonical\" href=\"https:\/\/radosnavijest.hr\/shop\/product\/crkva-novi-bozji-narod\/\" \/>\n<meta property=\"og:locale\" content=\"hr_HR\" \/>\n<meta property=\"og:type\" content=\"article\" \/>\n<meta property=\"og:title\" content=\"Crkva - novi Bo\u017eji narod\" \/>\n<meta property=\"og:description\" content=\"Poziv lokalne crkve ne mo\u017ee biti uzvi\u0161eniji nego \u0161to jest.Pozvana je da bude svjetlo svijetu, da bude jedinstvenaobitelj med-u razjedinjenim zemaljskim obiteljima, dabude nastanjena Kristom osobno, da bude zjenica Bo\u017ejegaoka, da bude urezana u Kristove dlanove, da pronosi slavuslike Svetoga Trojstva, da bude utjelovljenje beskonac\u02c7neljubavi kri\u017ea, da bude grupni portret, ljep\u0161i nego bilo kojiu svijetu \u2013 to je Crkva, lokalna crkva, novi Bo\u017eji narod.\" \/>\n<meta property=\"og:url\" content=\"https:\/\/radosnavijest.hr\/shop\/product\/crkva-novi-bozji-narod\/\" \/>\n<meta property=\"og:site_name\" content=\"Radosna vijest\" \/>\n<meta property=\"article:modified_time\" content=\"2023-12-21T17:35:43+00:00\" \/>\n<meta property=\"og:image\" content=\"https:\/\/radosnavijest.hr\/shop\/wp-content\/uploads\/2023\/09\/crkva-front.jpg\" \/>\n\t<meta property=\"og:image:width\" content=\"824\" \/>\n\t<meta property=\"og:image:height\" content=\"1200\" \/>\n\t<meta property=\"og:image:type\" content=\"image\/jpeg\" \/>\n<meta name=\"twitter:card\" content=\"summary_large_image\" \/>\n<meta name=\"twitter:label1\" content=\"Procijenjeno vrijeme \u010ditanja\" \/>\n\t<meta name=\"twitter:data1\" content=\"1 minuta\" \/>\n<script type=\"application\/ld+json\" class=\"yoast-schema-graph\">{\"@context\":\"https:\\\/\\\/schema.org\",\"@graph\":[{\"@type\":\"WebPage\",\"@id\":\"https:\\\/\\\/radosnavijest.hr\\\/shop\\\/product\\\/crkva-novi-bozji-narod\\\/\",\"url\":\"https:\\\/\\\/radosnavijest.hr\\\/shop\\\/product\\\/crkva-novi-bozji-narod\\\/\",\"name\":\"Crkva - novi Bo\u017eji narod\",\"isPartOf\":{\"@id\":\"https:\\\/\\\/radosnavijest.hr\\\/shop\\\/#website\"},\"primaryImageOfPage\":{\"@id\":\"https:\\\/\\\/radosnavijest.hr\\\/shop\\\/product\\\/crkva-novi-bozji-narod\\\/#primaryimage\"},\"image\":{\"@id\":\"https:\\\/\\\/radosnavijest.hr\\\/shop\\\/product\\\/crkva-novi-bozji-narod\\\/#primaryimage\"},\"thumbnailUrl\":\"https:\\\/\\\/radosnavijest.hr\\\/shop\\\/wp-content\\\/uploads\\\/2023\\\/09\\\/crkva-front.jpg\",\"datePublished\":\"2023-07-20T23:59:14+00:00\",\"dateModified\":\"2023-12-21T17:35:43+00:00\",\"description\":\"Poziv lokalne crkve ne mo\u017ee biti uzvi\u0161eniji nego \u0161to jest.Pozvana je da bude svjetlo svijetu, da bude jedinstvenaobitelj med-u razjedinjenim zemaljskim obiteljima, dabude nastanjena Kristom osobno, da bude zjenica Bo\u017ejegaoka, da bude urezana u Kristove dlanove, da pronosi slavuslike Svetoga Trojstva, da bude utjelovljenje beskonac\u02c7neljubavi kri\u017ea, da bude grupni portret, ljep\u0161i nego bilo kojiu svijetu \u2013 to je Crkva, lokalna crkva, novi Bo\u017eji narod.\",\"breadcrumb\":{\"@id\":\"https:\\\/\\\/radosnavijest.hr\\\/shop\\\/product\\\/crkva-novi-bozji-narod\\\/#breadcrumb\"},\"inLanguage\":\"hr\",\"potentialAction\":[{\"@type\":\"ReadAction\",\"target\":[\"https:\\\/\\\/radosnavijest.hr\\\/shop\\\/product\\\/crkva-novi-bozji-narod\\\/\"]}]},{\"@type\":\"ImageObject\",\"inLanguage\":\"hr\",\"@id\":\"https:\\\/\\\/radosnavijest.hr\\\/shop\\\/product\\\/crkva-novi-bozji-narod\\\/#primaryimage\",\"url\":\"https:\\\/\\\/radosnavijest.hr\\\/shop\\\/wp-content\\\/uploads\\\/2023\\\/09\\\/crkva-front.jpg\",\"contentUrl\":\"https:\\\/\\\/radosnavijest.hr\\\/shop\\\/wp-content\\\/uploads\\\/2023\\\/09\\\/crkva-front.jpg\",\"width\":824,\"height\":1200},{\"@type\":\"BreadcrumbList\",\"@id\":\"https:\\\/\\\/radosnavijest.hr\\\/shop\\\/product\\\/crkva-novi-bozji-narod\\\/#breadcrumb\",\"itemListElement\":[{\"@type\":\"ListItem\",\"position\":1,\"name\":\"Po\u010detna\",\"item\":\"https:\\\/\\\/radosnavijest.hr\\\/shop\\\/\"},{\"@type\":\"ListItem\",\"position\":2,\"name\":\"Knjige\",\"item\":\"https:\\\/\\\/radosnavijest.hr\\\/shop\\\/\"},{\"@type\":\"ListItem\",\"position\":3,\"name\":\"Crkva &#8211; novi Bo\u017eji narod\"}]},{\"@type\":\"WebSite\",\"@id\":\"https:\\\/\\\/radosnavijest.hr\\\/shop\\\/#website\",\"url\":\"https:\\\/\\\/radosnavijest.hr\\\/shop\\\/\",\"name\":\"Radosna vijest\",\"description\":\"Knjige\",\"publisher\":{\"@id\":\"https:\\\/\\\/radosnavijest.hr\\\/shop\\\/#organization\"},\"potentialAction\":[{\"@type\":\"SearchAction\",\"target\":{\"@type\":\"EntryPoint\",\"urlTemplate\":\"https:\\\/\\\/radosnavijest.hr\\\/shop\\\/?s={search_term_string}\"},\"query-input\":{\"@type\":\"PropertyValueSpecification\",\"valueRequired\":true,\"valueName\":\"search_term_string\"}}],\"inLanguage\":\"hr\"},{\"@type\":\"Organization\",\"@id\":\"https:\\\/\\\/radosnavijest.hr\\\/shop\\\/#organization\",\"name\":\"Radosna vijest\",\"url\":\"https:\\\/\\\/radosnavijest.hr\\\/shop\\\/\",\"logo\":{\"@type\":\"ImageObject\",\"inLanguage\":\"hr\",\"@id\":\"https:\\\/\\\/radosnavijest.hr\\\/shop\\\/#\\\/schema\\\/logo\\\/image\\\/\",\"url\":\"https:\\\/\\\/radosnavijest.hr\\\/shop\\\/wp-content\\\/uploads\\\/2023\\\/08\\\/cropped-RV-logo-RGB_web.png\",\"contentUrl\":\"https:\\\/\\\/radosnavijest.hr\\\/shop\\\/wp-content\\\/uploads\\\/2023\\\/08\\\/cropped-RV-logo-RGB_web.png\",\"width\":600,\"height\":232,\"caption\":\"Radosna vijest\"},\"image\":{\"@id\":\"https:\\\/\\\/radosnavijest.hr\\\/shop\\\/#\\\/schema\\\/logo\\\/image\\\/\"}}]}<\/script>\n<!-- \/ Yoast SEO plugin. -->","yoast_head_json":{"title":"Crkva - novi Bo\u017eji narod","description":"Poziv lokalne crkve ne mo\u017ee biti uzvi\u0161eniji nego \u0161to jest.Pozvana je da bude svjetlo svijetu, da bude jedinstvenaobitelj med-u razjedinjenim zemaljskim obiteljima, dabude nastanjena Kristom osobno, da bude zjenica Bo\u017ejegaoka, da bude urezana u Kristove dlanove, da pronosi slavuslike Svetoga Trojstva, da bude utjelovljenje beskonac\u02c7neljubavi kri\u017ea, da bude grupni portret, ljep\u0161i nego bilo kojiu svijetu \u2013 to je Crkva, lokalna crkva, novi Bo\u017eji narod.","robots":{"index":"index","follow":"follow","max-snippet":"max-snippet:-1","max-image-preview":"max-image-preview:large","max-video-preview":"max-video-preview:-1"},"canonical":"https:\/\/radosnavijest.hr\/shop\/product\/crkva-novi-bozji-narod\/","og_locale":"hr_HR","og_type":"article","og_title":"Crkva - novi Bo\u017eji narod","og_description":"Poziv lokalne crkve ne mo\u017ee biti uzvi\u0161eniji nego \u0161to jest.Pozvana je da bude svjetlo svijetu, da bude jedinstvenaobitelj med-u razjedinjenim zemaljskim obiteljima, dabude nastanjena Kristom osobno, da bude zjenica Bo\u017ejegaoka, da bude urezana u Kristove dlanove, da pronosi slavuslike Svetoga Trojstva, da bude utjelovljenje beskonac\u02c7neljubavi kri\u017ea, da bude grupni portret, ljep\u0161i nego bilo kojiu svijetu \u2013 to je Crkva, lokalna crkva, novi Bo\u017eji narod.","og_url":"https:\/\/radosnavijest.hr\/shop\/product\/crkva-novi-bozji-narod\/","og_site_name":"Radosna vijest","article_modified_time":"2023-12-21T17:35:43+00:00","og_image":[{"width":824,"height":1200,"url":"https:\/\/radosnavijest.hr\/shop\/wp-content\/uploads\/2023\/09\/crkva-front.jpg","type":"image\/jpeg"}],"twitter_card":"summary_large_image","twitter_misc":{"Procijenjeno vrijeme \u010ditanja":"1 minuta"},"schema":{"@context":"https:\/\/schema.org","@graph":[{"@type":"WebPage","@id":"https:\/\/radosnavijest.hr\/shop\/product\/crkva-novi-bozji-narod\/","url":"https:\/\/radosnavijest.hr\/shop\/product\/crkva-novi-bozji-narod\/","name":"Crkva - novi Bo\u017eji narod","isPartOf":{"@id":"https:\/\/radosnavijest.hr\/shop\/#website"},"primaryImageOfPage":{"@id":"https:\/\/radosnavijest.hr\/shop\/product\/crkva-novi-bozji-narod\/#primaryimage"},"image":{"@id":"https:\/\/radosnavijest.hr\/shop\/product\/crkva-novi-bozji-narod\/#primaryimage"},"thumbnailUrl":"https:\/\/radosnavijest.hr\/shop\/wp-content\/uploads\/2023\/09\/crkva-front.jpg","datePublished":"2023-07-20T23:59:14+00:00","dateModified":"2023-12-21T17:35:43+00:00","description":"Poziv lokalne crkve ne mo\u017ee biti uzvi\u0161eniji nego \u0161to jest.Pozvana je da bude svjetlo svijetu, da bude jedinstvenaobitelj med-u razjedinjenim zemaljskim obiteljima, dabude nastanjena Kristom osobno, da bude zjenica Bo\u017ejegaoka, da bude urezana u Kristove dlanove, da pronosi slavuslike Svetoga Trojstva, da bude utjelovljenje beskonac\u02c7neljubavi kri\u017ea, da bude grupni portret, ljep\u0161i nego bilo kojiu svijetu \u2013 to je Crkva, lokalna crkva, novi Bo\u017eji narod.","breadcrumb":{"@id":"https:\/\/radosnavijest.hr\/shop\/product\/crkva-novi-bozji-narod\/#breadcrumb"},"inLanguage":"hr","potentialAction":[{"@type":"ReadAction","target":["https:\/\/radosnavijest.hr\/shop\/product\/crkva-novi-bozji-narod\/"]}]},{"@type":"ImageObject","inLanguage":"hr","@id":"https:\/\/radosnavijest.hr\/shop\/product\/crkva-novi-bozji-narod\/#primaryimage","url":"https:\/\/radosnavijest.hr\/shop\/wp-content\/uploads\/2023\/09\/crkva-front.jpg","contentUrl":"https:\/\/radosnavijest.hr\/shop\/wp-content\/uploads\/2023\/09\/crkva-front.jpg","width":824,"height":1200},{"@type":"BreadcrumbList","@id":"https:\/\/radosnavijest.hr\/shop\/product\/crkva-novi-bozji-narod\/#breadcrumb","itemListElement":[{"@type":"ListItem","position":1,"name":"Po\u010detna","item":"https:\/\/radosnavijest.hr\/shop\/"},{"@type":"ListItem","position":2,"name":"Knjige","item":"https:\/\/radosnavijest.hr\/shop\/"},{"@type":"ListItem","position":3,"name":"Crkva &#8211; novi Bo\u017eji narod"}]},{"@type":"WebSite","@id":"https:\/\/radosnavijest.hr\/shop\/#website","url":"https:\/\/radosnavijest.hr\/shop\/","name":"Radosna vijest","description":"Knjige","publisher":{"@id":"https:\/\/radosnavijest.hr\/shop\/#organization"},"potentialAction":[{"@type":"SearchAction","target":{"@type":"EntryPoint","urlTemplate":"https:\/\/radosnavijest.hr\/shop\/?s={search_term_string}"},"query-input":{"@type":"PropertyValueSpecification","valueRequired":true,"valueName":"search_term_string"}}],"inLanguage":"hr"},{"@type":"Organization","@id":"https:\/\/radosnavijest.hr\/shop\/#organization","name":"Radosna vijest","url":"https:\/\/radosnavijest.hr\/shop\/","logo":{"@type":"ImageObject","inLanguage":"hr","@id":"https:\/\/radosnavijest.hr\/shop\/#\/schema\/logo\/image\/","url":"https:\/\/radosnavijest.hr\/shop\/wp-content\/uploads\/2023\/08\/cropped-RV-logo-RGB_web.png","contentUrl":"https:\/\/radosnavijest.hr\/shop\/wp-content\/uploads\/2023\/08\/cropped-RV-logo-RGB_web.png","width":600,"height":232,"caption":"Radosna vijest"},"image":{"@id":"https:\/\/radosnavijest.hr\/shop\/#\/schema\/logo\/image\/"}}]}},"_links":{"self":[{"href":"https:\/\/radosnavijest.hr\/shop\/wp-json\/wp\/v2\/product\/365","targetHints":{"allow":["GET"]}}],"collection":[{"href":"https:\/\/radosnavijest.hr\/shop\/wp-json\/wp\/v2\/product"}],"about":[{"href":"https:\/\/radosnavijest.hr\/shop\/wp-json\/wp\/v2\/types\/product"}],"wp:featuredmedia":[{"embeddable":true,"href":"https:\/\/radosnavijest.hr\/shop\/wp-json\/wp\/v2\/media\/417"}],"wp:attachment":[{"href":"https:\/\/radosnavijest.hr\/shop\/wp-json\/wp\/v2\/media?parent=365"}],"wp:term":[{"taxonomy":"product_brand","embeddable":true,"href":"https:\/\/radosnavijest.hr\/shop\/wp-json\/wp\/v2\/product_brand?post=365"},{"taxonomy":"product_cat","embeddable":true,"href":"https:\/\/radosnavijest.hr\/shop\/wp-json\/wp\/v2\/product_cat?post=365"},{"taxonomy":"product_tag","embeddable":true,"href":"https:\/\/radosnavijest.hr\/shop\/wp-json\/wp\/v2\/product_tag?post=365"},{"taxonomy":"autor","embeddable":true,"href":"https:\/\/radosnavijest.hr\/shop\/wp-json\/wp\/v2\/autor?post=365"}],"curies":[{"name":"wp","href":"https:\/\/api.w.org\/{rel}","templated":true}]}}