{"id":725,"date":"2022-11-20T00:36:39","date_gmt":"2022-11-19T23:36:39","guid":{"rendered":"https:\/\/radosnavijest.com\/shop\/?post_type=product&#038;p=725"},"modified":"2023-12-21T18:50:36","modified_gmt":"2023-12-21T17:50:36","slug":"radosna-vijest-o-velikom-veselju-pdf","status":"publish","type":"product","link":"https:\/\/radosnavijest.hr\/shop\/product\/radosna-vijest-o-velikom-veselju-pdf\/","title":{"rendered":"Radosna vijest o velikom veselju"},"content":{"rendered":"<p>\u0160to Isus \u017eeli ovog Bo\u017ei\u0107a?<br \/>\nOdgovor nam otkrivaju njegove molitve. Za \u0161to Isus moli Boga? Njegova najdu\u017ea molitva nalazi se u Ivanu 17, a vrhunac njegove \u017eelje vidimo u 24. stihu:<br \/>\n<em>\u201cO\u010de, htio bih da oni koje si mi dao budu gdje sam ja, zajedno sa mnom, da promatraju slavu koju si mi dao, jer si me ljubio prije postanka svijeta.\u201d Ivan 17, 24.<\/em><\/p>\n<p>Ono \u0161to Isus najvi\u0161e \u017eeli za Bo\u017ei\u0107 je da se njegovi izabrani okupe i prime ono \u0161to najvi\u0161e \u017eele:\u00a0<strong>gledati njegovu slavu i u\u017eivati u njoj onako kako Otac u\u017eiva u Sinu.<\/strong><\/p>\n<p>\u017delimo zajedni\u010dki gledati Isusa i u\u017eivati u njemu; Isusa, \u010diji prvi advent (dolazak) sada proslavljamo, i \u010diji drugi advent i\u0161\u010dekujemo.<\/p>\n","protected":false},"excerpt":{"rendered":"<p>Radosna vijest o velikom veselju na dostupan nam i svje\u017e na\u010din otkriva slavu Bo\u017ei\u0107a kroz 25 dnevnih \u010ditanja i promi\u0161ljanja. Ljudima koji uvijek nekamo \u017eure, a zapravo svi spadamo u tu kategoriju, veliko je olak\u0161anje (\u2026) da svakoga dana u adventu sjednu i provedu desetak minuta razmi\u0161ljaju\u0107i o na\u0161emu Spasitelju Isusu \u2013 odmore se, obraduju i o\u017eive.<\/p>\n<p>Format: PDF<br \/>\nBroj stranica: 145<br \/>\n<strong><a href=\"https:\/\/radosnavijest.hr\/shop\/wp-content\/uploads\/2023\/11\/Radosna-vijest.pdf\" target=\"_blank\" rel=\"noopener\">Preuzmite knjigu <\/a><\/strong><\/p>\n","protected":false},"featured_media":423,"template":"","meta":[],"product_brand":[],"product_cat":[36],"product_tag":[47],"autor":[32],"class_list":{"0":"post-725","1":"product","2":"type-product","3":"status-publish","4":"has-post-thumbnail","6":"product_cat-bozic","7":"product_tag-pdf","8":"autor-john-piper","10":"first","11":"outofstock","12":"downloadable","13":"virtual","14":"purchasable","15":"product-type-simple"},"yoast_head":"<!-- This site is optimized with the Yoast SEO plugin v27.3 - https:\/\/yoast.com\/product\/yoast-seo-wordpress\/ -->\n<title>Radosna vijest o velikom veselju<\/title>\n<meta name=\"description\" content=\"Radosna vijest o velikom veselju na dostupan nam i svje\u017e na\u010din otkriva slavu Bo\u017ei\u0107a. Ljudima koji uvijek nekamo \u017eure, veliko je olak\u0161anje da svakoga dana u adventu provedu desetak minuta u miru razmi\u0161ljaju\u0107i o na\u0161emu Spasitelju Isusu.\" \/>\n<meta name=\"robots\" content=\"index, follow, max-snippet:-1, max-image-preview:large, max-video-preview:-1\" \/>\n<link rel=\"canonical\" href=\"https:\/\/radosnavijest.hr\/shop\/product\/radosna-vijest-o-velikom-veselju-pdf\/\" \/>\n<meta property=\"og:locale\" content=\"hr_HR\" \/>\n<meta property=\"og:type\" content=\"article\" \/>\n<meta property=\"og:title\" content=\"Radosna vijest o velikom veselju\" \/>\n<meta property=\"og:description\" content=\"Radosna vijest o velikom veselju na dostupan nam i svje\u017e na\u010din otkriva slavu Bo\u017ei\u0107a. Ljudima koji uvijek nekamo \u017eure, veliko je olak\u0161anje da svakoga dana u adventu provedu desetak minuta u miru razmi\u0161ljaju\u0107i o na\u0161emu Spasitelju Isusu.\" \/>\n<meta property=\"og:url\" content=\"https:\/\/radosnavijest.hr\/shop\/product\/radosna-vijest-o-velikom-veselju-pdf\/\" \/>\n<meta property=\"og:site_name\" content=\"Radosna vijest\" \/>\n<meta property=\"article:modified_time\" content=\"2023-12-21T17:50:36+00:00\" \/>\n<meta property=\"og:image\" content=\"https:\/\/radosnavijest.hr\/shop\/wp-content\/uploads\/2023\/09\/radosna-vijest-o-velikom-veselju-front.jpg\" \/>\n\t<meta property=\"og:image:width\" content=\"824\" \/>\n\t<meta property=\"og:image:height\" content=\"1200\" \/>\n\t<meta property=\"og:image:type\" content=\"image\/jpeg\" \/>\n<meta name=\"twitter:card\" content=\"summary_large_image\" \/>\n<meta name=\"twitter:label1\" content=\"Procijenjeno vrijeme \u010ditanja\" \/>\n\t<meta name=\"twitter:data1\" content=\"1 minuta\" \/>\n<script type=\"application\/ld+json\" class=\"yoast-schema-graph\">{\"@context\":\"https:\\\/\\\/schema.org\",\"@graph\":[{\"@type\":\"WebPage\",\"@id\":\"https:\\\/\\\/radosnavijest.hr\\\/shop\\\/product\\\/radosna-vijest-o-velikom-veselju-pdf\\\/\",\"url\":\"https:\\\/\\\/radosnavijest.hr\\\/shop\\\/product\\\/radosna-vijest-o-velikom-veselju-pdf\\\/\",\"name\":\"Radosna vijest o velikom veselju\",\"isPartOf\":{\"@id\":\"https:\\\/\\\/radosnavijest.hr\\\/shop\\\/#website\"},\"primaryImageOfPage\":{\"@id\":\"https:\\\/\\\/radosnavijest.hr\\\/shop\\\/product\\\/radosna-vijest-o-velikom-veselju-pdf\\\/#primaryimage\"},\"image\":{\"@id\":\"https:\\\/\\\/radosnavijest.hr\\\/shop\\\/product\\\/radosna-vijest-o-velikom-veselju-pdf\\\/#primaryimage\"},\"thumbnailUrl\":\"https:\\\/\\\/radosnavijest.hr\\\/shop\\\/wp-content\\\/uploads\\\/2023\\\/09\\\/radosna-vijest-o-velikom-veselju-front.jpg\",\"datePublished\":\"2022-11-19T23:36:39+00:00\",\"dateModified\":\"2023-12-21T17:50:36+00:00\",\"description\":\"Radosna vijest o velikom veselju na dostupan nam i svje\u017e na\u010din otkriva slavu Bo\u017ei\u0107a. Ljudima koji uvijek nekamo \u017eure, veliko je olak\u0161anje da svakoga dana u adventu provedu desetak minuta u miru razmi\u0161ljaju\u0107i o na\u0161emu Spasitelju Isusu.\",\"breadcrumb\":{\"@id\":\"https:\\\/\\\/radosnavijest.hr\\\/shop\\\/product\\\/radosna-vijest-o-velikom-veselju-pdf\\\/#breadcrumb\"},\"inLanguage\":\"hr\",\"potentialAction\":[{\"@type\":\"ReadAction\",\"target\":[\"https:\\\/\\\/radosnavijest.hr\\\/shop\\\/product\\\/radosna-vijest-o-velikom-veselju-pdf\\\/\"]}]},{\"@type\":\"ImageObject\",\"inLanguage\":\"hr\",\"@id\":\"https:\\\/\\\/radosnavijest.hr\\\/shop\\\/product\\\/radosna-vijest-o-velikom-veselju-pdf\\\/#primaryimage\",\"url\":\"https:\\\/\\\/radosnavijest.hr\\\/shop\\\/wp-content\\\/uploads\\\/2023\\\/09\\\/radosna-vijest-o-velikom-veselju-front.jpg\",\"contentUrl\":\"https:\\\/\\\/radosnavijest.hr\\\/shop\\\/wp-content\\\/uploads\\\/2023\\\/09\\\/radosna-vijest-o-velikom-veselju-front.jpg\",\"width\":824,\"height\":1200},{\"@type\":\"BreadcrumbList\",\"@id\":\"https:\\\/\\\/radosnavijest.hr\\\/shop\\\/product\\\/radosna-vijest-o-velikom-veselju-pdf\\\/#breadcrumb\",\"itemListElement\":[{\"@type\":\"ListItem\",\"position\":1,\"name\":\"Po\u010detna\",\"item\":\"https:\\\/\\\/radosnavijest.hr\\\/shop\\\/\"},{\"@type\":\"ListItem\",\"position\":2,\"name\":\"Knjige\",\"item\":\"https:\\\/\\\/radosnavijest.hr\\\/shop\\\/\"},{\"@type\":\"ListItem\",\"position\":3,\"name\":\"Radosna vijest o velikom veselju\"}]},{\"@type\":\"WebSite\",\"@id\":\"https:\\\/\\\/radosnavijest.hr\\\/shop\\\/#website\",\"url\":\"https:\\\/\\\/radosnavijest.hr\\\/shop\\\/\",\"name\":\"Radosna vijest\",\"description\":\"Knjige\",\"publisher\":{\"@id\":\"https:\\\/\\\/radosnavijest.hr\\\/shop\\\/#organization\"},\"potentialAction\":[{\"@type\":\"SearchAction\",\"target\":{\"@type\":\"EntryPoint\",\"urlTemplate\":\"https:\\\/\\\/radosnavijest.hr\\\/shop\\\/?s={search_term_string}\"},\"query-input\":{\"@type\":\"PropertyValueSpecification\",\"valueRequired\":true,\"valueName\":\"search_term_string\"}}],\"inLanguage\":\"hr\"},{\"@type\":\"Organization\",\"@id\":\"https:\\\/\\\/radosnavijest.hr\\\/shop\\\/#organization\",\"name\":\"Radosna vijest\",\"url\":\"https:\\\/\\\/radosnavijest.hr\\\/shop\\\/\",\"logo\":{\"@type\":\"ImageObject\",\"inLanguage\":\"hr\",\"@id\":\"https:\\\/\\\/radosnavijest.hr\\\/shop\\\/#\\\/schema\\\/logo\\\/image\\\/\",\"url\":\"https:\\\/\\\/radosnavijest.hr\\\/shop\\\/wp-content\\\/uploads\\\/2023\\\/08\\\/cropped-RV-logo-RGB_web.png\",\"contentUrl\":\"https:\\\/\\\/radosnavijest.hr\\\/shop\\\/wp-content\\\/uploads\\\/2023\\\/08\\\/cropped-RV-logo-RGB_web.png\",\"width\":600,\"height\":232,\"caption\":\"Radosna vijest\"},\"image\":{\"@id\":\"https:\\\/\\\/radosnavijest.hr\\\/shop\\\/#\\\/schema\\\/logo\\\/image\\\/\"}}]}<\/script>\n<!-- \/ Yoast SEO plugin. -->","yoast_head_json":{"title":"Radosna vijest o velikom veselju","description":"Radosna vijest o velikom veselju na dostupan nam i svje\u017e na\u010din otkriva slavu Bo\u017ei\u0107a. Ljudima koji uvijek nekamo \u017eure, veliko je olak\u0161anje da svakoga dana u adventu provedu desetak minuta u miru razmi\u0161ljaju\u0107i o na\u0161emu Spasitelju Isusu.","robots":{"index":"index","follow":"follow","max-snippet":"max-snippet:-1","max-image-preview":"max-image-preview:large","max-video-preview":"max-video-preview:-1"},"canonical":"https:\/\/radosnavijest.hr\/shop\/product\/radosna-vijest-o-velikom-veselju-pdf\/","og_locale":"hr_HR","og_type":"article","og_title":"Radosna vijest o velikom veselju","og_description":"Radosna vijest o velikom veselju na dostupan nam i svje\u017e na\u010din otkriva slavu Bo\u017ei\u0107a. Ljudima koji uvijek nekamo \u017eure, veliko je olak\u0161anje da svakoga dana u adventu provedu desetak minuta u miru razmi\u0161ljaju\u0107i o na\u0161emu Spasitelju Isusu.","og_url":"https:\/\/radosnavijest.hr\/shop\/product\/radosna-vijest-o-velikom-veselju-pdf\/","og_site_name":"Radosna vijest","article_modified_time":"2023-12-21T17:50:36+00:00","og_image":[{"width":824,"height":1200,"url":"https:\/\/radosnavijest.hr\/shop\/wp-content\/uploads\/2023\/09\/radosna-vijest-o-velikom-veselju-front.jpg","type":"image\/jpeg"}],"twitter_card":"summary_large_image","twitter_misc":{"Procijenjeno vrijeme \u010ditanja":"1 minuta"},"schema":{"@context":"https:\/\/schema.org","@graph":[{"@type":"WebPage","@id":"https:\/\/radosnavijest.hr\/shop\/product\/radosna-vijest-o-velikom-veselju-pdf\/","url":"https:\/\/radosnavijest.hr\/shop\/product\/radosna-vijest-o-velikom-veselju-pdf\/","name":"Radosna vijest o velikom veselju","isPartOf":{"@id":"https:\/\/radosnavijest.hr\/shop\/#website"},"primaryImageOfPage":{"@id":"https:\/\/radosnavijest.hr\/shop\/product\/radosna-vijest-o-velikom-veselju-pdf\/#primaryimage"},"image":{"@id":"https:\/\/radosnavijest.hr\/shop\/product\/radosna-vijest-o-velikom-veselju-pdf\/#primaryimage"},"thumbnailUrl":"https:\/\/radosnavijest.hr\/shop\/wp-content\/uploads\/2023\/09\/radosna-vijest-o-velikom-veselju-front.jpg","datePublished":"2022-11-19T23:36:39+00:00","dateModified":"2023-12-21T17:50:36+00:00","description":"Radosna vijest o velikom veselju na dostupan nam i svje\u017e na\u010din otkriva slavu Bo\u017ei\u0107a. Ljudima koji uvijek nekamo \u017eure, veliko je olak\u0161anje da svakoga dana u adventu provedu desetak minuta u miru razmi\u0161ljaju\u0107i o na\u0161emu Spasitelju Isusu.","breadcrumb":{"@id":"https:\/\/radosnavijest.hr\/shop\/product\/radosna-vijest-o-velikom-veselju-pdf\/#breadcrumb"},"inLanguage":"hr","potentialAction":[{"@type":"ReadAction","target":["https:\/\/radosnavijest.hr\/shop\/product\/radosna-vijest-o-velikom-veselju-pdf\/"]}]},{"@type":"ImageObject","inLanguage":"hr","@id":"https:\/\/radosnavijest.hr\/shop\/product\/radosna-vijest-o-velikom-veselju-pdf\/#primaryimage","url":"https:\/\/radosnavijest.hr\/shop\/wp-content\/uploads\/2023\/09\/radosna-vijest-o-velikom-veselju-front.jpg","contentUrl":"https:\/\/radosnavijest.hr\/shop\/wp-content\/uploads\/2023\/09\/radosna-vijest-o-velikom-veselju-front.jpg","width":824,"height":1200},{"@type":"BreadcrumbList","@id":"https:\/\/radosnavijest.hr\/shop\/product\/radosna-vijest-o-velikom-veselju-pdf\/#breadcrumb","itemListElement":[{"@type":"ListItem","position":1,"name":"Po\u010detna","item":"https:\/\/radosnavijest.hr\/shop\/"},{"@type":"ListItem","position":2,"name":"Knjige","item":"https:\/\/radosnavijest.hr\/shop\/"},{"@type":"ListItem","position":3,"name":"Radosna vijest o velikom veselju"}]},{"@type":"WebSite","@id":"https:\/\/radosnavijest.hr\/shop\/#website","url":"https:\/\/radosnavijest.hr\/shop\/","name":"Radosna vijest","description":"Knjige","publisher":{"@id":"https:\/\/radosnavijest.hr\/shop\/#organization"},"potentialAction":[{"@type":"SearchAction","target":{"@type":"EntryPoint","urlTemplate":"https:\/\/radosnavijest.hr\/shop\/?s={search_term_string}"},"query-input":{"@type":"PropertyValueSpecification","valueRequired":true,"valueName":"search_term_string"}}],"inLanguage":"hr"},{"@type":"Organization","@id":"https:\/\/radosnavijest.hr\/shop\/#organization","name":"Radosna vijest","url":"https:\/\/radosnavijest.hr\/shop\/","logo":{"@type":"ImageObject","inLanguage":"hr","@id":"https:\/\/radosnavijest.hr\/shop\/#\/schema\/logo\/image\/","url":"https:\/\/radosnavijest.hr\/shop\/wp-content\/uploads\/2023\/08\/cropped-RV-logo-RGB_web.png","contentUrl":"https:\/\/radosnavijest.hr\/shop\/wp-content\/uploads\/2023\/08\/cropped-RV-logo-RGB_web.png","width":600,"height":232,"caption":"Radosna vijest"},"image":{"@id":"https:\/\/radosnavijest.hr\/shop\/#\/schema\/logo\/image\/"}}]}},"_links":{"self":[{"href":"https:\/\/radosnavijest.hr\/shop\/wp-json\/wp\/v2\/product\/725","targetHints":{"allow":["GET"]}}],"collection":[{"href":"https:\/\/radosnavijest.hr\/shop\/wp-json\/wp\/v2\/product"}],"about":[{"href":"https:\/\/radosnavijest.hr\/shop\/wp-json\/wp\/v2\/types\/product"}],"wp:featuredmedia":[{"embeddable":true,"href":"https:\/\/radosnavijest.hr\/shop\/wp-json\/wp\/v2\/media\/423"}],"wp:attachment":[{"href":"https:\/\/radosnavijest.hr\/shop\/wp-json\/wp\/v2\/media?parent=725"}],"wp:term":[{"taxonomy":"product_brand","embeddable":true,"href":"https:\/\/radosnavijest.hr\/shop\/wp-json\/wp\/v2\/product_brand?post=725"},{"taxonomy":"product_cat","embeddable":true,"href":"https:\/\/radosnavijest.hr\/shop\/wp-json\/wp\/v2\/product_cat?post=725"},{"taxonomy":"product_tag","embeddable":true,"href":"https:\/\/radosnavijest.hr\/shop\/wp-json\/wp\/v2\/product_tag?post=725"},{"taxonomy":"autor","embeddable":true,"href":"https:\/\/radosnavijest.hr\/shop\/wp-json\/wp\/v2\/autor?post=725"}],"curies":[{"name":"wp","href":"https:\/\/api.w.org\/{rel}","templated":true}]}}