{"id":728,"date":"2023-12-20T21:01:57","date_gmt":"2023-12-20T20:01:57","guid":{"rendered":"https:\/\/radosnavijest.com\/shop\/?post_type=product&#038;p=728"},"modified":"2024-12-25T23:54:45","modified_gmt":"2024-12-25T22:54:45","slug":"katekizam-novoga-grada","status":"publish","type":"product","link":"https:\/\/radosnavijest.hr\/shop\/product\/katekizam-novoga-grada\/","title":{"rendered":"Katekizam Novoga grada"},"content":{"rendered":"<p>Katekizam Novoga grada ima 52 pitanja i odgovora preuzeta iz razli\u010ditih povijesnih katekizama iz vremena Reformacije.\u00a0 Svako pitanje sadr\u017ei relevantno \u010ditanje Svetog pisma, komentar kr\u0161\u0107anskih autora iz pro\u0161losti (poput Augustina i Martina Luthera), duhovno promi\u0161ljanje suvremenih pastora (Johna Pipera, Timothyja Kellera i drugih), te kratku molitvu. Osmi\u0161ljen je za uporabu u razli\u010ditim kontekstima kao vrijedna poma\u0107 vjernicima da nau\u010de i meditiraju o klju\u010dnim doktrinama koje stoje u sredi\u0161tu\u00a0kr\u0161\u0107anske vjere.<br \/>\nKatekizam je, nadalje, podijeljen na tri dijela:<\/p>\n<ul>\n<li>Prvi dio: Bog, stvaranje i pad, zakon (20 pitanja);<\/li>\n<li>Drugi dio: Krist, otkupljenje, milost (15 pitanja);<\/li>\n<li>Tre\u0107i dio: Duh, obnova, rast u milosti (17 pitanja)<\/li>\n<\/ul>\n","protected":false},"excerpt":{"rendered":"<p>Katekizam Novoga grada ima 52 pitanja i odgovora preuzeta iz razli\u010ditih povijesnih katekizama iz vremena Reformacije.\u00a0 Svako pitanje sadr\u017ei relevantno \u010ditanje Svetog pisma, komentar kr\u0161\u0107anskih autora iz pro\u0161losti (poput Augustina i Martina Luthera), duhovno promi\u0161ljanje suvremenih pastora (Johna Pipera, Timothyja Kellera i drugih), te kratku molitvu.<\/p>\n<p><span style=\"font-weight: 400;\">Urednik: Collin Hansen<br \/>\nFormat: Tvrdi uvez<br \/>\nDimenzije: 150 x 217 x 18 mm<br \/>\nBroj stranica: 244<\/span><\/p>\n","protected":false},"featured_media":731,"template":"","meta":[],"product_brand":[],"product_cat":[35],"product_tag":[],"autor":[56],"class_list":{"0":"post-728","1":"product","2":"type-product","3":"status-publish","4":"has-post-thumbnail","6":"product_cat-krscanstvo","7":"autor-collinhansen","9":"first","10":"instock","11":"shipping-taxable","12":"purchasable","13":"product-type-simple"},"yoast_head":"<!-- This site is optimized with the Yoast SEO plugin v27.3 - https:\/\/yoast.com\/product\/yoast-seo-wordpress\/ -->\n<title>Katekizam Novoga grada - Radosna vijest<\/title>\n<meta name=\"description\" content=\"Katekizam Novoga grada ima 52 pitanja i odgovora preuzeta iz razli\u010ditih povijesnih katekizama iz vremena Reformacije.\u00a0 Svako pitanje sadr\u017ei relevantno \u010ditanje Svetog pisma, komentar kr\u0161\u0107anskih autora iz pro\u0161losti (poput Augustina i Martina Luthera), duhovno promi\u0161ljanje suvremenih pastora (Johna Pipera, Timothyja Kellera i drugih), te kratku molitvu\" \/>\n<meta name=\"robots\" content=\"index, follow, max-snippet:-1, max-image-preview:large, max-video-preview:-1\" \/>\n<link rel=\"canonical\" href=\"https:\/\/radosnavijest.hr\/shop\/product\/katekizam-novoga-grada\/\" \/>\n<meta property=\"og:locale\" content=\"hr_HR\" \/>\n<meta property=\"og:type\" content=\"article\" \/>\n<meta property=\"og:title\" content=\"Katekizam Novoga grada - Radosna vijest\" \/>\n<meta property=\"og:description\" content=\"Katekizam Novoga grada ima 52 pitanja i odgovora preuzeta iz razli\u010ditih povijesnih katekizama iz vremena Reformacije.\u00a0 Svako pitanje sadr\u017ei relevantno \u010ditanje Svetog pisma, komentar kr\u0161\u0107anskih autora iz pro\u0161losti (poput Augustina i Martina Luthera), duhovno promi\u0161ljanje suvremenih pastora (Johna Pipera, Timothyja Kellera i drugih), te kratku molitvu\" \/>\n<meta property=\"og:url\" content=\"https:\/\/radosnavijest.hr\/shop\/product\/katekizam-novoga-grada\/\" \/>\n<meta property=\"og:site_name\" content=\"Radosna vijest\" \/>\n<meta property=\"article:modified_time\" content=\"2024-12-25T22:54:45+00:00\" \/>\n<meta property=\"og:image\" content=\"https:\/\/radosnavijest.hr\/shop\/wp-content\/uploads\/2023\/12\/Katekizam_front-1.jpg\" \/>\n\t<meta property=\"og:image:width\" content=\"824\" \/>\n\t<meta property=\"og:image:height\" content=\"1200\" \/>\n\t<meta property=\"og:image:type\" content=\"image\/jpeg\" \/>\n<meta name=\"twitter:card\" content=\"summary_large_image\" \/>\n<meta name=\"twitter:label1\" content=\"Procijenjeno vrijeme \u010ditanja\" \/>\n\t<meta name=\"twitter:data1\" content=\"1 minuta\" \/>\n<script type=\"application\/ld+json\" class=\"yoast-schema-graph\">{\"@context\":\"https:\\\/\\\/schema.org\",\"@graph\":[{\"@type\":\"WebPage\",\"@id\":\"https:\\\/\\\/radosnavijest.hr\\\/shop\\\/product\\\/katekizam-novoga-grada\\\/\",\"url\":\"https:\\\/\\\/radosnavijest.hr\\\/shop\\\/product\\\/katekizam-novoga-grada\\\/\",\"name\":\"Katekizam Novoga grada - Radosna vijest\",\"isPartOf\":{\"@id\":\"https:\\\/\\\/radosnavijest.hr\\\/shop\\\/#website\"},\"primaryImageOfPage\":{\"@id\":\"https:\\\/\\\/radosnavijest.hr\\\/shop\\\/product\\\/katekizam-novoga-grada\\\/#primaryimage\"},\"image\":{\"@id\":\"https:\\\/\\\/radosnavijest.hr\\\/shop\\\/product\\\/katekizam-novoga-grada\\\/#primaryimage\"},\"thumbnailUrl\":\"https:\\\/\\\/radosnavijest.hr\\\/shop\\\/wp-content\\\/uploads\\\/2023\\\/12\\\/Katekizam_front-1.jpg\",\"datePublished\":\"2023-12-20T20:01:57+00:00\",\"dateModified\":\"2024-12-25T22:54:45+00:00\",\"description\":\"Katekizam Novoga grada ima 52 pitanja i odgovora preuzeta iz razli\u010ditih povijesnih katekizama iz vremena Reformacije.\u00a0 Svako pitanje sadr\u017ei relevantno \u010ditanje Svetog pisma, komentar kr\u0161\u0107anskih autora iz pro\u0161losti (poput Augustina i Martina Luthera), duhovno promi\u0161ljanje suvremenih pastora (Johna Pipera, Timothyja Kellera i drugih), te kratku molitvu\",\"breadcrumb\":{\"@id\":\"https:\\\/\\\/radosnavijest.hr\\\/shop\\\/product\\\/katekizam-novoga-grada\\\/#breadcrumb\"},\"inLanguage\":\"hr\",\"potentialAction\":[{\"@type\":\"ReadAction\",\"target\":[\"https:\\\/\\\/radosnavijest.hr\\\/shop\\\/product\\\/katekizam-novoga-grada\\\/\"]}]},{\"@type\":\"ImageObject\",\"inLanguage\":\"hr\",\"@id\":\"https:\\\/\\\/radosnavijest.hr\\\/shop\\\/product\\\/katekizam-novoga-grada\\\/#primaryimage\",\"url\":\"https:\\\/\\\/radosnavijest.hr\\\/shop\\\/wp-content\\\/uploads\\\/2023\\\/12\\\/Katekizam_front-1.jpg\",\"contentUrl\":\"https:\\\/\\\/radosnavijest.hr\\\/shop\\\/wp-content\\\/uploads\\\/2023\\\/12\\\/Katekizam_front-1.jpg\",\"width\":824,\"height\":1200},{\"@type\":\"BreadcrumbList\",\"@id\":\"https:\\\/\\\/radosnavijest.hr\\\/shop\\\/product\\\/katekizam-novoga-grada\\\/#breadcrumb\",\"itemListElement\":[{\"@type\":\"ListItem\",\"position\":1,\"name\":\"Po\u010detna\",\"item\":\"https:\\\/\\\/radosnavijest.hr\\\/shop\\\/\"},{\"@type\":\"ListItem\",\"position\":2,\"name\":\"Knjige\",\"item\":\"https:\\\/\\\/radosnavijest.hr\\\/shop\\\/\"},{\"@type\":\"ListItem\",\"position\":3,\"name\":\"Katekizam Novoga grada\"}]},{\"@type\":\"WebSite\",\"@id\":\"https:\\\/\\\/radosnavijest.hr\\\/shop\\\/#website\",\"url\":\"https:\\\/\\\/radosnavijest.hr\\\/shop\\\/\",\"name\":\"Radosna vijest\",\"description\":\"Knjige\",\"publisher\":{\"@id\":\"https:\\\/\\\/radosnavijest.hr\\\/shop\\\/#organization\"},\"potentialAction\":[{\"@type\":\"SearchAction\",\"target\":{\"@type\":\"EntryPoint\",\"urlTemplate\":\"https:\\\/\\\/radosnavijest.hr\\\/shop\\\/?s={search_term_string}\"},\"query-input\":{\"@type\":\"PropertyValueSpecification\",\"valueRequired\":true,\"valueName\":\"search_term_string\"}}],\"inLanguage\":\"hr\"},{\"@type\":\"Organization\",\"@id\":\"https:\\\/\\\/radosnavijest.hr\\\/shop\\\/#organization\",\"name\":\"Radosna vijest\",\"url\":\"https:\\\/\\\/radosnavijest.hr\\\/shop\\\/\",\"logo\":{\"@type\":\"ImageObject\",\"inLanguage\":\"hr\",\"@id\":\"https:\\\/\\\/radosnavijest.hr\\\/shop\\\/#\\\/schema\\\/logo\\\/image\\\/\",\"url\":\"https:\\\/\\\/radosnavijest.hr\\\/shop\\\/wp-content\\\/uploads\\\/2023\\\/08\\\/cropped-RV-logo-RGB_web.png\",\"contentUrl\":\"https:\\\/\\\/radosnavijest.hr\\\/shop\\\/wp-content\\\/uploads\\\/2023\\\/08\\\/cropped-RV-logo-RGB_web.png\",\"width\":600,\"height\":232,\"caption\":\"Radosna vijest\"},\"image\":{\"@id\":\"https:\\\/\\\/radosnavijest.hr\\\/shop\\\/#\\\/schema\\\/logo\\\/image\\\/\"}}]}<\/script>\n<!-- \/ Yoast SEO plugin. -->","yoast_head_json":{"title":"Katekizam Novoga grada - Radosna vijest","description":"Katekizam Novoga grada ima 52 pitanja i odgovora preuzeta iz razli\u010ditih povijesnih katekizama iz vremena Reformacije.\u00a0 Svako pitanje sadr\u017ei relevantno \u010ditanje Svetog pisma, komentar kr\u0161\u0107anskih autora iz pro\u0161losti (poput Augustina i Martina Luthera), duhovno promi\u0161ljanje suvremenih pastora (Johna Pipera, Timothyja Kellera i drugih), te kratku molitvu","robots":{"index":"index","follow":"follow","max-snippet":"max-snippet:-1","max-image-preview":"max-image-preview:large","max-video-preview":"max-video-preview:-1"},"canonical":"https:\/\/radosnavijest.hr\/shop\/product\/katekizam-novoga-grada\/","og_locale":"hr_HR","og_type":"article","og_title":"Katekizam Novoga grada - Radosna vijest","og_description":"Katekizam Novoga grada ima 52 pitanja i odgovora preuzeta iz razli\u010ditih povijesnih katekizama iz vremena Reformacije.\u00a0 Svako pitanje sadr\u017ei relevantno \u010ditanje Svetog pisma, komentar kr\u0161\u0107anskih autora iz pro\u0161losti (poput Augustina i Martina Luthera), duhovno promi\u0161ljanje suvremenih pastora (Johna Pipera, Timothyja Kellera i drugih), te kratku molitvu","og_url":"https:\/\/radosnavijest.hr\/shop\/product\/katekizam-novoga-grada\/","og_site_name":"Radosna vijest","article_modified_time":"2024-12-25T22:54:45+00:00","og_image":[{"width":824,"height":1200,"url":"https:\/\/radosnavijest.hr\/shop\/wp-content\/uploads\/2023\/12\/Katekizam_front-1.jpg","type":"image\/jpeg"}],"twitter_card":"summary_large_image","twitter_misc":{"Procijenjeno vrijeme \u010ditanja":"1 minuta"},"schema":{"@context":"https:\/\/schema.org","@graph":[{"@type":"WebPage","@id":"https:\/\/radosnavijest.hr\/shop\/product\/katekizam-novoga-grada\/","url":"https:\/\/radosnavijest.hr\/shop\/product\/katekizam-novoga-grada\/","name":"Katekizam Novoga grada - Radosna vijest","isPartOf":{"@id":"https:\/\/radosnavijest.hr\/shop\/#website"},"primaryImageOfPage":{"@id":"https:\/\/radosnavijest.hr\/shop\/product\/katekizam-novoga-grada\/#primaryimage"},"image":{"@id":"https:\/\/radosnavijest.hr\/shop\/product\/katekizam-novoga-grada\/#primaryimage"},"thumbnailUrl":"https:\/\/radosnavijest.hr\/shop\/wp-content\/uploads\/2023\/12\/Katekizam_front-1.jpg","datePublished":"2023-12-20T20:01:57+00:00","dateModified":"2024-12-25T22:54:45+00:00","description":"Katekizam Novoga grada ima 52 pitanja i odgovora preuzeta iz razli\u010ditih povijesnih katekizama iz vremena Reformacije.\u00a0 Svako pitanje sadr\u017ei relevantno \u010ditanje Svetog pisma, komentar kr\u0161\u0107anskih autora iz pro\u0161losti (poput Augustina i Martina Luthera), duhovno promi\u0161ljanje suvremenih pastora (Johna Pipera, Timothyja Kellera i drugih), te kratku molitvu","breadcrumb":{"@id":"https:\/\/radosnavijest.hr\/shop\/product\/katekizam-novoga-grada\/#breadcrumb"},"inLanguage":"hr","potentialAction":[{"@type":"ReadAction","target":["https:\/\/radosnavijest.hr\/shop\/product\/katekizam-novoga-grada\/"]}]},{"@type":"ImageObject","inLanguage":"hr","@id":"https:\/\/radosnavijest.hr\/shop\/product\/katekizam-novoga-grada\/#primaryimage","url":"https:\/\/radosnavijest.hr\/shop\/wp-content\/uploads\/2023\/12\/Katekizam_front-1.jpg","contentUrl":"https:\/\/radosnavijest.hr\/shop\/wp-content\/uploads\/2023\/12\/Katekizam_front-1.jpg","width":824,"height":1200},{"@type":"BreadcrumbList","@id":"https:\/\/radosnavijest.hr\/shop\/product\/katekizam-novoga-grada\/#breadcrumb","itemListElement":[{"@type":"ListItem","position":1,"name":"Po\u010detna","item":"https:\/\/radosnavijest.hr\/shop\/"},{"@type":"ListItem","position":2,"name":"Knjige","item":"https:\/\/radosnavijest.hr\/shop\/"},{"@type":"ListItem","position":3,"name":"Katekizam Novoga grada"}]},{"@type":"WebSite","@id":"https:\/\/radosnavijest.hr\/shop\/#website","url":"https:\/\/radosnavijest.hr\/shop\/","name":"Radosna vijest","description":"Knjige","publisher":{"@id":"https:\/\/radosnavijest.hr\/shop\/#organization"},"potentialAction":[{"@type":"SearchAction","target":{"@type":"EntryPoint","urlTemplate":"https:\/\/radosnavijest.hr\/shop\/?s={search_term_string}"},"query-input":{"@type":"PropertyValueSpecification","valueRequired":true,"valueName":"search_term_string"}}],"inLanguage":"hr"},{"@type":"Organization","@id":"https:\/\/radosnavijest.hr\/shop\/#organization","name":"Radosna vijest","url":"https:\/\/radosnavijest.hr\/shop\/","logo":{"@type":"ImageObject","inLanguage":"hr","@id":"https:\/\/radosnavijest.hr\/shop\/#\/schema\/logo\/image\/","url":"https:\/\/radosnavijest.hr\/shop\/wp-content\/uploads\/2023\/08\/cropped-RV-logo-RGB_web.png","contentUrl":"https:\/\/radosnavijest.hr\/shop\/wp-content\/uploads\/2023\/08\/cropped-RV-logo-RGB_web.png","width":600,"height":232,"caption":"Radosna vijest"},"image":{"@id":"https:\/\/radosnavijest.hr\/shop\/#\/schema\/logo\/image\/"}}]}},"_links":{"self":[{"href":"https:\/\/radosnavijest.hr\/shop\/wp-json\/wp\/v2\/product\/728","targetHints":{"allow":["GET"]}}],"collection":[{"href":"https:\/\/radosnavijest.hr\/shop\/wp-json\/wp\/v2\/product"}],"about":[{"href":"https:\/\/radosnavijest.hr\/shop\/wp-json\/wp\/v2\/types\/product"}],"wp:featuredmedia":[{"embeddable":true,"href":"https:\/\/radosnavijest.hr\/shop\/wp-json\/wp\/v2\/media\/731"}],"wp:attachment":[{"href":"https:\/\/radosnavijest.hr\/shop\/wp-json\/wp\/v2\/media?parent=728"}],"wp:term":[{"taxonomy":"product_brand","embeddable":true,"href":"https:\/\/radosnavijest.hr\/shop\/wp-json\/wp\/v2\/product_brand?post=728"},{"taxonomy":"product_cat","embeddable":true,"href":"https:\/\/radosnavijest.hr\/shop\/wp-json\/wp\/v2\/product_cat?post=728"},{"taxonomy":"product_tag","embeddable":true,"href":"https:\/\/radosnavijest.hr\/shop\/wp-json\/wp\/v2\/product_tag?post=728"},{"taxonomy":"autor","embeddable":true,"href":"https:\/\/radosnavijest.hr\/shop\/wp-json\/wp\/v2\/autor?post=728"}],"curies":[{"name":"wp","href":"https:\/\/api.w.org\/{rel}","templated":true}]}}