{"id":787,"date":"2024-02-07T02:01:31","date_gmt":"2024-02-07T01:01:31","guid":{"rendered":"https:\/\/radosnavijest.com\/shop\/?post_type=product&#038;p=787"},"modified":"2024-12-25T23:54:06","modified_gmt":"2024-12-25T22:54:06","slug":"zasto-volim-apostola-pavla","status":"publish","type":"product","link":"https:\/\/radosnavijest.hr\/shop\/product\/zasto-volim-apostola-pavla\/","title":{"rendered":"Za\u0161to volim apostola Pavla"},"content":{"rendered":"<p>Dr. John Piper nas u ovoj knjizi poziva da mu se pridru\u017eimo u ra\u0161irivanju srca prema apostolu Pavlu. On \u017eeli da zavolimo Pavla kao pouzdanog i istinitog Kristova svjedoka, \u010dovjeka vrijednoga na\u0161ega divljenja i povjerenja, ponajvi\u0161e zbog toga \u0161to sam Pavao tako predano i vjerno ukazuje na Gospodina Isusa Krista te predivno utjelovljuje upravo Isusovu ljubav prema nama.<br \/>\nU tu je svrhu Piper pripremio \u010dak 30 razloga koje raspli\u0107e u 30 poglavlja knjige, koje su upakirane u njezinih sedam dijelova:<\/p>\n<p><strong>Prvi dio<\/strong>: Prekrasna transformacija<br \/>\n<strong>Drugi dio<\/strong>: Ljubav prema \u010dovjeku koji je oblikovao moj \u017eivot<br \/>\n<strong>Tre\u0107i dio<\/strong>: Logi\u010dan um i srce puno ljubavi<br \/>\n<strong>\u010cetvrti dio<\/strong>: Kad otajstvo zapjeva<br \/>\n<strong>Peti dio<\/strong>: Osobna revnost za dragocjenu zajednicu<br \/>\n<strong>\u0160esti dio<\/strong>: Smatrao je druge ve\u0107ima od sebe<br \/>\n<strong>Sedmi dio<\/strong>: Najbolji dar koji nam je Pavao mogao dati<\/p>\n","protected":false},"excerpt":{"rendered":"<p>Dr. John Piper nas poziva da mu se pridru\u017eimo u ra\u0161irivanju srca prema apostolu Pavlu. On \u017eeli da zavolimo Pavla kao pouzdanog i istinitog Kristova svjedoka, \u010dovjeka vrijednoga na\u0161ega divljenja i povjerenja, ponajvi\u0161e zbog toga \u0161to sam Pavao tako predano i vjerno ukazuje na Gospodina Isusa Krista te predivno utjelovljuje upravo Isusovu ljubav prema nama.<br \/>\nU tu je svrhu Piper pripremio \u010dak 30 razloga koje raspli\u0107e u 30 poglavlja knjige, a koje su upakirane u njezinih sedam dijelova.<\/p>\n<p><span style=\"font-weight: 400;\">Format: Meki uvez<br \/>\nDimenzije: 135 x 200 x 16 mm<br \/>\nBroj stranica: 208<\/span><\/p>\n","protected":false},"featured_media":789,"template":"","meta":[],"product_brand":[],"product_cat":[35],"product_tag":[],"autor":[32],"class_list":{"0":"post-787","1":"product","2":"type-product","3":"status-publish","4":"has-post-thumbnail","6":"product_cat-krscanstvo","7":"autor-john-piper","9":"first","10":"instock","11":"shipping-taxable","12":"purchasable","13":"product-type-simple"},"yoast_head":"<!-- This site is optimized with the Yoast SEO plugin v27.4 - https:\/\/yoast.com\/product\/yoast-seo-wordpress\/ -->\n<title>Za\u0161to volim apostola Pavla<\/title>\n<meta name=\"description\" content=\"Nadamo se da \u0107e ova topla knjiga ra\u0161iriti va\u0161a srca i razgaliti vas u ljubavi prema apostolu Pavlu i prema Onome na koga je on uvijek ukazivao: Trojedinom Bogu koji nam se u Sinu i po Duhu otkriva kao Otac koji je prepun ljubavi prema nama.\" \/>\n<meta name=\"robots\" content=\"index, follow, max-snippet:-1, max-image-preview:large, max-video-preview:-1\" \/>\n<link rel=\"canonical\" href=\"https:\/\/radosnavijest.hr\/shop\/product\/zasto-volim-apostola-pavla\/\" \/>\n<meta property=\"og:locale\" content=\"hr_HR\" \/>\n<meta property=\"og:type\" content=\"article\" \/>\n<meta property=\"og:title\" content=\"Za\u0161to volim apostola Pavla\" \/>\n<meta property=\"og:description\" content=\"Nadamo se da \u0107e ova topla knjiga ra\u0161iriti va\u0161a srca i razgaliti vas u ljubavi prema apostolu Pavlu i prema Onome na koga je on uvijek ukazivao: Trojedinom Bogu koji nam se u Sinu i po Duhu otkriva kao Otac koji je prepun ljubavi prema nama.\" \/>\n<meta property=\"og:url\" content=\"https:\/\/radosnavijest.hr\/shop\/product\/zasto-volim-apostola-pavla\/\" \/>\n<meta property=\"og:site_name\" content=\"Radosna vijest\" \/>\n<meta property=\"article:modified_time\" content=\"2024-12-25T22:54:06+00:00\" \/>\n<meta property=\"og:image\" content=\"https:\/\/radosnavijest.hr\/shop\/wp-content\/uploads\/2024\/02\/zasto-pavla-front.jpg\" \/>\n\t<meta property=\"og:image:width\" content=\"824\" \/>\n\t<meta property=\"og:image:height\" content=\"1200\" \/>\n\t<meta property=\"og:image:type\" content=\"image\/jpeg\" \/>\n<meta name=\"twitter:card\" content=\"summary_large_image\" \/>\n<meta name=\"twitter:label1\" content=\"Procijenjeno vrijeme \u010ditanja\" \/>\n\t<meta name=\"twitter:data1\" content=\"1 minuta\" \/>\n<script type=\"application\/ld+json\" class=\"yoast-schema-graph\">{\"@context\":\"https:\\\/\\\/schema.org\",\"@graph\":[{\"@type\":\"WebPage\",\"@id\":\"https:\\\/\\\/radosnavijest.hr\\\/shop\\\/product\\\/zasto-volim-apostola-pavla\\\/\",\"url\":\"https:\\\/\\\/radosnavijest.hr\\\/shop\\\/product\\\/zasto-volim-apostola-pavla\\\/\",\"name\":\"Za\u0161to volim apostola Pavla\",\"isPartOf\":{\"@id\":\"https:\\\/\\\/radosnavijest.hr\\\/shop\\\/#website\"},\"primaryImageOfPage\":{\"@id\":\"https:\\\/\\\/radosnavijest.hr\\\/shop\\\/product\\\/zasto-volim-apostola-pavla\\\/#primaryimage\"},\"image\":{\"@id\":\"https:\\\/\\\/radosnavijest.hr\\\/shop\\\/product\\\/zasto-volim-apostola-pavla\\\/#primaryimage\"},\"thumbnailUrl\":\"https:\\\/\\\/radosnavijest.hr\\\/shop\\\/wp-content\\\/uploads\\\/2024\\\/02\\\/zasto-pavla-front.jpg\",\"datePublished\":\"2024-02-07T01:01:31+00:00\",\"dateModified\":\"2024-12-25T22:54:06+00:00\",\"description\":\"Nadamo se da \u0107e ova topla knjiga ra\u0161iriti va\u0161a srca i razgaliti vas u ljubavi prema apostolu Pavlu i prema Onome na koga je on uvijek ukazivao: Trojedinom Bogu koji nam se u Sinu i po Duhu otkriva kao Otac koji je prepun ljubavi prema nama.\",\"breadcrumb\":{\"@id\":\"https:\\\/\\\/radosnavijest.hr\\\/shop\\\/product\\\/zasto-volim-apostola-pavla\\\/#breadcrumb\"},\"inLanguage\":\"hr\",\"potentialAction\":[{\"@type\":\"ReadAction\",\"target\":[\"https:\\\/\\\/radosnavijest.hr\\\/shop\\\/product\\\/zasto-volim-apostola-pavla\\\/\"]}]},{\"@type\":\"ImageObject\",\"inLanguage\":\"hr\",\"@id\":\"https:\\\/\\\/radosnavijest.hr\\\/shop\\\/product\\\/zasto-volim-apostola-pavla\\\/#primaryimage\",\"url\":\"https:\\\/\\\/radosnavijest.hr\\\/shop\\\/wp-content\\\/uploads\\\/2024\\\/02\\\/zasto-pavla-front.jpg\",\"contentUrl\":\"https:\\\/\\\/radosnavijest.hr\\\/shop\\\/wp-content\\\/uploads\\\/2024\\\/02\\\/zasto-pavla-front.jpg\",\"width\":824,\"height\":1200},{\"@type\":\"BreadcrumbList\",\"@id\":\"https:\\\/\\\/radosnavijest.hr\\\/shop\\\/product\\\/zasto-volim-apostola-pavla\\\/#breadcrumb\",\"itemListElement\":[{\"@type\":\"ListItem\",\"position\":1,\"name\":\"Po\u010detna\",\"item\":\"https:\\\/\\\/radosnavijest.hr\\\/shop\\\/\"},{\"@type\":\"ListItem\",\"position\":2,\"name\":\"Knjige\",\"item\":\"https:\\\/\\\/radosnavijest.hr\\\/shop\\\/\"},{\"@type\":\"ListItem\",\"position\":3,\"name\":\"Za\u0161to volim apostola Pavla\"}]},{\"@type\":\"WebSite\",\"@id\":\"https:\\\/\\\/radosnavijest.hr\\\/shop\\\/#website\",\"url\":\"https:\\\/\\\/radosnavijest.hr\\\/shop\\\/\",\"name\":\"Radosna vijest\",\"description\":\"Knjige\",\"publisher\":{\"@id\":\"https:\\\/\\\/radosnavijest.hr\\\/shop\\\/#organization\"},\"potentialAction\":[{\"@type\":\"SearchAction\",\"target\":{\"@type\":\"EntryPoint\",\"urlTemplate\":\"https:\\\/\\\/radosnavijest.hr\\\/shop\\\/?s={search_term_string}\"},\"query-input\":{\"@type\":\"PropertyValueSpecification\",\"valueRequired\":true,\"valueName\":\"search_term_string\"}}],\"inLanguage\":\"hr\"},{\"@type\":\"Organization\",\"@id\":\"https:\\\/\\\/radosnavijest.hr\\\/shop\\\/#organization\",\"name\":\"Radosna vijest\",\"url\":\"https:\\\/\\\/radosnavijest.hr\\\/shop\\\/\",\"logo\":{\"@type\":\"ImageObject\",\"inLanguage\":\"hr\",\"@id\":\"https:\\\/\\\/radosnavijest.hr\\\/shop\\\/#\\\/schema\\\/logo\\\/image\\\/\",\"url\":\"https:\\\/\\\/radosnavijest.hr\\\/shop\\\/wp-content\\\/uploads\\\/2023\\\/08\\\/cropped-RV-logo-RGB_web.png\",\"contentUrl\":\"https:\\\/\\\/radosnavijest.hr\\\/shop\\\/wp-content\\\/uploads\\\/2023\\\/08\\\/cropped-RV-logo-RGB_web.png\",\"width\":600,\"height\":232,\"caption\":\"Radosna vijest\"},\"image\":{\"@id\":\"https:\\\/\\\/radosnavijest.hr\\\/shop\\\/#\\\/schema\\\/logo\\\/image\\\/\"}}]}<\/script>\n<!-- \/ Yoast SEO plugin. -->","yoast_head_json":{"title":"Za\u0161to volim apostola Pavla","description":"Nadamo se da \u0107e ova topla knjiga ra\u0161iriti va\u0161a srca i razgaliti vas u ljubavi prema apostolu Pavlu i prema Onome na koga je on uvijek ukazivao: Trojedinom Bogu koji nam se u Sinu i po Duhu otkriva kao Otac koji je prepun ljubavi prema nama.","robots":{"index":"index","follow":"follow","max-snippet":"max-snippet:-1","max-image-preview":"max-image-preview:large","max-video-preview":"max-video-preview:-1"},"canonical":"https:\/\/radosnavijest.hr\/shop\/product\/zasto-volim-apostola-pavla\/","og_locale":"hr_HR","og_type":"article","og_title":"Za\u0161to volim apostola Pavla","og_description":"Nadamo se da \u0107e ova topla knjiga ra\u0161iriti va\u0161a srca i razgaliti vas u ljubavi prema apostolu Pavlu i prema Onome na koga je on uvijek ukazivao: Trojedinom Bogu koji nam se u Sinu i po Duhu otkriva kao Otac koji je prepun ljubavi prema nama.","og_url":"https:\/\/radosnavijest.hr\/shop\/product\/zasto-volim-apostola-pavla\/","og_site_name":"Radosna vijest","article_modified_time":"2024-12-25T22:54:06+00:00","og_image":[{"width":824,"height":1200,"url":"https:\/\/radosnavijest.hr\/shop\/wp-content\/uploads\/2024\/02\/zasto-pavla-front.jpg","type":"image\/jpeg"}],"twitter_card":"summary_large_image","twitter_misc":{"Procijenjeno vrijeme \u010ditanja":"1 minuta"},"schema":{"@context":"https:\/\/schema.org","@graph":[{"@type":"WebPage","@id":"https:\/\/radosnavijest.hr\/shop\/product\/zasto-volim-apostola-pavla\/","url":"https:\/\/radosnavijest.hr\/shop\/product\/zasto-volim-apostola-pavla\/","name":"Za\u0161to volim apostola Pavla","isPartOf":{"@id":"https:\/\/radosnavijest.hr\/shop\/#website"},"primaryImageOfPage":{"@id":"https:\/\/radosnavijest.hr\/shop\/product\/zasto-volim-apostola-pavla\/#primaryimage"},"image":{"@id":"https:\/\/radosnavijest.hr\/shop\/product\/zasto-volim-apostola-pavla\/#primaryimage"},"thumbnailUrl":"https:\/\/radosnavijest.hr\/shop\/wp-content\/uploads\/2024\/02\/zasto-pavla-front.jpg","datePublished":"2024-02-07T01:01:31+00:00","dateModified":"2024-12-25T22:54:06+00:00","description":"Nadamo se da \u0107e ova topla knjiga ra\u0161iriti va\u0161a srca i razgaliti vas u ljubavi prema apostolu Pavlu i prema Onome na koga je on uvijek ukazivao: Trojedinom Bogu koji nam se u Sinu i po Duhu otkriva kao Otac koji je prepun ljubavi prema nama.","breadcrumb":{"@id":"https:\/\/radosnavijest.hr\/shop\/product\/zasto-volim-apostola-pavla\/#breadcrumb"},"inLanguage":"hr","potentialAction":[{"@type":"ReadAction","target":["https:\/\/radosnavijest.hr\/shop\/product\/zasto-volim-apostola-pavla\/"]}]},{"@type":"ImageObject","inLanguage":"hr","@id":"https:\/\/radosnavijest.hr\/shop\/product\/zasto-volim-apostola-pavla\/#primaryimage","url":"https:\/\/radosnavijest.hr\/shop\/wp-content\/uploads\/2024\/02\/zasto-pavla-front.jpg","contentUrl":"https:\/\/radosnavijest.hr\/shop\/wp-content\/uploads\/2024\/02\/zasto-pavla-front.jpg","width":824,"height":1200},{"@type":"BreadcrumbList","@id":"https:\/\/radosnavijest.hr\/shop\/product\/zasto-volim-apostola-pavla\/#breadcrumb","itemListElement":[{"@type":"ListItem","position":1,"name":"Po\u010detna","item":"https:\/\/radosnavijest.hr\/shop\/"},{"@type":"ListItem","position":2,"name":"Knjige","item":"https:\/\/radosnavijest.hr\/shop\/"},{"@type":"ListItem","position":3,"name":"Za\u0161to volim apostola Pavla"}]},{"@type":"WebSite","@id":"https:\/\/radosnavijest.hr\/shop\/#website","url":"https:\/\/radosnavijest.hr\/shop\/","name":"Radosna vijest","description":"Knjige","publisher":{"@id":"https:\/\/radosnavijest.hr\/shop\/#organization"},"potentialAction":[{"@type":"SearchAction","target":{"@type":"EntryPoint","urlTemplate":"https:\/\/radosnavijest.hr\/shop\/?s={search_term_string}"},"query-input":{"@type":"PropertyValueSpecification","valueRequired":true,"valueName":"search_term_string"}}],"inLanguage":"hr"},{"@type":"Organization","@id":"https:\/\/radosnavijest.hr\/shop\/#organization","name":"Radosna vijest","url":"https:\/\/radosnavijest.hr\/shop\/","logo":{"@type":"ImageObject","inLanguage":"hr","@id":"https:\/\/radosnavijest.hr\/shop\/#\/schema\/logo\/image\/","url":"https:\/\/radosnavijest.hr\/shop\/wp-content\/uploads\/2023\/08\/cropped-RV-logo-RGB_web.png","contentUrl":"https:\/\/radosnavijest.hr\/shop\/wp-content\/uploads\/2023\/08\/cropped-RV-logo-RGB_web.png","width":600,"height":232,"caption":"Radosna vijest"},"image":{"@id":"https:\/\/radosnavijest.hr\/shop\/#\/schema\/logo\/image\/"}}]}},"_links":{"self":[{"href":"https:\/\/radosnavijest.hr\/shop\/wp-json\/wp\/v2\/product\/787","targetHints":{"allow":["GET"]}}],"collection":[{"href":"https:\/\/radosnavijest.hr\/shop\/wp-json\/wp\/v2\/product"}],"about":[{"href":"https:\/\/radosnavijest.hr\/shop\/wp-json\/wp\/v2\/types\/product"}],"wp:featuredmedia":[{"embeddable":true,"href":"https:\/\/radosnavijest.hr\/shop\/wp-json\/wp\/v2\/media\/789"}],"wp:attachment":[{"href":"https:\/\/radosnavijest.hr\/shop\/wp-json\/wp\/v2\/media?parent=787"}],"wp:term":[{"taxonomy":"product_brand","embeddable":true,"href":"https:\/\/radosnavijest.hr\/shop\/wp-json\/wp\/v2\/product_brand?post=787"},{"taxonomy":"product_cat","embeddable":true,"href":"https:\/\/radosnavijest.hr\/shop\/wp-json\/wp\/v2\/product_cat?post=787"},{"taxonomy":"product_tag","embeddable":true,"href":"https:\/\/radosnavijest.hr\/shop\/wp-json\/wp\/v2\/product_tag?post=787"},{"taxonomy":"autor","embeddable":true,"href":"https:\/\/radosnavijest.hr\/shop\/wp-json\/wp\/v2\/autor?post=787"}],"curies":[{"name":"wp","href":"https:\/\/api.w.org\/{rel}","templated":true}]}}