{"id":808,"date":"2025-02-23T00:34:36","date_gmt":"2025-02-22T23:34:36","guid":{"rendered":"https:\/\/radosnavijest.hr\/shop\/?post_type=product&#038;p=808"},"modified":"2025-04-14T17:42:27","modified_gmt":"2025-04-14T15:42:27","slug":"ne-potrati-zivot","status":"publish","type":"product","link":"https:\/\/radosnavijest.hr\/shop\/product\/ne-potrati-zivot\/","title":{"rendered":"Ne potrati \u017eivot"},"content":{"rendered":"","protected":false},"excerpt":{"rendered":"<p>Suvremena preokupiranost lagodnim \u017eivotom ispunjena je bezna\u010dajnim distrakcijama zbog kojih ljudi provode \u017eivote obuzeti \u017eeljom za uspjehom, sigurno\u0161\u0107u i vi\u0161e od svega zadovoljstvom.<br \/>\nMe\u0111utim, Bog je ljude stvorio za puno vi\u0161e od toga.<\/p>\n<p>U ovoj uspje\u0161nici John Piper \u017earko poti\u010de mladu generaciju da izbjegava zamke potra\u0107enoga \u017eivota. Poziva nas da poduzimamo rizike i \u017ertvujemo se radi vje\u010dnosti &#8211; nadasve nastoje\u0107i proslaviti Boga svim srcem i dati mu prvo mjesto u svakome dijelu svoga \u017eivota.<\/p>\n<p>Format: Meki uvez<br \/>\nDimenzije: 135 x 205 x 18 mm<br \/>\nBroj stranica: 212<\/p>\n","protected":false},"featured_media":820,"template":"","meta":[],"product_brand":[],"product_cat":[35],"product_tag":[],"autor":[32],"class_list":{"0":"post-808","1":"product","2":"type-product","3":"status-publish","4":"has-post-thumbnail","6":"product_cat-krscanstvo","7":"autor-john-piper","9":"first","10":"instock","11":"shipping-taxable","12":"purchasable","13":"product-type-simple"},"yoast_head":"<!-- This site is optimized with the Yoast SEO plugin v27.4 - https:\/\/yoast.com\/product\/yoast-seo-wordpress\/ -->\n<title>Ne potrati \u017eivot<\/title>\n<meta name=\"robots\" content=\"index, follow, max-snippet:-1, max-image-preview:large, max-video-preview:-1\" \/>\n<link rel=\"canonical\" href=\"https:\/\/radosnavijest.hr\/shop\/product\/ne-potrati-zivot\/\" \/>\n<meta property=\"og:locale\" content=\"hr_HR\" \/>\n<meta property=\"og:type\" content=\"article\" \/>\n<meta property=\"og:title\" content=\"Ne potrati \u017eivot\" \/>\n<meta property=\"og:description\" content=\"Suvremena preokupiranost lagodnim \u017eivotom ispunjena je bezna\u010dajnim distrakcijama zbog kojih ljudi provode \u017eivote obuzeti \u017eeljom za uspjehom, sigurno\u0161\u0107u i vi\u0161e od svega zadovoljstvom. Me\u0111utim, Bog je ljude stvorio za puno vi\u0161e od toga.  U ovoj uspje\u0161nici John Piper \u017earko poti\u010de mladu generaciju da izbjegava zamke potra\u0107enoga \u017eivota. Poziva nas da poduzimamo rizike i \u017ertvujemo se radi vje\u010dnosti - nadasve nastoje\u0107i proslaviti Boga svim srcem i dati mu prvo mjesto u svakome dijelu svoga \u017eivota.  Format: Meki uvez Dimenzije: 135 x 205 x 18 mm Broj stranica: 212\" \/>\n<meta property=\"og:url\" content=\"https:\/\/radosnavijest.hr\/shop\/product\/ne-potrati-zivot\/\" \/>\n<meta property=\"og:site_name\" content=\"Radosna vijest\" \/>\n<meta property=\"article:modified_time\" content=\"2025-04-14T15:42:27+00:00\" \/>\n<meta property=\"og:image\" content=\"https:\/\/radosnavijest.hr\/shop\/wp-content\/uploads\/2024\/04\/ne-potrati-front-1.jpg\" \/>\n\t<meta property=\"og:image:width\" content=\"824\" \/>\n\t<meta property=\"og:image:height\" content=\"1200\" \/>\n\t<meta property=\"og:image:type\" content=\"image\/jpeg\" \/>\n<meta name=\"twitter:card\" content=\"summary_large_image\" \/>\n<meta name=\"twitter:label1\" content=\"Procijenjeno vrijeme \u010ditanja\" \/>\n\t<meta name=\"twitter:data1\" content=\"1 minuta\" \/>\n<script type=\"application\/ld+json\" class=\"yoast-schema-graph\">{\"@context\":\"https:\\\/\\\/schema.org\",\"@graph\":[{\"@type\":\"WebPage\",\"@id\":\"https:\\\/\\\/radosnavijest.hr\\\/shop\\\/product\\\/ne-potrati-zivot\\\/\",\"url\":\"https:\\\/\\\/radosnavijest.hr\\\/shop\\\/product\\\/ne-potrati-zivot\\\/\",\"name\":\"Ne potrati \u017eivot\",\"isPartOf\":{\"@id\":\"https:\\\/\\\/radosnavijest.hr\\\/shop\\\/#website\"},\"primaryImageOfPage\":{\"@id\":\"https:\\\/\\\/radosnavijest.hr\\\/shop\\\/product\\\/ne-potrati-zivot\\\/#primaryimage\"},\"image\":{\"@id\":\"https:\\\/\\\/radosnavijest.hr\\\/shop\\\/product\\\/ne-potrati-zivot\\\/#primaryimage\"},\"thumbnailUrl\":\"https:\\\/\\\/radosnavijest.hr\\\/shop\\\/wp-content\\\/uploads\\\/2024\\\/04\\\/ne-potrati-front-1.jpg\",\"datePublished\":\"2025-02-22T23:34:36+00:00\",\"dateModified\":\"2025-04-14T15:42:27+00:00\",\"breadcrumb\":{\"@id\":\"https:\\\/\\\/radosnavijest.hr\\\/shop\\\/product\\\/ne-potrati-zivot\\\/#breadcrumb\"},\"inLanguage\":\"hr\",\"potentialAction\":[{\"@type\":\"ReadAction\",\"target\":[\"https:\\\/\\\/radosnavijest.hr\\\/shop\\\/product\\\/ne-potrati-zivot\\\/\"]}]},{\"@type\":\"ImageObject\",\"inLanguage\":\"hr\",\"@id\":\"https:\\\/\\\/radosnavijest.hr\\\/shop\\\/product\\\/ne-potrati-zivot\\\/#primaryimage\",\"url\":\"https:\\\/\\\/radosnavijest.hr\\\/shop\\\/wp-content\\\/uploads\\\/2024\\\/04\\\/ne-potrati-front-1.jpg\",\"contentUrl\":\"https:\\\/\\\/radosnavijest.hr\\\/shop\\\/wp-content\\\/uploads\\\/2024\\\/04\\\/ne-potrati-front-1.jpg\",\"width\":824,\"height\":1200},{\"@type\":\"BreadcrumbList\",\"@id\":\"https:\\\/\\\/radosnavijest.hr\\\/shop\\\/product\\\/ne-potrati-zivot\\\/#breadcrumb\",\"itemListElement\":[{\"@type\":\"ListItem\",\"position\":1,\"name\":\"Po\u010detna\",\"item\":\"https:\\\/\\\/radosnavijest.hr\\\/shop\\\/\"},{\"@type\":\"ListItem\",\"position\":2,\"name\":\"Knjige\",\"item\":\"https:\\\/\\\/radosnavijest.hr\\\/shop\\\/\"},{\"@type\":\"ListItem\",\"position\":3,\"name\":\"Ne potrati \u017eivot\"}]},{\"@type\":\"WebSite\",\"@id\":\"https:\\\/\\\/radosnavijest.hr\\\/shop\\\/#website\",\"url\":\"https:\\\/\\\/radosnavijest.hr\\\/shop\\\/\",\"name\":\"Radosna vijest\",\"description\":\"Knjige\",\"publisher\":{\"@id\":\"https:\\\/\\\/radosnavijest.hr\\\/shop\\\/#organization\"},\"potentialAction\":[{\"@type\":\"SearchAction\",\"target\":{\"@type\":\"EntryPoint\",\"urlTemplate\":\"https:\\\/\\\/radosnavijest.hr\\\/shop\\\/?s={search_term_string}\"},\"query-input\":{\"@type\":\"PropertyValueSpecification\",\"valueRequired\":true,\"valueName\":\"search_term_string\"}}],\"inLanguage\":\"hr\"},{\"@type\":\"Organization\",\"@id\":\"https:\\\/\\\/radosnavijest.hr\\\/shop\\\/#organization\",\"name\":\"Radosna vijest\",\"url\":\"https:\\\/\\\/radosnavijest.hr\\\/shop\\\/\",\"logo\":{\"@type\":\"ImageObject\",\"inLanguage\":\"hr\",\"@id\":\"https:\\\/\\\/radosnavijest.hr\\\/shop\\\/#\\\/schema\\\/logo\\\/image\\\/\",\"url\":\"https:\\\/\\\/radosnavijest.hr\\\/shop\\\/wp-content\\\/uploads\\\/2023\\\/08\\\/cropped-RV-logo-RGB_web.png\",\"contentUrl\":\"https:\\\/\\\/radosnavijest.hr\\\/shop\\\/wp-content\\\/uploads\\\/2023\\\/08\\\/cropped-RV-logo-RGB_web.png\",\"width\":600,\"height\":232,\"caption\":\"Radosna vijest\"},\"image\":{\"@id\":\"https:\\\/\\\/radosnavijest.hr\\\/shop\\\/#\\\/schema\\\/logo\\\/image\\\/\"}}]}<\/script>\n<!-- \/ Yoast SEO plugin. -->","yoast_head_json":{"title":"Ne potrati \u017eivot","robots":{"index":"index","follow":"follow","max-snippet":"max-snippet:-1","max-image-preview":"max-image-preview:large","max-video-preview":"max-video-preview:-1"},"canonical":"https:\/\/radosnavijest.hr\/shop\/product\/ne-potrati-zivot\/","og_locale":"hr_HR","og_type":"article","og_title":"Ne potrati \u017eivot","og_description":"Suvremena preokupiranost lagodnim \u017eivotom ispunjena je bezna\u010dajnim distrakcijama zbog kojih ljudi provode \u017eivote obuzeti \u017eeljom za uspjehom, sigurno\u0161\u0107u i vi\u0161e od svega zadovoljstvom. Me\u0111utim, Bog je ljude stvorio za puno vi\u0161e od toga.  U ovoj uspje\u0161nici John Piper \u017earko poti\u010de mladu generaciju da izbjegava zamke potra\u0107enoga \u017eivota. Poziva nas da poduzimamo rizike i \u017ertvujemo se radi vje\u010dnosti - nadasve nastoje\u0107i proslaviti Boga svim srcem i dati mu prvo mjesto u svakome dijelu svoga \u017eivota.  Format: Meki uvez Dimenzije: 135 x 205 x 18 mm Broj stranica: 212","og_url":"https:\/\/radosnavijest.hr\/shop\/product\/ne-potrati-zivot\/","og_site_name":"Radosna vijest","article_modified_time":"2025-04-14T15:42:27+00:00","og_image":[{"width":824,"height":1200,"url":"https:\/\/radosnavijest.hr\/shop\/wp-content\/uploads\/2024\/04\/ne-potrati-front-1.jpg","type":"image\/jpeg"}],"twitter_card":"summary_large_image","twitter_misc":{"Procijenjeno vrijeme \u010ditanja":"1 minuta"},"schema":{"@context":"https:\/\/schema.org","@graph":[{"@type":"WebPage","@id":"https:\/\/radosnavijest.hr\/shop\/product\/ne-potrati-zivot\/","url":"https:\/\/radosnavijest.hr\/shop\/product\/ne-potrati-zivot\/","name":"Ne potrati \u017eivot","isPartOf":{"@id":"https:\/\/radosnavijest.hr\/shop\/#website"},"primaryImageOfPage":{"@id":"https:\/\/radosnavijest.hr\/shop\/product\/ne-potrati-zivot\/#primaryimage"},"image":{"@id":"https:\/\/radosnavijest.hr\/shop\/product\/ne-potrati-zivot\/#primaryimage"},"thumbnailUrl":"https:\/\/radosnavijest.hr\/shop\/wp-content\/uploads\/2024\/04\/ne-potrati-front-1.jpg","datePublished":"2025-02-22T23:34:36+00:00","dateModified":"2025-04-14T15:42:27+00:00","breadcrumb":{"@id":"https:\/\/radosnavijest.hr\/shop\/product\/ne-potrati-zivot\/#breadcrumb"},"inLanguage":"hr","potentialAction":[{"@type":"ReadAction","target":["https:\/\/radosnavijest.hr\/shop\/product\/ne-potrati-zivot\/"]}]},{"@type":"ImageObject","inLanguage":"hr","@id":"https:\/\/radosnavijest.hr\/shop\/product\/ne-potrati-zivot\/#primaryimage","url":"https:\/\/radosnavijest.hr\/shop\/wp-content\/uploads\/2024\/04\/ne-potrati-front-1.jpg","contentUrl":"https:\/\/radosnavijest.hr\/shop\/wp-content\/uploads\/2024\/04\/ne-potrati-front-1.jpg","width":824,"height":1200},{"@type":"BreadcrumbList","@id":"https:\/\/radosnavijest.hr\/shop\/product\/ne-potrati-zivot\/#breadcrumb","itemListElement":[{"@type":"ListItem","position":1,"name":"Po\u010detna","item":"https:\/\/radosnavijest.hr\/shop\/"},{"@type":"ListItem","position":2,"name":"Knjige","item":"https:\/\/radosnavijest.hr\/shop\/"},{"@type":"ListItem","position":3,"name":"Ne potrati \u017eivot"}]},{"@type":"WebSite","@id":"https:\/\/radosnavijest.hr\/shop\/#website","url":"https:\/\/radosnavijest.hr\/shop\/","name":"Radosna vijest","description":"Knjige","publisher":{"@id":"https:\/\/radosnavijest.hr\/shop\/#organization"},"potentialAction":[{"@type":"SearchAction","target":{"@type":"EntryPoint","urlTemplate":"https:\/\/radosnavijest.hr\/shop\/?s={search_term_string}"},"query-input":{"@type":"PropertyValueSpecification","valueRequired":true,"valueName":"search_term_string"}}],"inLanguage":"hr"},{"@type":"Organization","@id":"https:\/\/radosnavijest.hr\/shop\/#organization","name":"Radosna vijest","url":"https:\/\/radosnavijest.hr\/shop\/","logo":{"@type":"ImageObject","inLanguage":"hr","@id":"https:\/\/radosnavijest.hr\/shop\/#\/schema\/logo\/image\/","url":"https:\/\/radosnavijest.hr\/shop\/wp-content\/uploads\/2023\/08\/cropped-RV-logo-RGB_web.png","contentUrl":"https:\/\/radosnavijest.hr\/shop\/wp-content\/uploads\/2023\/08\/cropped-RV-logo-RGB_web.png","width":600,"height":232,"caption":"Radosna vijest"},"image":{"@id":"https:\/\/radosnavijest.hr\/shop\/#\/schema\/logo\/image\/"}}]}},"_links":{"self":[{"href":"https:\/\/radosnavijest.hr\/shop\/wp-json\/wp\/v2\/product\/808","targetHints":{"allow":["GET"]}}],"collection":[{"href":"https:\/\/radosnavijest.hr\/shop\/wp-json\/wp\/v2\/product"}],"about":[{"href":"https:\/\/radosnavijest.hr\/shop\/wp-json\/wp\/v2\/types\/product"}],"wp:featuredmedia":[{"embeddable":true,"href":"https:\/\/radosnavijest.hr\/shop\/wp-json\/wp\/v2\/media\/820"}],"wp:attachment":[{"href":"https:\/\/radosnavijest.hr\/shop\/wp-json\/wp\/v2\/media?parent=808"}],"wp:term":[{"taxonomy":"product_brand","embeddable":true,"href":"https:\/\/radosnavijest.hr\/shop\/wp-json\/wp\/v2\/product_brand?post=808"},{"taxonomy":"product_cat","embeddable":true,"href":"https:\/\/radosnavijest.hr\/shop\/wp-json\/wp\/v2\/product_cat?post=808"},{"taxonomy":"product_tag","embeddable":true,"href":"https:\/\/radosnavijest.hr\/shop\/wp-json\/wp\/v2\/product_tag?post=808"},{"taxonomy":"autor","embeddable":true,"href":"https:\/\/radosnavijest.hr\/shop\/wp-json\/wp\/v2\/autor?post=808"}],"curies":[{"name":"wp","href":"https:\/\/api.w.org\/{rel}","templated":true}]}}