{"id":827,"date":"2024-05-08T17:58:47","date_gmt":"2024-05-08T15:58:47","guid":{"rendered":"https:\/\/radosnavijest.hr\/shop\/?post_type=product&#038;p=827"},"modified":"2025-03-13T04:57:24","modified_gmt":"2025-03-13T03:57:24","slug":"krscanski-manifest","status":"publish","type":"product","link":"https:\/\/radosnavijest.hr\/shop\/product\/krscanski-manifest\/","title":{"rendered":"Kr\u0161\u0107anski manifest"},"content":{"rendered":"<p>Hrvatsko izdanje knjige sadr\u017ei dodatni materijal, odnosno\u00a0<strong>Priru\u010dnik za prou\u010davanje<\/strong>, zbog \u010dega ova knjiga ima jo\u0161 ve\u0107i potencijal da njezine \u010ditatelje i prou\u010davatelje \u2013 pojedince i skupine \u2013 dovede do ve\u0107e spoznaje Gospodina Isusa i \u017eivotne preobrazbe u njegovu sliku.<\/p>\n","protected":false},"excerpt":{"rendered":"<p><em>Isusove preobra\u017eavaju\u0107e rije\u010di iz Evan\u0111elja po Luki 6.\u00a0 <\/em>Knjiga koja nam poma\u017ee razumjeti da se Isusovo Kraljevstvo uvelike razlikuje od kraljevstava ovoga svijeta.<br \/>\nAutor nas vodi u Isusovo u\u010denje o opro\u0161tenju, iskrenosti, poslu\u0161nosti i sre\u0107i te nam pokazuje kako Isusove rije\u010di preobra\u017eavaju \u017eivot.<\/p>\n<p>Format: Meki uvez<br \/>\nDimenzije: 135 x 200 x 14 mm<br \/>\nBroj stranica: 160<\/p>\n","protected":false},"featured_media":828,"template":"","meta":[],"product_brand":[],"product_cat":[35],"product_tag":[],"autor":[65],"class_list":{"0":"post-827","1":"product","2":"type-product","3":"status-publish","4":"has-post-thumbnail","6":"product_cat-krscanstvo","7":"autor-alistair-begg","9":"first","10":"instock","11":"shipping-taxable","12":"purchasable","13":"product-type-simple"},"yoast_head":"<!-- This site is optimized with the Yoast SEO plugin v27.3 - https:\/\/yoast.com\/product\/yoast-seo-wordpress\/ -->\n<title>Kr\u0161\u0107anski manifest<\/title>\n<meta name=\"robots\" content=\"index, follow, max-snippet:-1, max-image-preview:large, max-video-preview:-1\" \/>\n<link rel=\"canonical\" href=\"https:\/\/radosnavijest.hr\/shop\/product\/krscanski-manifest\/\" \/>\n<meta property=\"og:locale\" content=\"hr_HR\" \/>\n<meta property=\"og:type\" content=\"article\" \/>\n<meta property=\"og:title\" content=\"Kr\u0161\u0107anski manifest\" \/>\n<meta property=\"og:description\" content=\"Isusove preobra\u017eavaju\u0107e rije\u010di iz Evan\u0111elja po Luki 6.\u00a0 Knjiga koja nam poma\u017ee razumjeti da se Isusovo Kraljevstvo uvelike razlikuje od kraljevstava ovoga svijeta. Autor nas vodi u Isusovo u\u010denje o opro\u0161tenju, iskrenosti, poslu\u0161nosti i sre\u0107i te nam pokazuje kako Isusove rije\u010di preobra\u017eavaju \u017eivot.  Format: Meki uvez Dimenzije: 135 x 200 x 14 mm Broj stranica: 160\" \/>\n<meta property=\"og:url\" content=\"https:\/\/radosnavijest.hr\/shop\/product\/krscanski-manifest\/\" \/>\n<meta property=\"og:site_name\" content=\"Radosna vijest\" \/>\n<meta property=\"article:modified_time\" content=\"2025-03-13T03:57:24+00:00\" \/>\n<meta property=\"og:image\" content=\"https:\/\/radosnavijest.hr\/shop\/wp-content\/uploads\/2024\/05\/manifest-front.jpg\" \/>\n\t<meta property=\"og:image:width\" content=\"824\" \/>\n\t<meta property=\"og:image:height\" content=\"1200\" \/>\n\t<meta property=\"og:image:type\" content=\"image\/jpeg\" \/>\n<meta name=\"twitter:card\" content=\"summary_large_image\" \/>\n<meta name=\"twitter:label1\" content=\"Procijenjeno vrijeme \u010ditanja\" \/>\n\t<meta name=\"twitter:data1\" content=\"1 minuta\" \/>\n<script type=\"application\/ld+json\" class=\"yoast-schema-graph\">{\"@context\":\"https:\\\/\\\/schema.org\",\"@graph\":[{\"@type\":\"WebPage\",\"@id\":\"https:\\\/\\\/radosnavijest.hr\\\/shop\\\/product\\\/krscanski-manifest\\\/\",\"url\":\"https:\\\/\\\/radosnavijest.hr\\\/shop\\\/product\\\/krscanski-manifest\\\/\",\"name\":\"Kr\u0161\u0107anski manifest\",\"isPartOf\":{\"@id\":\"https:\\\/\\\/radosnavijest.hr\\\/shop\\\/#website\"},\"primaryImageOfPage\":{\"@id\":\"https:\\\/\\\/radosnavijest.hr\\\/shop\\\/product\\\/krscanski-manifest\\\/#primaryimage\"},\"image\":{\"@id\":\"https:\\\/\\\/radosnavijest.hr\\\/shop\\\/product\\\/krscanski-manifest\\\/#primaryimage\"},\"thumbnailUrl\":\"https:\\\/\\\/radosnavijest.hr\\\/shop\\\/wp-content\\\/uploads\\\/2024\\\/05\\\/manifest-front.jpg\",\"datePublished\":\"2024-05-08T15:58:47+00:00\",\"dateModified\":\"2025-03-13T03:57:24+00:00\",\"breadcrumb\":{\"@id\":\"https:\\\/\\\/radosnavijest.hr\\\/shop\\\/product\\\/krscanski-manifest\\\/#breadcrumb\"},\"inLanguage\":\"hr\",\"potentialAction\":[{\"@type\":\"ReadAction\",\"target\":[\"https:\\\/\\\/radosnavijest.hr\\\/shop\\\/product\\\/krscanski-manifest\\\/\"]}]},{\"@type\":\"ImageObject\",\"inLanguage\":\"hr\",\"@id\":\"https:\\\/\\\/radosnavijest.hr\\\/shop\\\/product\\\/krscanski-manifest\\\/#primaryimage\",\"url\":\"https:\\\/\\\/radosnavijest.hr\\\/shop\\\/wp-content\\\/uploads\\\/2024\\\/05\\\/manifest-front.jpg\",\"contentUrl\":\"https:\\\/\\\/radosnavijest.hr\\\/shop\\\/wp-content\\\/uploads\\\/2024\\\/05\\\/manifest-front.jpg\",\"width\":824,\"height\":1200},{\"@type\":\"BreadcrumbList\",\"@id\":\"https:\\\/\\\/radosnavijest.hr\\\/shop\\\/product\\\/krscanski-manifest\\\/#breadcrumb\",\"itemListElement\":[{\"@type\":\"ListItem\",\"position\":1,\"name\":\"Po\u010detna\",\"item\":\"https:\\\/\\\/radosnavijest.hr\\\/shop\\\/\"},{\"@type\":\"ListItem\",\"position\":2,\"name\":\"Knjige\",\"item\":\"https:\\\/\\\/radosnavijest.hr\\\/shop\\\/\"},{\"@type\":\"ListItem\",\"position\":3,\"name\":\"Kr\u0161\u0107anski manifest\"}]},{\"@type\":\"WebSite\",\"@id\":\"https:\\\/\\\/radosnavijest.hr\\\/shop\\\/#website\",\"url\":\"https:\\\/\\\/radosnavijest.hr\\\/shop\\\/\",\"name\":\"Radosna vijest\",\"description\":\"Knjige\",\"publisher\":{\"@id\":\"https:\\\/\\\/radosnavijest.hr\\\/shop\\\/#organization\"},\"potentialAction\":[{\"@type\":\"SearchAction\",\"target\":{\"@type\":\"EntryPoint\",\"urlTemplate\":\"https:\\\/\\\/radosnavijest.hr\\\/shop\\\/?s={search_term_string}\"},\"query-input\":{\"@type\":\"PropertyValueSpecification\",\"valueRequired\":true,\"valueName\":\"search_term_string\"}}],\"inLanguage\":\"hr\"},{\"@type\":\"Organization\",\"@id\":\"https:\\\/\\\/radosnavijest.hr\\\/shop\\\/#organization\",\"name\":\"Radosna vijest\",\"url\":\"https:\\\/\\\/radosnavijest.hr\\\/shop\\\/\",\"logo\":{\"@type\":\"ImageObject\",\"inLanguage\":\"hr\",\"@id\":\"https:\\\/\\\/radosnavijest.hr\\\/shop\\\/#\\\/schema\\\/logo\\\/image\\\/\",\"url\":\"https:\\\/\\\/radosnavijest.hr\\\/shop\\\/wp-content\\\/uploads\\\/2023\\\/08\\\/cropped-RV-logo-RGB_web.png\",\"contentUrl\":\"https:\\\/\\\/radosnavijest.hr\\\/shop\\\/wp-content\\\/uploads\\\/2023\\\/08\\\/cropped-RV-logo-RGB_web.png\",\"width\":600,\"height\":232,\"caption\":\"Radosna vijest\"},\"image\":{\"@id\":\"https:\\\/\\\/radosnavijest.hr\\\/shop\\\/#\\\/schema\\\/logo\\\/image\\\/\"}}]}<\/script>\n<!-- \/ Yoast SEO plugin. -->","yoast_head_json":{"title":"Kr\u0161\u0107anski manifest","robots":{"index":"index","follow":"follow","max-snippet":"max-snippet:-1","max-image-preview":"max-image-preview:large","max-video-preview":"max-video-preview:-1"},"canonical":"https:\/\/radosnavijest.hr\/shop\/product\/krscanski-manifest\/","og_locale":"hr_HR","og_type":"article","og_title":"Kr\u0161\u0107anski manifest","og_description":"Isusove preobra\u017eavaju\u0107e rije\u010di iz Evan\u0111elja po Luki 6.\u00a0 Knjiga koja nam poma\u017ee razumjeti da se Isusovo Kraljevstvo uvelike razlikuje od kraljevstava ovoga svijeta. Autor nas vodi u Isusovo u\u010denje o opro\u0161tenju, iskrenosti, poslu\u0161nosti i sre\u0107i te nam pokazuje kako Isusove rije\u010di preobra\u017eavaju \u017eivot.  Format: Meki uvez Dimenzije: 135 x 200 x 14 mm Broj stranica: 160","og_url":"https:\/\/radosnavijest.hr\/shop\/product\/krscanski-manifest\/","og_site_name":"Radosna vijest","article_modified_time":"2025-03-13T03:57:24+00:00","og_image":[{"width":824,"height":1200,"url":"https:\/\/radosnavijest.hr\/shop\/wp-content\/uploads\/2024\/05\/manifest-front.jpg","type":"image\/jpeg"}],"twitter_card":"summary_large_image","twitter_misc":{"Procijenjeno vrijeme \u010ditanja":"1 minuta"},"schema":{"@context":"https:\/\/schema.org","@graph":[{"@type":"WebPage","@id":"https:\/\/radosnavijest.hr\/shop\/product\/krscanski-manifest\/","url":"https:\/\/radosnavijest.hr\/shop\/product\/krscanski-manifest\/","name":"Kr\u0161\u0107anski manifest","isPartOf":{"@id":"https:\/\/radosnavijest.hr\/shop\/#website"},"primaryImageOfPage":{"@id":"https:\/\/radosnavijest.hr\/shop\/product\/krscanski-manifest\/#primaryimage"},"image":{"@id":"https:\/\/radosnavijest.hr\/shop\/product\/krscanski-manifest\/#primaryimage"},"thumbnailUrl":"https:\/\/radosnavijest.hr\/shop\/wp-content\/uploads\/2024\/05\/manifest-front.jpg","datePublished":"2024-05-08T15:58:47+00:00","dateModified":"2025-03-13T03:57:24+00:00","breadcrumb":{"@id":"https:\/\/radosnavijest.hr\/shop\/product\/krscanski-manifest\/#breadcrumb"},"inLanguage":"hr","potentialAction":[{"@type":"ReadAction","target":["https:\/\/radosnavijest.hr\/shop\/product\/krscanski-manifest\/"]}]},{"@type":"ImageObject","inLanguage":"hr","@id":"https:\/\/radosnavijest.hr\/shop\/product\/krscanski-manifest\/#primaryimage","url":"https:\/\/radosnavijest.hr\/shop\/wp-content\/uploads\/2024\/05\/manifest-front.jpg","contentUrl":"https:\/\/radosnavijest.hr\/shop\/wp-content\/uploads\/2024\/05\/manifest-front.jpg","width":824,"height":1200},{"@type":"BreadcrumbList","@id":"https:\/\/radosnavijest.hr\/shop\/product\/krscanski-manifest\/#breadcrumb","itemListElement":[{"@type":"ListItem","position":1,"name":"Po\u010detna","item":"https:\/\/radosnavijest.hr\/shop\/"},{"@type":"ListItem","position":2,"name":"Knjige","item":"https:\/\/radosnavijest.hr\/shop\/"},{"@type":"ListItem","position":3,"name":"Kr\u0161\u0107anski manifest"}]},{"@type":"WebSite","@id":"https:\/\/radosnavijest.hr\/shop\/#website","url":"https:\/\/radosnavijest.hr\/shop\/","name":"Radosna vijest","description":"Knjige","publisher":{"@id":"https:\/\/radosnavijest.hr\/shop\/#organization"},"potentialAction":[{"@type":"SearchAction","target":{"@type":"EntryPoint","urlTemplate":"https:\/\/radosnavijest.hr\/shop\/?s={search_term_string}"},"query-input":{"@type":"PropertyValueSpecification","valueRequired":true,"valueName":"search_term_string"}}],"inLanguage":"hr"},{"@type":"Organization","@id":"https:\/\/radosnavijest.hr\/shop\/#organization","name":"Radosna vijest","url":"https:\/\/radosnavijest.hr\/shop\/","logo":{"@type":"ImageObject","inLanguage":"hr","@id":"https:\/\/radosnavijest.hr\/shop\/#\/schema\/logo\/image\/","url":"https:\/\/radosnavijest.hr\/shop\/wp-content\/uploads\/2023\/08\/cropped-RV-logo-RGB_web.png","contentUrl":"https:\/\/radosnavijest.hr\/shop\/wp-content\/uploads\/2023\/08\/cropped-RV-logo-RGB_web.png","width":600,"height":232,"caption":"Radosna vijest"},"image":{"@id":"https:\/\/radosnavijest.hr\/shop\/#\/schema\/logo\/image\/"}}]}},"_links":{"self":[{"href":"https:\/\/radosnavijest.hr\/shop\/wp-json\/wp\/v2\/product\/827","targetHints":{"allow":["GET"]}}],"collection":[{"href":"https:\/\/radosnavijest.hr\/shop\/wp-json\/wp\/v2\/product"}],"about":[{"href":"https:\/\/radosnavijest.hr\/shop\/wp-json\/wp\/v2\/types\/product"}],"wp:featuredmedia":[{"embeddable":true,"href":"https:\/\/radosnavijest.hr\/shop\/wp-json\/wp\/v2\/media\/828"}],"wp:attachment":[{"href":"https:\/\/radosnavijest.hr\/shop\/wp-json\/wp\/v2\/media?parent=827"}],"wp:term":[{"taxonomy":"product_brand","embeddable":true,"href":"https:\/\/radosnavijest.hr\/shop\/wp-json\/wp\/v2\/product_brand?post=827"},{"taxonomy":"product_cat","embeddable":true,"href":"https:\/\/radosnavijest.hr\/shop\/wp-json\/wp\/v2\/product_cat?post=827"},{"taxonomy":"product_tag","embeddable":true,"href":"https:\/\/radosnavijest.hr\/shop\/wp-json\/wp\/v2\/product_tag?post=827"},{"taxonomy":"autor","embeddable":true,"href":"https:\/\/radosnavijest.hr\/shop\/wp-json\/wp\/v2\/autor?post=827"}],"curies":[{"name":"wp","href":"https:\/\/api.w.org\/{rel}","templated":true}]}}