{"id":874,"date":"2024-11-04T01:04:40","date_gmt":"2024-11-04T00:04:40","guid":{"rendered":"https:\/\/radosnavijest.hr\/shop\/?post_type=product&#038;p=874"},"modified":"2024-12-25T23:48:03","modified_gmt":"2024-12-25T22:48:03","slug":"gle-lav-je-u-stalici","status":"publish","type":"product","link":"https:\/\/radosnavijest.hr\/shop\/product\/gle-lav-je-u-stalici\/","title":{"rendered":"Gle, lav je u \u0161talici!"},"content":{"rendered":"<p>Ovo je klasi\u010dna biblijska bo\u017ei\u0107na pri\u010da o Isusovom ro\u0111enju ispri\u010dana na neobi\u010dan na\u010din. Djevoj\u010dica koja glumi Mariju spremna je biti zvijezda bo\u017ei\u0107nog igrokaza. Me\u0111utim, kako predstava te\u010de, Marija otkriva kako je svaku scenu ukrao neobi\u010dan predmet ili lik, poput \u0161atora, tableta i lava! Uz pomo\u0107 pripovjeda\u010da Luke, Marija shva\u0107a kako nas svaki predmet ili lik zapravo u\u010di dubokoj istini o Isusu.\u00a0 \u010citatelji \u0107e, uz Mariju, vidjeti kako je Isus prava zvijezda predstave i kakvo je bogatstvo poznavati ga. On treba biti u sredi\u0161tu pozornosti na Bo\u017ei\u0107 \u2013 i svaki dan u godini!<\/p>\n","protected":false},"excerpt":{"rendered":"<p><span style=\"font-weight: 400;\">Zabavna, kreativna bo\u017ei\u0107na slikovnica napisana u rimi, za djecu od 4 do 7 godina, pou\u010dit \u0107e \u010ditatelje va\u017enim istinama evan\u0111elja \u2013 o tome tko je Isus i za\u0161to je do\u0161ao. Iza\u0111ite na pozornicu s Marijom i pripovjeda\u010dem Lukom te u\u017eivajte u iznena\u0111enju na svakoj stranici dok Marija otkriva kako bo\u017ei\u0107na pri\u010da krije puno vi\u0161e nego \u0161to je mislila!<br \/>\nOva mala knji\u017eica savr\u0161en je bo\u017ei\u0107ni poklon.\u00a0 <\/span>Format: Meki uvez\u00a0 Dimenzije: 210 x 245 x 2 mm\u00a0 Broj stranica: 24<\/p>\n<p><span style=\"color: #911737;\"><strong>Popust na koli\u010dinu:<\/strong><\/span><br \/>\n11-20 kom = 4,5 EUR<br \/>\n21-50 kom = 4 EUR<br \/>\n51-100 kom = 3,5 EUR<br \/>\nvi\u0161e od 100 kom = 3 EUR<\/p>\n","protected":false},"featured_media":875,"template":"","meta":[],"product_brand":[],"product_cat":[36,62],"product_tag":[],"autor":[66],"class_list":{"0":"post-874","1":"product","2":"type-product","3":"status-publish","4":"has-post-thumbnail","6":"product_cat-bozic","7":"product_cat-knjige-za-djecu","8":"autor-lizzie-laferton","10":"first","11":"instock","12":"shipping-taxable","13":"purchasable","14":"product-type-simple"},"yoast_head":"<!-- This site is optimized with the Yoast SEO plugin v27.5 - https:\/\/yoast.com\/product\/yoast-seo-wordpress\/ -->\n<title>Gle, lav je u \u0161talici!<\/title>\n<meta name=\"description\" content=\"Zabavna, kreativna bo\u017ei\u0107na slikovnica napisana u rimi, za djecu od 4 do 7 godina, pou\u010dit \u0107e \u010ditatelje va\u017enim istinama evan\u0111elja \u2013 o tome tko je Isus i za\u0161to je do\u0161ao. Iza\u0111ite na pozornicu s Marijom i pripovjeda\u010dem Lukom te u\u017eivajte u iznena\u0111enju na svakoj stranici dok Marija otkriva kako bo\u017ei\u0107na pri\u010da krije puno vi\u0161e nego \u0161to je mislila! Ova mala knji\u017eica savr\u0161en je bo\u017ei\u0107ni poklon.\" \/>\n<meta name=\"robots\" content=\"index, follow, max-snippet:-1, max-image-preview:large, max-video-preview:-1\" \/>\n<link rel=\"canonical\" href=\"https:\/\/radosnavijest.hr\/shop\/product\/gle-lav-je-u-stalici\/\" \/>\n<meta property=\"og:locale\" content=\"hr_HR\" \/>\n<meta property=\"og:type\" content=\"article\" \/>\n<meta property=\"og:title\" content=\"Gle, lav je u \u0161talici!\" \/>\n<meta property=\"og:description\" content=\"Zabavna, kreativna bo\u017ei\u0107na slikovnica napisana u rimi, za djecu od 4 do 7 godina, pou\u010dit \u0107e \u010ditatelje va\u017enim istinama evan\u0111elja \u2013 o tome tko je Isus i za\u0161to je do\u0161ao. Iza\u0111ite na pozornicu s Marijom i pripovjeda\u010dem Lukom te u\u017eivajte u iznena\u0111enju na svakoj stranici dok Marija otkriva kako bo\u017ei\u0107na pri\u010da krije puno vi\u0161e nego \u0161to je mislila! Ova mala knji\u017eica savr\u0161en je bo\u017ei\u0107ni poklon.\" \/>\n<meta property=\"og:url\" content=\"https:\/\/radosnavijest.hr\/shop\/product\/gle-lav-je-u-stalici\/\" \/>\n<meta property=\"og:site_name\" content=\"Radosna vijest\" \/>\n<meta property=\"article:modified_time\" content=\"2024-12-25T22:48:03+00:00\" \/>\n<meta property=\"og:image\" content=\"https:\/\/radosnavijest.hr\/shop\/wp-content\/uploads\/2024\/11\/Gle-lav_front.jpg\" \/>\n\t<meta property=\"og:image:width\" content=\"842\" \/>\n\t<meta property=\"og:image:height\" content=\"1200\" \/>\n\t<meta property=\"og:image:type\" content=\"image\/jpeg\" \/>\n<meta name=\"twitter:card\" content=\"summary_large_image\" \/>\n<meta name=\"twitter:label1\" content=\"Procijenjeno vrijeme \u010ditanja\" \/>\n\t<meta name=\"twitter:data1\" content=\"1 minuta\" \/>\n<script type=\"application\/ld+json\" class=\"yoast-schema-graph\">{\"@context\":\"https:\\\/\\\/schema.org\",\"@graph\":[{\"@type\":\"WebPage\",\"@id\":\"https:\\\/\\\/radosnavijest.hr\\\/shop\\\/product\\\/gle-lav-je-u-stalici\\\/\",\"url\":\"https:\\\/\\\/radosnavijest.hr\\\/shop\\\/product\\\/gle-lav-je-u-stalici\\\/\",\"name\":\"Gle, lav je u \u0161talici!\",\"isPartOf\":{\"@id\":\"https:\\\/\\\/radosnavijest.hr\\\/shop\\\/#website\"},\"primaryImageOfPage\":{\"@id\":\"https:\\\/\\\/radosnavijest.hr\\\/shop\\\/product\\\/gle-lav-je-u-stalici\\\/#primaryimage\"},\"image\":{\"@id\":\"https:\\\/\\\/radosnavijest.hr\\\/shop\\\/product\\\/gle-lav-je-u-stalici\\\/#primaryimage\"},\"thumbnailUrl\":\"https:\\\/\\\/radosnavijest.hr\\\/shop\\\/wp-content\\\/uploads\\\/2024\\\/11\\\/Gle-lav_front.jpg\",\"datePublished\":\"2024-11-04T00:04:40+00:00\",\"dateModified\":\"2024-12-25T22:48:03+00:00\",\"description\":\"Zabavna, kreativna bo\u017ei\u0107na slikovnica napisana u rimi, za djecu od 4 do 7 godina, pou\u010dit \u0107e \u010ditatelje va\u017enim istinama evan\u0111elja \u2013 o tome tko je Isus i za\u0161to je do\u0161ao. Iza\u0111ite na pozornicu s Marijom i pripovjeda\u010dem Lukom te u\u017eivajte u iznena\u0111enju na svakoj stranici dok Marija otkriva kako bo\u017ei\u0107na pri\u010da krije puno vi\u0161e nego \u0161to je mislila! Ova mala knji\u017eica savr\u0161en je bo\u017ei\u0107ni poklon.\",\"breadcrumb\":{\"@id\":\"https:\\\/\\\/radosnavijest.hr\\\/shop\\\/product\\\/gle-lav-je-u-stalici\\\/#breadcrumb\"},\"inLanguage\":\"hr\",\"potentialAction\":[{\"@type\":\"ReadAction\",\"target\":[\"https:\\\/\\\/radosnavijest.hr\\\/shop\\\/product\\\/gle-lav-je-u-stalici\\\/\"]}]},{\"@type\":\"ImageObject\",\"inLanguage\":\"hr\",\"@id\":\"https:\\\/\\\/radosnavijest.hr\\\/shop\\\/product\\\/gle-lav-je-u-stalici\\\/#primaryimage\",\"url\":\"https:\\\/\\\/radosnavijest.hr\\\/shop\\\/wp-content\\\/uploads\\\/2024\\\/11\\\/Gle-lav_front.jpg\",\"contentUrl\":\"https:\\\/\\\/radosnavijest.hr\\\/shop\\\/wp-content\\\/uploads\\\/2024\\\/11\\\/Gle-lav_front.jpg\",\"width\":842,\"height\":1200},{\"@type\":\"BreadcrumbList\",\"@id\":\"https:\\\/\\\/radosnavijest.hr\\\/shop\\\/product\\\/gle-lav-je-u-stalici\\\/#breadcrumb\",\"itemListElement\":[{\"@type\":\"ListItem\",\"position\":1,\"name\":\"Po\u010detna\",\"item\":\"https:\\\/\\\/radosnavijest.hr\\\/shop\\\/\"},{\"@type\":\"ListItem\",\"position\":2,\"name\":\"Knjige\",\"item\":\"https:\\\/\\\/radosnavijest.hr\\\/shop\\\/\"},{\"@type\":\"ListItem\",\"position\":3,\"name\":\"Gle, lav je u \u0161talici!\"}]},{\"@type\":\"WebSite\",\"@id\":\"https:\\\/\\\/radosnavijest.hr\\\/shop\\\/#website\",\"url\":\"https:\\\/\\\/radosnavijest.hr\\\/shop\\\/\",\"name\":\"Radosna vijest\",\"description\":\"Knjige\",\"publisher\":{\"@id\":\"https:\\\/\\\/radosnavijest.hr\\\/shop\\\/#organization\"},\"potentialAction\":[{\"@type\":\"SearchAction\",\"target\":{\"@type\":\"EntryPoint\",\"urlTemplate\":\"https:\\\/\\\/radosnavijest.hr\\\/shop\\\/?s={search_term_string}\"},\"query-input\":{\"@type\":\"PropertyValueSpecification\",\"valueRequired\":true,\"valueName\":\"search_term_string\"}}],\"inLanguage\":\"hr\"},{\"@type\":\"Organization\",\"@id\":\"https:\\\/\\\/radosnavijest.hr\\\/shop\\\/#organization\",\"name\":\"Radosna vijest\",\"url\":\"https:\\\/\\\/radosnavijest.hr\\\/shop\\\/\",\"logo\":{\"@type\":\"ImageObject\",\"inLanguage\":\"hr\",\"@id\":\"https:\\\/\\\/radosnavijest.hr\\\/shop\\\/#\\\/schema\\\/logo\\\/image\\\/\",\"url\":\"https:\\\/\\\/radosnavijest.hr\\\/shop\\\/wp-content\\\/uploads\\\/2023\\\/08\\\/cropped-RV-logo-RGB_web.png\",\"contentUrl\":\"https:\\\/\\\/radosnavijest.hr\\\/shop\\\/wp-content\\\/uploads\\\/2023\\\/08\\\/cropped-RV-logo-RGB_web.png\",\"width\":600,\"height\":232,\"caption\":\"Radosna vijest\"},\"image\":{\"@id\":\"https:\\\/\\\/radosnavijest.hr\\\/shop\\\/#\\\/schema\\\/logo\\\/image\\\/\"}}]}<\/script>\n<!-- \/ Yoast SEO plugin. -->","yoast_head_json":{"title":"Gle, lav je u \u0161talici!","description":"Zabavna, kreativna bo\u017ei\u0107na slikovnica napisana u rimi, za djecu od 4 do 7 godina, pou\u010dit \u0107e \u010ditatelje va\u017enim istinama evan\u0111elja \u2013 o tome tko je Isus i za\u0161to je do\u0161ao. Iza\u0111ite na pozornicu s Marijom i pripovjeda\u010dem Lukom te u\u017eivajte u iznena\u0111enju na svakoj stranici dok Marija otkriva kako bo\u017ei\u0107na pri\u010da krije puno vi\u0161e nego \u0161to je mislila! Ova mala knji\u017eica savr\u0161en je bo\u017ei\u0107ni poklon.","robots":{"index":"index","follow":"follow","max-snippet":"max-snippet:-1","max-image-preview":"max-image-preview:large","max-video-preview":"max-video-preview:-1"},"canonical":"https:\/\/radosnavijest.hr\/shop\/product\/gle-lav-je-u-stalici\/","og_locale":"hr_HR","og_type":"article","og_title":"Gle, lav je u \u0161talici!","og_description":"Zabavna, kreativna bo\u017ei\u0107na slikovnica napisana u rimi, za djecu od 4 do 7 godina, pou\u010dit \u0107e \u010ditatelje va\u017enim istinama evan\u0111elja \u2013 o tome tko je Isus i za\u0161to je do\u0161ao. Iza\u0111ite na pozornicu s Marijom i pripovjeda\u010dem Lukom te u\u017eivajte u iznena\u0111enju na svakoj stranici dok Marija otkriva kako bo\u017ei\u0107na pri\u010da krije puno vi\u0161e nego \u0161to je mislila! Ova mala knji\u017eica savr\u0161en je bo\u017ei\u0107ni poklon.","og_url":"https:\/\/radosnavijest.hr\/shop\/product\/gle-lav-je-u-stalici\/","og_site_name":"Radosna vijest","article_modified_time":"2024-12-25T22:48:03+00:00","og_image":[{"width":842,"height":1200,"url":"https:\/\/radosnavijest.hr\/shop\/wp-content\/uploads\/2024\/11\/Gle-lav_front.jpg","type":"image\/jpeg"}],"twitter_card":"summary_large_image","twitter_misc":{"Procijenjeno vrijeme \u010ditanja":"1 minuta"},"schema":{"@context":"https:\/\/schema.org","@graph":[{"@type":"WebPage","@id":"https:\/\/radosnavijest.hr\/shop\/product\/gle-lav-je-u-stalici\/","url":"https:\/\/radosnavijest.hr\/shop\/product\/gle-lav-je-u-stalici\/","name":"Gle, lav je u \u0161talici!","isPartOf":{"@id":"https:\/\/radosnavijest.hr\/shop\/#website"},"primaryImageOfPage":{"@id":"https:\/\/radosnavijest.hr\/shop\/product\/gle-lav-je-u-stalici\/#primaryimage"},"image":{"@id":"https:\/\/radosnavijest.hr\/shop\/product\/gle-lav-je-u-stalici\/#primaryimage"},"thumbnailUrl":"https:\/\/radosnavijest.hr\/shop\/wp-content\/uploads\/2024\/11\/Gle-lav_front.jpg","datePublished":"2024-11-04T00:04:40+00:00","dateModified":"2024-12-25T22:48:03+00:00","description":"Zabavna, kreativna bo\u017ei\u0107na slikovnica napisana u rimi, za djecu od 4 do 7 godina, pou\u010dit \u0107e \u010ditatelje va\u017enim istinama evan\u0111elja \u2013 o tome tko je Isus i za\u0161to je do\u0161ao. Iza\u0111ite na pozornicu s Marijom i pripovjeda\u010dem Lukom te u\u017eivajte u iznena\u0111enju na svakoj stranici dok Marija otkriva kako bo\u017ei\u0107na pri\u010da krije puno vi\u0161e nego \u0161to je mislila! Ova mala knji\u017eica savr\u0161en je bo\u017ei\u0107ni poklon.","breadcrumb":{"@id":"https:\/\/radosnavijest.hr\/shop\/product\/gle-lav-je-u-stalici\/#breadcrumb"},"inLanguage":"hr","potentialAction":[{"@type":"ReadAction","target":["https:\/\/radosnavijest.hr\/shop\/product\/gle-lav-je-u-stalici\/"]}]},{"@type":"ImageObject","inLanguage":"hr","@id":"https:\/\/radosnavijest.hr\/shop\/product\/gle-lav-je-u-stalici\/#primaryimage","url":"https:\/\/radosnavijest.hr\/shop\/wp-content\/uploads\/2024\/11\/Gle-lav_front.jpg","contentUrl":"https:\/\/radosnavijest.hr\/shop\/wp-content\/uploads\/2024\/11\/Gle-lav_front.jpg","width":842,"height":1200},{"@type":"BreadcrumbList","@id":"https:\/\/radosnavijest.hr\/shop\/product\/gle-lav-je-u-stalici\/#breadcrumb","itemListElement":[{"@type":"ListItem","position":1,"name":"Po\u010detna","item":"https:\/\/radosnavijest.hr\/shop\/"},{"@type":"ListItem","position":2,"name":"Knjige","item":"https:\/\/radosnavijest.hr\/shop\/"},{"@type":"ListItem","position":3,"name":"Gle, lav je u \u0161talici!"}]},{"@type":"WebSite","@id":"https:\/\/radosnavijest.hr\/shop\/#website","url":"https:\/\/radosnavijest.hr\/shop\/","name":"Radosna vijest","description":"Knjige","publisher":{"@id":"https:\/\/radosnavijest.hr\/shop\/#organization"},"potentialAction":[{"@type":"SearchAction","target":{"@type":"EntryPoint","urlTemplate":"https:\/\/radosnavijest.hr\/shop\/?s={search_term_string}"},"query-input":{"@type":"PropertyValueSpecification","valueRequired":true,"valueName":"search_term_string"}}],"inLanguage":"hr"},{"@type":"Organization","@id":"https:\/\/radosnavijest.hr\/shop\/#organization","name":"Radosna vijest","url":"https:\/\/radosnavijest.hr\/shop\/","logo":{"@type":"ImageObject","inLanguage":"hr","@id":"https:\/\/radosnavijest.hr\/shop\/#\/schema\/logo\/image\/","url":"https:\/\/radosnavijest.hr\/shop\/wp-content\/uploads\/2023\/08\/cropped-RV-logo-RGB_web.png","contentUrl":"https:\/\/radosnavijest.hr\/shop\/wp-content\/uploads\/2023\/08\/cropped-RV-logo-RGB_web.png","width":600,"height":232,"caption":"Radosna vijest"},"image":{"@id":"https:\/\/radosnavijest.hr\/shop\/#\/schema\/logo\/image\/"}}]}},"_links":{"self":[{"href":"https:\/\/radosnavijest.hr\/shop\/wp-json\/wp\/v2\/product\/874","targetHints":{"allow":["GET"]}}],"collection":[{"href":"https:\/\/radosnavijest.hr\/shop\/wp-json\/wp\/v2\/product"}],"about":[{"href":"https:\/\/radosnavijest.hr\/shop\/wp-json\/wp\/v2\/types\/product"}],"wp:featuredmedia":[{"embeddable":true,"href":"https:\/\/radosnavijest.hr\/shop\/wp-json\/wp\/v2\/media\/875"}],"wp:attachment":[{"href":"https:\/\/radosnavijest.hr\/shop\/wp-json\/wp\/v2\/media?parent=874"}],"wp:term":[{"taxonomy":"product_brand","embeddable":true,"href":"https:\/\/radosnavijest.hr\/shop\/wp-json\/wp\/v2\/product_brand?post=874"},{"taxonomy":"product_cat","embeddable":true,"href":"https:\/\/radosnavijest.hr\/shop\/wp-json\/wp\/v2\/product_cat?post=874"},{"taxonomy":"product_tag","embeddable":true,"href":"https:\/\/radosnavijest.hr\/shop\/wp-json\/wp\/v2\/product_tag?post=874"},{"taxonomy":"autor","embeddable":true,"href":"https:\/\/radosnavijest.hr\/shop\/wp-json\/wp\/v2\/autor?post=874"}],"curies":[{"name":"wp","href":"https:\/\/api.w.org\/{rel}","templated":true}]}}