{"id":879,"date":"2024-11-04T20:45:11","date_gmt":"2024-11-04T19:45:11","guid":{"rendered":"https:\/\/radosnavijest.hr\/shop\/?post_type=product&#038;p=879"},"modified":"2024-12-25T23:47:25","modified_gmt":"2024-12-25T22:47:25","slug":"oruda-promjene-u-rukama-otkupitelja","status":"publish","type":"product","link":"https:\/\/radosnavijest.hr\/shop\/product\/oruda-promjene-u-rukama-otkupitelja\/","title":{"rendered":"Oru\u0111a promjene u rukama Otkupitelja"},"content":{"rendered":"<p>Dana\u0161nja crkva se, na\u017ealost, u ve\u0107oj mjeri sastoji od potro\u0161a\u010da nego od posve\u0107enih sudionika. Na\u0161a sklonost eklezijalnom konzumerizmu ozbiljno je oslabila crkvu. Ve\u0107ini crkva predstavlja samo doga\u0111aj na koji dolazimo, odnosno organizaciju \u010diji smo pripadnici. Ne vidimo je kao poziv koji oblikuje na\u0161 cjelokupni \u017eivot.<br \/>\nMnogima bi od nas laknulo kad bi Bog povjerio na\u0161e posve\u0107enje kvalificiranim, pla\u0107enim profesionalcima, ali to jednostavno nije biblijski model. Bog \u017eeli da, posredstvom vjerne slu\u017ebe svakog dijela, cijelo Tijelo posve sazre u Kristu. Oni koji vode njegovu crkvu dobili su darove i poziciju te su postavljeni da bi osposobili i anga\u017eirali Bo\u017eje vjerne za \u017eivot takve slu\u017ebe, gdje svaka osoba svakoga dana slu\u017ei. Kultura pasivnog Tijela, koje pla\u0107a profesionalce, a koja vlada u suvremenoj evan\u0111eoskoj crkvi, mora se zamijeniti modelom slu\u017eenja, koji je Bog tako mudro uspostavio. S tim je ciljem napisana ova knjiga.<\/p>\n","protected":false},"excerpt":{"rendered":"<p>Ovo remek-djelo Paula Davida Trippa poma\u017ee nam otkriti gdje je potrebna promjena u na\u0161im \u017eivotima i u \u017eivotima drugih ljudi. Bog radikalno mijenja ljude i nudi nam priliku \u2013 i sposobnost, njegovom mo\u0107i \u2013 biti uklju\u010denima u tu promjenu. Mo\u017eemo \u017eivjeti ne samo kao zahvalni objekti njegove ljubavi, ve\u0107 i kao u\u010dinkovita oru\u0111a njegove ljubavi u \u017eivotima ljudi oko nas. Kraljevstvo Bo\u017eje je blizu i ono nas vodi daleko dalje od na\u0161ih osobnih situacija i odnosa, \u010dine\u0107i obi\u010dne ljude dijelom Bo\u017ejeg izvanrednog plana za svijet. Ovaj vodi\u010d nam pokazuje kako.<br \/>\nFormat: Meki uvez<br \/>\nDimenzije: 125 x 200 x 22 mm<br \/>\nBroj stranica: 435<\/p>\n","protected":false},"featured_media":881,"template":"","meta":[],"product_brand":[],"product_cat":[15,35],"product_tag":[],"autor":[67],"class_list":{"0":"post-879","1":"product","2":"type-product","3":"status-publish","4":"has-post-thumbnail","6":"product_cat-isus","7":"product_cat-krscanstvo","8":"autor-paul-david-tripp","10":"first","11":"instock","12":"shipping-taxable","13":"purchasable","14":"product-type-simple"},"yoast_head":"<!-- This site is optimized with the Yoast SEO plugin v27.5 - https:\/\/yoast.com\/product\/yoast-seo-wordpress\/ -->\n<title>Oru\u0111a promjene u rukama Otkupitelja<\/title>\n<meta name=\"description\" content=\"Ovo remek-djelo Paula Davida Trippa poma\u017ee nam otkriti gdje je potrebna promjena u na\u0161im \u017eivotima i u \u017eivotima drugih ljudi.\" \/>\n<meta name=\"robots\" content=\"index, follow, max-snippet:-1, max-image-preview:large, max-video-preview:-1\" \/>\n<link rel=\"canonical\" href=\"https:\/\/radosnavijest.hr\/shop\/product\/oruda-promjene-u-rukama-otkupitelja\/\" \/>\n<meta property=\"og:locale\" content=\"hr_HR\" \/>\n<meta property=\"og:type\" content=\"article\" \/>\n<meta property=\"og:title\" content=\"Oru\u0111a promjene u rukama Otkupitelja\" \/>\n<meta property=\"og:description\" content=\"Ovo remek-djelo Paula Davida Trippa poma\u017ee nam otkriti gdje je potrebna promjena u na\u0161im \u017eivotima i u \u017eivotima drugih ljudi.\" \/>\n<meta property=\"og:url\" content=\"https:\/\/radosnavijest.hr\/shop\/product\/oruda-promjene-u-rukama-otkupitelja\/\" \/>\n<meta property=\"og:site_name\" content=\"Radosna vijest\" \/>\n<meta property=\"article:modified_time\" content=\"2024-12-25T22:47:25+00:00\" \/>\n<meta property=\"og:image\" content=\"https:\/\/radosnavijest.hr\/shop\/wp-content\/uploads\/2024\/11\/oruda-front.jpg\" \/>\n\t<meta property=\"og:image:width\" content=\"842\" \/>\n\t<meta property=\"og:image:height\" content=\"1200\" \/>\n\t<meta property=\"og:image:type\" content=\"image\/jpeg\" \/>\n<meta name=\"twitter:card\" content=\"summary_large_image\" \/>\n<meta name=\"twitter:label1\" content=\"Procijenjeno vrijeme \u010ditanja\" \/>\n\t<meta name=\"twitter:data1\" content=\"1 minuta\" \/>\n<script type=\"application\/ld+json\" class=\"yoast-schema-graph\">{\"@context\":\"https:\\\/\\\/schema.org\",\"@graph\":[{\"@type\":\"WebPage\",\"@id\":\"https:\\\/\\\/radosnavijest.hr\\\/shop\\\/product\\\/oruda-promjene-u-rukama-otkupitelja\\\/\",\"url\":\"https:\\\/\\\/radosnavijest.hr\\\/shop\\\/product\\\/oruda-promjene-u-rukama-otkupitelja\\\/\",\"name\":\"Oru\u0111a promjene u rukama Otkupitelja\",\"isPartOf\":{\"@id\":\"https:\\\/\\\/radosnavijest.hr\\\/shop\\\/#website\"},\"primaryImageOfPage\":{\"@id\":\"https:\\\/\\\/radosnavijest.hr\\\/shop\\\/product\\\/oruda-promjene-u-rukama-otkupitelja\\\/#primaryimage\"},\"image\":{\"@id\":\"https:\\\/\\\/radosnavijest.hr\\\/shop\\\/product\\\/oruda-promjene-u-rukama-otkupitelja\\\/#primaryimage\"},\"thumbnailUrl\":\"https:\\\/\\\/radosnavijest.hr\\\/shop\\\/wp-content\\\/uploads\\\/2024\\\/11\\\/oruda-front.jpg\",\"datePublished\":\"2024-11-04T19:45:11+00:00\",\"dateModified\":\"2024-12-25T22:47:25+00:00\",\"description\":\"Ovo remek-djelo Paula Davida Trippa poma\u017ee nam otkriti gdje je potrebna promjena u na\u0161im \u017eivotima i u \u017eivotima drugih ljudi.\",\"breadcrumb\":{\"@id\":\"https:\\\/\\\/radosnavijest.hr\\\/shop\\\/product\\\/oruda-promjene-u-rukama-otkupitelja\\\/#breadcrumb\"},\"inLanguage\":\"hr\",\"potentialAction\":[{\"@type\":\"ReadAction\",\"target\":[\"https:\\\/\\\/radosnavijest.hr\\\/shop\\\/product\\\/oruda-promjene-u-rukama-otkupitelja\\\/\"]}]},{\"@type\":\"ImageObject\",\"inLanguage\":\"hr\",\"@id\":\"https:\\\/\\\/radosnavijest.hr\\\/shop\\\/product\\\/oruda-promjene-u-rukama-otkupitelja\\\/#primaryimage\",\"url\":\"https:\\\/\\\/radosnavijest.hr\\\/shop\\\/wp-content\\\/uploads\\\/2024\\\/11\\\/oruda-front.jpg\",\"contentUrl\":\"https:\\\/\\\/radosnavijest.hr\\\/shop\\\/wp-content\\\/uploads\\\/2024\\\/11\\\/oruda-front.jpg\",\"width\":842,\"height\":1200},{\"@type\":\"BreadcrumbList\",\"@id\":\"https:\\\/\\\/radosnavijest.hr\\\/shop\\\/product\\\/oruda-promjene-u-rukama-otkupitelja\\\/#breadcrumb\",\"itemListElement\":[{\"@type\":\"ListItem\",\"position\":1,\"name\":\"Po\u010detna\",\"item\":\"https:\\\/\\\/radosnavijest.hr\\\/shop\\\/\"},{\"@type\":\"ListItem\",\"position\":2,\"name\":\"Knjige\",\"item\":\"https:\\\/\\\/radosnavijest.hr\\\/shop\\\/\"},{\"@type\":\"ListItem\",\"position\":3,\"name\":\"Oru\u0111a promjene u rukama Otkupitelja\"}]},{\"@type\":\"WebSite\",\"@id\":\"https:\\\/\\\/radosnavijest.hr\\\/shop\\\/#website\",\"url\":\"https:\\\/\\\/radosnavijest.hr\\\/shop\\\/\",\"name\":\"Radosna vijest\",\"description\":\"Knjige\",\"publisher\":{\"@id\":\"https:\\\/\\\/radosnavijest.hr\\\/shop\\\/#organization\"},\"potentialAction\":[{\"@type\":\"SearchAction\",\"target\":{\"@type\":\"EntryPoint\",\"urlTemplate\":\"https:\\\/\\\/radosnavijest.hr\\\/shop\\\/?s={search_term_string}\"},\"query-input\":{\"@type\":\"PropertyValueSpecification\",\"valueRequired\":true,\"valueName\":\"search_term_string\"}}],\"inLanguage\":\"hr\"},{\"@type\":\"Organization\",\"@id\":\"https:\\\/\\\/radosnavijest.hr\\\/shop\\\/#organization\",\"name\":\"Radosna vijest\",\"url\":\"https:\\\/\\\/radosnavijest.hr\\\/shop\\\/\",\"logo\":{\"@type\":\"ImageObject\",\"inLanguage\":\"hr\",\"@id\":\"https:\\\/\\\/radosnavijest.hr\\\/shop\\\/#\\\/schema\\\/logo\\\/image\\\/\",\"url\":\"https:\\\/\\\/radosnavijest.hr\\\/shop\\\/wp-content\\\/uploads\\\/2023\\\/08\\\/cropped-RV-logo-RGB_web.png\",\"contentUrl\":\"https:\\\/\\\/radosnavijest.hr\\\/shop\\\/wp-content\\\/uploads\\\/2023\\\/08\\\/cropped-RV-logo-RGB_web.png\",\"width\":600,\"height\":232,\"caption\":\"Radosna vijest\"},\"image\":{\"@id\":\"https:\\\/\\\/radosnavijest.hr\\\/shop\\\/#\\\/schema\\\/logo\\\/image\\\/\"}}]}<\/script>\n<!-- \/ Yoast SEO plugin. -->","yoast_head_json":{"title":"Oru\u0111a promjene u rukama Otkupitelja","description":"Ovo remek-djelo Paula Davida Trippa poma\u017ee nam otkriti gdje je potrebna promjena u na\u0161im \u017eivotima i u \u017eivotima drugih ljudi.","robots":{"index":"index","follow":"follow","max-snippet":"max-snippet:-1","max-image-preview":"max-image-preview:large","max-video-preview":"max-video-preview:-1"},"canonical":"https:\/\/radosnavijest.hr\/shop\/product\/oruda-promjene-u-rukama-otkupitelja\/","og_locale":"hr_HR","og_type":"article","og_title":"Oru\u0111a promjene u rukama Otkupitelja","og_description":"Ovo remek-djelo Paula Davida Trippa poma\u017ee nam otkriti gdje je potrebna promjena u na\u0161im \u017eivotima i u \u017eivotima drugih ljudi.","og_url":"https:\/\/radosnavijest.hr\/shop\/product\/oruda-promjene-u-rukama-otkupitelja\/","og_site_name":"Radosna vijest","article_modified_time":"2024-12-25T22:47:25+00:00","og_image":[{"width":842,"height":1200,"url":"https:\/\/radosnavijest.hr\/shop\/wp-content\/uploads\/2024\/11\/oruda-front.jpg","type":"image\/jpeg"}],"twitter_card":"summary_large_image","twitter_misc":{"Procijenjeno vrijeme \u010ditanja":"1 minuta"},"schema":{"@context":"https:\/\/schema.org","@graph":[{"@type":"WebPage","@id":"https:\/\/radosnavijest.hr\/shop\/product\/oruda-promjene-u-rukama-otkupitelja\/","url":"https:\/\/radosnavijest.hr\/shop\/product\/oruda-promjene-u-rukama-otkupitelja\/","name":"Oru\u0111a promjene u rukama Otkupitelja","isPartOf":{"@id":"https:\/\/radosnavijest.hr\/shop\/#website"},"primaryImageOfPage":{"@id":"https:\/\/radosnavijest.hr\/shop\/product\/oruda-promjene-u-rukama-otkupitelja\/#primaryimage"},"image":{"@id":"https:\/\/radosnavijest.hr\/shop\/product\/oruda-promjene-u-rukama-otkupitelja\/#primaryimage"},"thumbnailUrl":"https:\/\/radosnavijest.hr\/shop\/wp-content\/uploads\/2024\/11\/oruda-front.jpg","datePublished":"2024-11-04T19:45:11+00:00","dateModified":"2024-12-25T22:47:25+00:00","description":"Ovo remek-djelo Paula Davida Trippa poma\u017ee nam otkriti gdje je potrebna promjena u na\u0161im \u017eivotima i u \u017eivotima drugih ljudi.","breadcrumb":{"@id":"https:\/\/radosnavijest.hr\/shop\/product\/oruda-promjene-u-rukama-otkupitelja\/#breadcrumb"},"inLanguage":"hr","potentialAction":[{"@type":"ReadAction","target":["https:\/\/radosnavijest.hr\/shop\/product\/oruda-promjene-u-rukama-otkupitelja\/"]}]},{"@type":"ImageObject","inLanguage":"hr","@id":"https:\/\/radosnavijest.hr\/shop\/product\/oruda-promjene-u-rukama-otkupitelja\/#primaryimage","url":"https:\/\/radosnavijest.hr\/shop\/wp-content\/uploads\/2024\/11\/oruda-front.jpg","contentUrl":"https:\/\/radosnavijest.hr\/shop\/wp-content\/uploads\/2024\/11\/oruda-front.jpg","width":842,"height":1200},{"@type":"BreadcrumbList","@id":"https:\/\/radosnavijest.hr\/shop\/product\/oruda-promjene-u-rukama-otkupitelja\/#breadcrumb","itemListElement":[{"@type":"ListItem","position":1,"name":"Po\u010detna","item":"https:\/\/radosnavijest.hr\/shop\/"},{"@type":"ListItem","position":2,"name":"Knjige","item":"https:\/\/radosnavijest.hr\/shop\/"},{"@type":"ListItem","position":3,"name":"Oru\u0111a promjene u rukama Otkupitelja"}]},{"@type":"WebSite","@id":"https:\/\/radosnavijest.hr\/shop\/#website","url":"https:\/\/radosnavijest.hr\/shop\/","name":"Radosna vijest","description":"Knjige","publisher":{"@id":"https:\/\/radosnavijest.hr\/shop\/#organization"},"potentialAction":[{"@type":"SearchAction","target":{"@type":"EntryPoint","urlTemplate":"https:\/\/radosnavijest.hr\/shop\/?s={search_term_string}"},"query-input":{"@type":"PropertyValueSpecification","valueRequired":true,"valueName":"search_term_string"}}],"inLanguage":"hr"},{"@type":"Organization","@id":"https:\/\/radosnavijest.hr\/shop\/#organization","name":"Radosna vijest","url":"https:\/\/radosnavijest.hr\/shop\/","logo":{"@type":"ImageObject","inLanguage":"hr","@id":"https:\/\/radosnavijest.hr\/shop\/#\/schema\/logo\/image\/","url":"https:\/\/radosnavijest.hr\/shop\/wp-content\/uploads\/2023\/08\/cropped-RV-logo-RGB_web.png","contentUrl":"https:\/\/radosnavijest.hr\/shop\/wp-content\/uploads\/2023\/08\/cropped-RV-logo-RGB_web.png","width":600,"height":232,"caption":"Radosna vijest"},"image":{"@id":"https:\/\/radosnavijest.hr\/shop\/#\/schema\/logo\/image\/"}}]}},"_links":{"self":[{"href":"https:\/\/radosnavijest.hr\/shop\/wp-json\/wp\/v2\/product\/879","targetHints":{"allow":["GET"]}}],"collection":[{"href":"https:\/\/radosnavijest.hr\/shop\/wp-json\/wp\/v2\/product"}],"about":[{"href":"https:\/\/radosnavijest.hr\/shop\/wp-json\/wp\/v2\/types\/product"}],"wp:featuredmedia":[{"embeddable":true,"href":"https:\/\/radosnavijest.hr\/shop\/wp-json\/wp\/v2\/media\/881"}],"wp:attachment":[{"href":"https:\/\/radosnavijest.hr\/shop\/wp-json\/wp\/v2\/media?parent=879"}],"wp:term":[{"taxonomy":"product_brand","embeddable":true,"href":"https:\/\/radosnavijest.hr\/shop\/wp-json\/wp\/v2\/product_brand?post=879"},{"taxonomy":"product_cat","embeddable":true,"href":"https:\/\/radosnavijest.hr\/shop\/wp-json\/wp\/v2\/product_cat?post=879"},{"taxonomy":"product_tag","embeddable":true,"href":"https:\/\/radosnavijest.hr\/shop\/wp-json\/wp\/v2\/product_tag?post=879"},{"taxonomy":"autor","embeddable":true,"href":"https:\/\/radosnavijest.hr\/shop\/wp-json\/wp\/v2\/autor?post=879"}],"curies":[{"name":"wp","href":"https:\/\/api.w.org\/{rel}","templated":true}]}}