{"id":924,"date":"2025-01-25T21:11:29","date_gmt":"2025-01-25T20:11:29","guid":{"rendered":"https:\/\/radosnavijest.hr\/shop\/?post_type=product&#038;p=924"},"modified":"2025-02-25T22:29:21","modified_gmt":"2025-02-25T21:29:21","slug":"karlo-i-tajna-druzina","status":"publish","type":"product","link":"https:\/\/radosnavijest.hr\/shop\/product\/karlo-i-tajna-druzina\/","title":{"rendered":"Karlo i tajna dru\u017eina"},"content":{"rendered":"<p style=\"text-align: left;\"><img fetchpriority=\"high\" decoding=\"async\" class=\"size-medium wp-image-818 alignleft\" src=\"https:\/\/radosnavijest.hr\/shop\/wp-content\/uploads\/2024\/04\/samara-300x300.jpg\" alt=\"\" width=\"300\" height=\"300\" srcset=\"https:\/\/radosnavijest.hr\/shop\/wp-content\/uploads\/2024\/04\/samara-300x300.jpg 300w, https:\/\/radosnavijest.hr\/shop\/wp-content\/uploads\/2024\/04\/samara-150x150.jpg 150w, https:\/\/radosnavijest.hr\/shop\/wp-content\/uploads\/2024\/04\/samara-100x100.jpg 100w, https:\/\/radosnavijest.hr\/shop\/wp-content\/uploads\/2024\/04\/samara.jpg 600w\" sizes=\"(max-width: 300px) 100vw, 300px\" \/>Samara Hardy, ilustratorica je i dizajnerica koja stvara crte\u017ee za \u010destitke, dopisnice, posu\u0111e, dje\u010dje knjige itd.<br \/>\nNjezini se klijenti nalaze po cijelom svijetu, ame\u0111u njima su i Hallmark, Trader Joe\u2019s, Oxford University Press i American Greetings.<\/p>\n","protected":false},"excerpt":{"rendered":"<p>Ova zanimljiva slikovnica za djecu u dobi od 3 do 7 godina u\u010di nas da se mo\u017eemo osje\u0107ati usamljeno odupiru\u0107i se pritisku vr\u0161njaka, ali nas Isus, po svojoj milosti, osposobljava \u010diniti \u0161to je ispravno i ostaje uz nas kad se osje\u0107amo izostavljeno. Karlova \u0107e pri\u010da pomo\u0107i obiteljima zapo\u010deti razgovor o ku\u0161njama, koje dolaze s pritiskom vr\u0161njaka, ali i o velikoj pustolovini nasljedovanja Isusa.<\/p>\n<p>Format: Tvrdi uvez<br \/>\nDimenzije: 220 x 220 x 10 mm<br \/>\nBroj stranica: 40<\/p>\n","protected":false},"featured_media":933,"template":"","meta":[],"product_brand":[],"product_cat":[62],"product_tag":[],"autor":[63,64],"class_list":{"0":"post-924","1":"product","2":"type-product","3":"status-publish","4":"has-post-thumbnail","6":"product_cat-knjige-za-djecu","7":"autor-betsy-childs-howard","8":"autor-samara-hardy","10":"first","11":"instock","12":"shipping-taxable","13":"purchasable","14":"product-type-simple"},"yoast_head":"<!-- This site is optimized with the Yoast SEO plugin v27.4 - https:\/\/yoast.com\/product\/yoast-seo-wordpress\/ -->\n<title>Karlo i tajna dru\u017eina<\/title>\n<meta name=\"description\" content=\"Karlova \u0107e pri\u010da pomo\u0107i obiteljima zapo\u010deti razgovor o ku\u0161njama, koje dolaze s pritiskom vr\u0161njaka, ali i o velikoj pustolovini nasljedovanja Isusa.\" \/>\n<meta name=\"robots\" content=\"index, follow, max-snippet:-1, max-image-preview:large, max-video-preview:-1\" \/>\n<link rel=\"canonical\" href=\"https:\/\/radosnavijest.hr\/shop\/product\/karlo-i-tajna-druzina\/\" \/>\n<meta property=\"og:locale\" content=\"hr_HR\" \/>\n<meta property=\"og:type\" content=\"article\" \/>\n<meta property=\"og:title\" content=\"Karlo i tajna dru\u017eina\" \/>\n<meta property=\"og:description\" content=\"Karlova \u0107e pri\u010da pomo\u0107i obiteljima zapo\u010deti razgovor o ku\u0161njama, koje dolaze s pritiskom vr\u0161njaka, ali i o velikoj pustolovini nasljedovanja Isusa.\" \/>\n<meta property=\"og:url\" content=\"https:\/\/radosnavijest.hr\/shop\/product\/karlo-i-tajna-druzina\/\" \/>\n<meta property=\"og:site_name\" content=\"Radosna vijest\" \/>\n<meta property=\"article:modified_time\" content=\"2025-02-25T21:29:21+00:00\" \/>\n<meta property=\"og:image\" content=\"https:\/\/radosnavijest.hr\/shop\/wp-content\/uploads\/2025\/01\/karlo2-front-2.jpg\" \/>\n\t<meta property=\"og:image:width\" content=\"842\" \/>\n\t<meta property=\"og:image:height\" content=\"1200\" \/>\n\t<meta property=\"og:image:type\" content=\"image\/jpeg\" \/>\n<meta name=\"twitter:card\" content=\"summary_large_image\" \/>\n<meta name=\"twitter:label1\" content=\"Procijenjeno vrijeme \u010ditanja\" \/>\n\t<meta name=\"twitter:data1\" content=\"1 minuta\" \/>\n<script type=\"application\/ld+json\" class=\"yoast-schema-graph\">{\"@context\":\"https:\\\/\\\/schema.org\",\"@graph\":[{\"@type\":\"WebPage\",\"@id\":\"https:\\\/\\\/radosnavijest.hr\\\/shop\\\/product\\\/karlo-i-tajna-druzina\\\/\",\"url\":\"https:\\\/\\\/radosnavijest.hr\\\/shop\\\/product\\\/karlo-i-tajna-druzina\\\/\",\"name\":\"Karlo i tajna dru\u017eina\",\"isPartOf\":{\"@id\":\"https:\\\/\\\/radosnavijest.hr\\\/shop\\\/#website\"},\"primaryImageOfPage\":{\"@id\":\"https:\\\/\\\/radosnavijest.hr\\\/shop\\\/product\\\/karlo-i-tajna-druzina\\\/#primaryimage\"},\"image\":{\"@id\":\"https:\\\/\\\/radosnavijest.hr\\\/shop\\\/product\\\/karlo-i-tajna-druzina\\\/#primaryimage\"},\"thumbnailUrl\":\"https:\\\/\\\/radosnavijest.hr\\\/shop\\\/wp-content\\\/uploads\\\/2025\\\/01\\\/karlo2-front-2.jpg\",\"datePublished\":\"2025-01-25T20:11:29+00:00\",\"dateModified\":\"2025-02-25T21:29:21+00:00\",\"description\":\"Karlova \u0107e pri\u010da pomo\u0107i obiteljima zapo\u010deti razgovor o ku\u0161njama, koje dolaze s pritiskom vr\u0161njaka, ali i o velikoj pustolovini nasljedovanja Isusa.\",\"breadcrumb\":{\"@id\":\"https:\\\/\\\/radosnavijest.hr\\\/shop\\\/product\\\/karlo-i-tajna-druzina\\\/#breadcrumb\"},\"inLanguage\":\"hr\",\"potentialAction\":[{\"@type\":\"ReadAction\",\"target\":[\"https:\\\/\\\/radosnavijest.hr\\\/shop\\\/product\\\/karlo-i-tajna-druzina\\\/\"]}]},{\"@type\":\"ImageObject\",\"inLanguage\":\"hr\",\"@id\":\"https:\\\/\\\/radosnavijest.hr\\\/shop\\\/product\\\/karlo-i-tajna-druzina\\\/#primaryimage\",\"url\":\"https:\\\/\\\/radosnavijest.hr\\\/shop\\\/wp-content\\\/uploads\\\/2025\\\/01\\\/karlo2-front-2.jpg\",\"contentUrl\":\"https:\\\/\\\/radosnavijest.hr\\\/shop\\\/wp-content\\\/uploads\\\/2025\\\/01\\\/karlo2-front-2.jpg\",\"width\":842,\"height\":1200},{\"@type\":\"BreadcrumbList\",\"@id\":\"https:\\\/\\\/radosnavijest.hr\\\/shop\\\/product\\\/karlo-i-tajna-druzina\\\/#breadcrumb\",\"itemListElement\":[{\"@type\":\"ListItem\",\"position\":1,\"name\":\"Po\u010detna\",\"item\":\"https:\\\/\\\/radosnavijest.hr\\\/shop\\\/\"},{\"@type\":\"ListItem\",\"position\":2,\"name\":\"Knjige\",\"item\":\"https:\\\/\\\/radosnavijest.hr\\\/shop\\\/\"},{\"@type\":\"ListItem\",\"position\":3,\"name\":\"Karlo i tajna dru\u017eina\"}]},{\"@type\":\"WebSite\",\"@id\":\"https:\\\/\\\/radosnavijest.hr\\\/shop\\\/#website\",\"url\":\"https:\\\/\\\/radosnavijest.hr\\\/shop\\\/\",\"name\":\"Radosna vijest\",\"description\":\"Knjige\",\"publisher\":{\"@id\":\"https:\\\/\\\/radosnavijest.hr\\\/shop\\\/#organization\"},\"potentialAction\":[{\"@type\":\"SearchAction\",\"target\":{\"@type\":\"EntryPoint\",\"urlTemplate\":\"https:\\\/\\\/radosnavijest.hr\\\/shop\\\/?s={search_term_string}\"},\"query-input\":{\"@type\":\"PropertyValueSpecification\",\"valueRequired\":true,\"valueName\":\"search_term_string\"}}],\"inLanguage\":\"hr\"},{\"@type\":\"Organization\",\"@id\":\"https:\\\/\\\/radosnavijest.hr\\\/shop\\\/#organization\",\"name\":\"Radosna vijest\",\"url\":\"https:\\\/\\\/radosnavijest.hr\\\/shop\\\/\",\"logo\":{\"@type\":\"ImageObject\",\"inLanguage\":\"hr\",\"@id\":\"https:\\\/\\\/radosnavijest.hr\\\/shop\\\/#\\\/schema\\\/logo\\\/image\\\/\",\"url\":\"https:\\\/\\\/radosnavijest.hr\\\/shop\\\/wp-content\\\/uploads\\\/2023\\\/08\\\/cropped-RV-logo-RGB_web.png\",\"contentUrl\":\"https:\\\/\\\/radosnavijest.hr\\\/shop\\\/wp-content\\\/uploads\\\/2023\\\/08\\\/cropped-RV-logo-RGB_web.png\",\"width\":600,\"height\":232,\"caption\":\"Radosna vijest\"},\"image\":{\"@id\":\"https:\\\/\\\/radosnavijest.hr\\\/shop\\\/#\\\/schema\\\/logo\\\/image\\\/\"}}]}<\/script>\n<!-- \/ Yoast SEO plugin. -->","yoast_head_json":{"title":"Karlo i tajna dru\u017eina","description":"Karlova \u0107e pri\u010da pomo\u0107i obiteljima zapo\u010deti razgovor o ku\u0161njama, koje dolaze s pritiskom vr\u0161njaka, ali i o velikoj pustolovini nasljedovanja Isusa.","robots":{"index":"index","follow":"follow","max-snippet":"max-snippet:-1","max-image-preview":"max-image-preview:large","max-video-preview":"max-video-preview:-1"},"canonical":"https:\/\/radosnavijest.hr\/shop\/product\/karlo-i-tajna-druzina\/","og_locale":"hr_HR","og_type":"article","og_title":"Karlo i tajna dru\u017eina","og_description":"Karlova \u0107e pri\u010da pomo\u0107i obiteljima zapo\u010deti razgovor o ku\u0161njama, koje dolaze s pritiskom vr\u0161njaka, ali i o velikoj pustolovini nasljedovanja Isusa.","og_url":"https:\/\/radosnavijest.hr\/shop\/product\/karlo-i-tajna-druzina\/","og_site_name":"Radosna vijest","article_modified_time":"2025-02-25T21:29:21+00:00","og_image":[{"width":842,"height":1200,"url":"https:\/\/radosnavijest.hr\/shop\/wp-content\/uploads\/2025\/01\/karlo2-front-2.jpg","type":"image\/jpeg"}],"twitter_card":"summary_large_image","twitter_misc":{"Procijenjeno vrijeme \u010ditanja":"1 minuta"},"schema":{"@context":"https:\/\/schema.org","@graph":[{"@type":"WebPage","@id":"https:\/\/radosnavijest.hr\/shop\/product\/karlo-i-tajna-druzina\/","url":"https:\/\/radosnavijest.hr\/shop\/product\/karlo-i-tajna-druzina\/","name":"Karlo i tajna dru\u017eina","isPartOf":{"@id":"https:\/\/radosnavijest.hr\/shop\/#website"},"primaryImageOfPage":{"@id":"https:\/\/radosnavijest.hr\/shop\/product\/karlo-i-tajna-druzina\/#primaryimage"},"image":{"@id":"https:\/\/radosnavijest.hr\/shop\/product\/karlo-i-tajna-druzina\/#primaryimage"},"thumbnailUrl":"https:\/\/radosnavijest.hr\/shop\/wp-content\/uploads\/2025\/01\/karlo2-front-2.jpg","datePublished":"2025-01-25T20:11:29+00:00","dateModified":"2025-02-25T21:29:21+00:00","description":"Karlova \u0107e pri\u010da pomo\u0107i obiteljima zapo\u010deti razgovor o ku\u0161njama, koje dolaze s pritiskom vr\u0161njaka, ali i o velikoj pustolovini nasljedovanja Isusa.","breadcrumb":{"@id":"https:\/\/radosnavijest.hr\/shop\/product\/karlo-i-tajna-druzina\/#breadcrumb"},"inLanguage":"hr","potentialAction":[{"@type":"ReadAction","target":["https:\/\/radosnavijest.hr\/shop\/product\/karlo-i-tajna-druzina\/"]}]},{"@type":"ImageObject","inLanguage":"hr","@id":"https:\/\/radosnavijest.hr\/shop\/product\/karlo-i-tajna-druzina\/#primaryimage","url":"https:\/\/radosnavijest.hr\/shop\/wp-content\/uploads\/2025\/01\/karlo2-front-2.jpg","contentUrl":"https:\/\/radosnavijest.hr\/shop\/wp-content\/uploads\/2025\/01\/karlo2-front-2.jpg","width":842,"height":1200},{"@type":"BreadcrumbList","@id":"https:\/\/radosnavijest.hr\/shop\/product\/karlo-i-tajna-druzina\/#breadcrumb","itemListElement":[{"@type":"ListItem","position":1,"name":"Po\u010detna","item":"https:\/\/radosnavijest.hr\/shop\/"},{"@type":"ListItem","position":2,"name":"Knjige","item":"https:\/\/radosnavijest.hr\/shop\/"},{"@type":"ListItem","position":3,"name":"Karlo i tajna dru\u017eina"}]},{"@type":"WebSite","@id":"https:\/\/radosnavijest.hr\/shop\/#website","url":"https:\/\/radosnavijest.hr\/shop\/","name":"Radosna vijest","description":"Knjige","publisher":{"@id":"https:\/\/radosnavijest.hr\/shop\/#organization"},"potentialAction":[{"@type":"SearchAction","target":{"@type":"EntryPoint","urlTemplate":"https:\/\/radosnavijest.hr\/shop\/?s={search_term_string}"},"query-input":{"@type":"PropertyValueSpecification","valueRequired":true,"valueName":"search_term_string"}}],"inLanguage":"hr"},{"@type":"Organization","@id":"https:\/\/radosnavijest.hr\/shop\/#organization","name":"Radosna vijest","url":"https:\/\/radosnavijest.hr\/shop\/","logo":{"@type":"ImageObject","inLanguage":"hr","@id":"https:\/\/radosnavijest.hr\/shop\/#\/schema\/logo\/image\/","url":"https:\/\/radosnavijest.hr\/shop\/wp-content\/uploads\/2023\/08\/cropped-RV-logo-RGB_web.png","contentUrl":"https:\/\/radosnavijest.hr\/shop\/wp-content\/uploads\/2023\/08\/cropped-RV-logo-RGB_web.png","width":600,"height":232,"caption":"Radosna vijest"},"image":{"@id":"https:\/\/radosnavijest.hr\/shop\/#\/schema\/logo\/image\/"}}]}},"_links":{"self":[{"href":"https:\/\/radosnavijest.hr\/shop\/wp-json\/wp\/v2\/product\/924","targetHints":{"allow":["GET"]}}],"collection":[{"href":"https:\/\/radosnavijest.hr\/shop\/wp-json\/wp\/v2\/product"}],"about":[{"href":"https:\/\/radosnavijest.hr\/shop\/wp-json\/wp\/v2\/types\/product"}],"wp:featuredmedia":[{"embeddable":true,"href":"https:\/\/radosnavijest.hr\/shop\/wp-json\/wp\/v2\/media\/933"}],"wp:attachment":[{"href":"https:\/\/radosnavijest.hr\/shop\/wp-json\/wp\/v2\/media?parent=924"}],"wp:term":[{"taxonomy":"product_brand","embeddable":true,"href":"https:\/\/radosnavijest.hr\/shop\/wp-json\/wp\/v2\/product_brand?post=924"},{"taxonomy":"product_cat","embeddable":true,"href":"https:\/\/radosnavijest.hr\/shop\/wp-json\/wp\/v2\/product_cat?post=924"},{"taxonomy":"product_tag","embeddable":true,"href":"https:\/\/radosnavijest.hr\/shop\/wp-json\/wp\/v2\/product_tag?post=924"},{"taxonomy":"autor","embeddable":true,"href":"https:\/\/radosnavijest.hr\/shop\/wp-json\/wp\/v2\/autor?post=924"}],"curies":[{"name":"wp","href":"https:\/\/api.w.org\/{rel}","templated":true}]}}