{"id":947,"date":"2025-02-19T15:37:19","date_gmt":"2025-02-19T14:37:19","guid":{"rendered":"https:\/\/radosnavijest.hr\/shop\/?post_type=product&#038;p=947"},"modified":"2025-02-19T15:37:19","modified_gmt":"2025-02-19T14:37:19","slug":"megi-nije-sama","status":"publish","type":"product","link":"https:\/\/radosnavijest.hr\/shop\/product\/megi-nije-sama\/","title":{"rendered":"Megi nije sama"},"content":{"rendered":"<p><img fetchpriority=\"high\" decoding=\"async\" class=\"size-medium wp-image-818 alignleft\" src=\"https:\/\/radosnavijest.hr\/shop\/wp-content\/uploads\/2024\/04\/samara-300x300.jpg\" alt=\"\" width=\"300\" height=\"300\" srcset=\"https:\/\/radosnavijest.hr\/shop\/wp-content\/uploads\/2024\/04\/samara-300x300.jpg 300w, https:\/\/radosnavijest.hr\/shop\/wp-content\/uploads\/2024\/04\/samara-150x150.jpg 150w, https:\/\/radosnavijest.hr\/shop\/wp-content\/uploads\/2024\/04\/samara-100x100.jpg 100w, https:\/\/radosnavijest.hr\/shop\/wp-content\/uploads\/2024\/04\/samara.jpg 600w\" sizes=\"(max-width: 300px) 100vw, 300px\" \/>Samara Hardy, ilustratorica je i dizajnerica koja stvara crte\u017ee za \u010destitke, dopisnice, posu\u0111e, dje\u010dje knjige itd.<br \/>\nNjezini se klijenti nalaze po cijelom svijetu, a me\u0111u njima su i Hallmark, Trader Joe\u2019s, Oxford University Press i American Greetings.<\/p>\n","protected":false},"excerpt":{"rendered":"<p>Lako razumljivim jezikom i \u017eivopisnim ilustracijama, Megina pri\u010da pomo\u0107i \u0107e obiteljima zapo\u010deti razgovor o Isusovoj zapovijedi: \u201eLjubite jedni druge\u201c, i o tome kakav je blagoslov biti dijelom lokalne crkve.<\/p>\n<p>Format: Tvrdi uvez<br \/>\nDimenzije: 220 x 220 x 10 mm<br \/>\nBroj stranica: 40<\/p>\n","protected":false},"featured_media":948,"template":"","meta":[],"product_brand":[],"product_cat":[62],"product_tag":[],"autor":[70,64],"class_list":{"0":"post-947","1":"product","2":"type-product","3":"status-publish","4":"has-post-thumbnail","6":"product_cat-knjige-za-djecu","7":"autor-megan-hill","8":"autor-samara-hardy","10":"first","11":"instock","12":"shipping-taxable","13":"purchasable","14":"product-type-simple"},"yoast_head":"<!-- This site is optimized with the Yoast SEO plugin v27.5 - https:\/\/yoast.com\/product\/yoast-seo-wordpress\/ -->\n<title>Megi nije sama<\/title>\n<meta name=\"description\" content=\"Megina pri\u010da pomo\u0107i \u0107e obiteljima zapo\u010deti razgovor o Isusovoj zapovijedi:\u201eLjubite jedni druge\u201c,i o tome kakav je blagoslov biti dijelom lokalne crkve.\" \/>\n<meta name=\"robots\" content=\"index, follow, max-snippet:-1, max-image-preview:large, max-video-preview:-1\" \/>\n<link rel=\"canonical\" href=\"https:\/\/radosnavijest.hr\/shop\/product\/megi-nije-sama\/\" \/>\n<meta property=\"og:locale\" content=\"hr_HR\" \/>\n<meta property=\"og:type\" content=\"article\" \/>\n<meta property=\"og:title\" content=\"Megi nije sama\" \/>\n<meta property=\"og:description\" content=\"Megina pri\u010da pomo\u0107i \u0107e obiteljima zapo\u010deti razgovor o Isusovoj zapovijedi:\u201eLjubite jedni druge\u201c,i o tome kakav je blagoslov biti dijelom lokalne crkve.\" \/>\n<meta property=\"og:url\" content=\"https:\/\/radosnavijest.hr\/shop\/product\/megi-nije-sama\/\" \/>\n<meta property=\"og:site_name\" content=\"Radosna vijest\" \/>\n<meta property=\"og:image\" content=\"https:\/\/radosnavijest.hr\/shop\/wp-content\/uploads\/2025\/02\/megi-front.jpg\" \/>\n\t<meta property=\"og:image:width\" content=\"842\" \/>\n\t<meta property=\"og:image:height\" content=\"1200\" \/>\n\t<meta property=\"og:image:type\" content=\"image\/jpeg\" \/>\n<meta name=\"twitter:card\" content=\"summary_large_image\" \/>\n<meta name=\"twitter:label1\" content=\"Procijenjeno vrijeme \u010ditanja\" \/>\n\t<meta name=\"twitter:data1\" content=\"1 minuta\" \/>\n<script type=\"application\/ld+json\" class=\"yoast-schema-graph\">{\"@context\":\"https:\\\/\\\/schema.org\",\"@graph\":[{\"@type\":\"WebPage\",\"@id\":\"https:\\\/\\\/radosnavijest.hr\\\/shop\\\/product\\\/megi-nije-sama\\\/\",\"url\":\"https:\\\/\\\/radosnavijest.hr\\\/shop\\\/product\\\/megi-nije-sama\\\/\",\"name\":\"Megi nije sama\",\"isPartOf\":{\"@id\":\"https:\\\/\\\/radosnavijest.hr\\\/shop\\\/#website\"},\"primaryImageOfPage\":{\"@id\":\"https:\\\/\\\/radosnavijest.hr\\\/shop\\\/product\\\/megi-nije-sama\\\/#primaryimage\"},\"image\":{\"@id\":\"https:\\\/\\\/radosnavijest.hr\\\/shop\\\/product\\\/megi-nije-sama\\\/#primaryimage\"},\"thumbnailUrl\":\"https:\\\/\\\/radosnavijest.hr\\\/shop\\\/wp-content\\\/uploads\\\/2025\\\/02\\\/megi-front.jpg\",\"datePublished\":\"2025-02-19T14:37:19+00:00\",\"description\":\"Megina pri\u010da pomo\u0107i \u0107e obiteljima zapo\u010deti razgovor o Isusovoj zapovijedi:\u201eLjubite jedni druge\u201c,i o tome kakav je blagoslov biti dijelom lokalne crkve.\",\"breadcrumb\":{\"@id\":\"https:\\\/\\\/radosnavijest.hr\\\/shop\\\/product\\\/megi-nije-sama\\\/#breadcrumb\"},\"inLanguage\":\"hr\",\"potentialAction\":[{\"@type\":\"ReadAction\",\"target\":[\"https:\\\/\\\/radosnavijest.hr\\\/shop\\\/product\\\/megi-nije-sama\\\/\"]}]},{\"@type\":\"ImageObject\",\"inLanguage\":\"hr\",\"@id\":\"https:\\\/\\\/radosnavijest.hr\\\/shop\\\/product\\\/megi-nije-sama\\\/#primaryimage\",\"url\":\"https:\\\/\\\/radosnavijest.hr\\\/shop\\\/wp-content\\\/uploads\\\/2025\\\/02\\\/megi-front.jpg\",\"contentUrl\":\"https:\\\/\\\/radosnavijest.hr\\\/shop\\\/wp-content\\\/uploads\\\/2025\\\/02\\\/megi-front.jpg\",\"width\":842,\"height\":1200},{\"@type\":\"BreadcrumbList\",\"@id\":\"https:\\\/\\\/radosnavijest.hr\\\/shop\\\/product\\\/megi-nije-sama\\\/#breadcrumb\",\"itemListElement\":[{\"@type\":\"ListItem\",\"position\":1,\"name\":\"Po\u010detna\",\"item\":\"https:\\\/\\\/radosnavijest.hr\\\/shop\\\/\"},{\"@type\":\"ListItem\",\"position\":2,\"name\":\"Knjige\",\"item\":\"https:\\\/\\\/radosnavijest.hr\\\/shop\\\/\"},{\"@type\":\"ListItem\",\"position\":3,\"name\":\"Megi nije sama\"}]},{\"@type\":\"WebSite\",\"@id\":\"https:\\\/\\\/radosnavijest.hr\\\/shop\\\/#website\",\"url\":\"https:\\\/\\\/radosnavijest.hr\\\/shop\\\/\",\"name\":\"Radosna vijest\",\"description\":\"Knjige\",\"publisher\":{\"@id\":\"https:\\\/\\\/radosnavijest.hr\\\/shop\\\/#organization\"},\"potentialAction\":[{\"@type\":\"SearchAction\",\"target\":{\"@type\":\"EntryPoint\",\"urlTemplate\":\"https:\\\/\\\/radosnavijest.hr\\\/shop\\\/?s={search_term_string}\"},\"query-input\":{\"@type\":\"PropertyValueSpecification\",\"valueRequired\":true,\"valueName\":\"search_term_string\"}}],\"inLanguage\":\"hr\"},{\"@type\":\"Organization\",\"@id\":\"https:\\\/\\\/radosnavijest.hr\\\/shop\\\/#organization\",\"name\":\"Radosna vijest\",\"url\":\"https:\\\/\\\/radosnavijest.hr\\\/shop\\\/\",\"logo\":{\"@type\":\"ImageObject\",\"inLanguage\":\"hr\",\"@id\":\"https:\\\/\\\/radosnavijest.hr\\\/shop\\\/#\\\/schema\\\/logo\\\/image\\\/\",\"url\":\"https:\\\/\\\/radosnavijest.hr\\\/shop\\\/wp-content\\\/uploads\\\/2023\\\/08\\\/cropped-RV-logo-RGB_web.png\",\"contentUrl\":\"https:\\\/\\\/radosnavijest.hr\\\/shop\\\/wp-content\\\/uploads\\\/2023\\\/08\\\/cropped-RV-logo-RGB_web.png\",\"width\":600,\"height\":232,\"caption\":\"Radosna vijest\"},\"image\":{\"@id\":\"https:\\\/\\\/radosnavijest.hr\\\/shop\\\/#\\\/schema\\\/logo\\\/image\\\/\"}}]}<\/script>\n<!-- \/ Yoast SEO plugin. -->","yoast_head_json":{"title":"Megi nije sama","description":"Megina pri\u010da pomo\u0107i \u0107e obiteljima zapo\u010deti razgovor o Isusovoj zapovijedi:\u201eLjubite jedni druge\u201c,i o tome kakav je blagoslov biti dijelom lokalne crkve.","robots":{"index":"index","follow":"follow","max-snippet":"max-snippet:-1","max-image-preview":"max-image-preview:large","max-video-preview":"max-video-preview:-1"},"canonical":"https:\/\/radosnavijest.hr\/shop\/product\/megi-nije-sama\/","og_locale":"hr_HR","og_type":"article","og_title":"Megi nije sama","og_description":"Megina pri\u010da pomo\u0107i \u0107e obiteljima zapo\u010deti razgovor o Isusovoj zapovijedi:\u201eLjubite jedni druge\u201c,i o tome kakav je blagoslov biti dijelom lokalne crkve.","og_url":"https:\/\/radosnavijest.hr\/shop\/product\/megi-nije-sama\/","og_site_name":"Radosna vijest","og_image":[{"width":842,"height":1200,"url":"https:\/\/radosnavijest.hr\/shop\/wp-content\/uploads\/2025\/02\/megi-front.jpg","type":"image\/jpeg"}],"twitter_card":"summary_large_image","twitter_misc":{"Procijenjeno vrijeme \u010ditanja":"1 minuta"},"schema":{"@context":"https:\/\/schema.org","@graph":[{"@type":"WebPage","@id":"https:\/\/radosnavijest.hr\/shop\/product\/megi-nije-sama\/","url":"https:\/\/radosnavijest.hr\/shop\/product\/megi-nije-sama\/","name":"Megi nije sama","isPartOf":{"@id":"https:\/\/radosnavijest.hr\/shop\/#website"},"primaryImageOfPage":{"@id":"https:\/\/radosnavijest.hr\/shop\/product\/megi-nije-sama\/#primaryimage"},"image":{"@id":"https:\/\/radosnavijest.hr\/shop\/product\/megi-nije-sama\/#primaryimage"},"thumbnailUrl":"https:\/\/radosnavijest.hr\/shop\/wp-content\/uploads\/2025\/02\/megi-front.jpg","datePublished":"2025-02-19T14:37:19+00:00","description":"Megina pri\u010da pomo\u0107i \u0107e obiteljima zapo\u010deti razgovor o Isusovoj zapovijedi:\u201eLjubite jedni druge\u201c,i o tome kakav je blagoslov biti dijelom lokalne crkve.","breadcrumb":{"@id":"https:\/\/radosnavijest.hr\/shop\/product\/megi-nije-sama\/#breadcrumb"},"inLanguage":"hr","potentialAction":[{"@type":"ReadAction","target":["https:\/\/radosnavijest.hr\/shop\/product\/megi-nije-sama\/"]}]},{"@type":"ImageObject","inLanguage":"hr","@id":"https:\/\/radosnavijest.hr\/shop\/product\/megi-nije-sama\/#primaryimage","url":"https:\/\/radosnavijest.hr\/shop\/wp-content\/uploads\/2025\/02\/megi-front.jpg","contentUrl":"https:\/\/radosnavijest.hr\/shop\/wp-content\/uploads\/2025\/02\/megi-front.jpg","width":842,"height":1200},{"@type":"BreadcrumbList","@id":"https:\/\/radosnavijest.hr\/shop\/product\/megi-nije-sama\/#breadcrumb","itemListElement":[{"@type":"ListItem","position":1,"name":"Po\u010detna","item":"https:\/\/radosnavijest.hr\/shop\/"},{"@type":"ListItem","position":2,"name":"Knjige","item":"https:\/\/radosnavijest.hr\/shop\/"},{"@type":"ListItem","position":3,"name":"Megi nije sama"}]},{"@type":"WebSite","@id":"https:\/\/radosnavijest.hr\/shop\/#website","url":"https:\/\/radosnavijest.hr\/shop\/","name":"Radosna vijest","description":"Knjige","publisher":{"@id":"https:\/\/radosnavijest.hr\/shop\/#organization"},"potentialAction":[{"@type":"SearchAction","target":{"@type":"EntryPoint","urlTemplate":"https:\/\/radosnavijest.hr\/shop\/?s={search_term_string}"},"query-input":{"@type":"PropertyValueSpecification","valueRequired":true,"valueName":"search_term_string"}}],"inLanguage":"hr"},{"@type":"Organization","@id":"https:\/\/radosnavijest.hr\/shop\/#organization","name":"Radosna vijest","url":"https:\/\/radosnavijest.hr\/shop\/","logo":{"@type":"ImageObject","inLanguage":"hr","@id":"https:\/\/radosnavijest.hr\/shop\/#\/schema\/logo\/image\/","url":"https:\/\/radosnavijest.hr\/shop\/wp-content\/uploads\/2023\/08\/cropped-RV-logo-RGB_web.png","contentUrl":"https:\/\/radosnavijest.hr\/shop\/wp-content\/uploads\/2023\/08\/cropped-RV-logo-RGB_web.png","width":600,"height":232,"caption":"Radosna vijest"},"image":{"@id":"https:\/\/radosnavijest.hr\/shop\/#\/schema\/logo\/image\/"}}]}},"_links":{"self":[{"href":"https:\/\/radosnavijest.hr\/shop\/wp-json\/wp\/v2\/product\/947","targetHints":{"allow":["GET"]}}],"collection":[{"href":"https:\/\/radosnavijest.hr\/shop\/wp-json\/wp\/v2\/product"}],"about":[{"href":"https:\/\/radosnavijest.hr\/shop\/wp-json\/wp\/v2\/types\/product"}],"wp:featuredmedia":[{"embeddable":true,"href":"https:\/\/radosnavijest.hr\/shop\/wp-json\/wp\/v2\/media\/948"}],"wp:attachment":[{"href":"https:\/\/radosnavijest.hr\/shop\/wp-json\/wp\/v2\/media?parent=947"}],"wp:term":[{"taxonomy":"product_brand","embeddable":true,"href":"https:\/\/radosnavijest.hr\/shop\/wp-json\/wp\/v2\/product_brand?post=947"},{"taxonomy":"product_cat","embeddable":true,"href":"https:\/\/radosnavijest.hr\/shop\/wp-json\/wp\/v2\/product_cat?post=947"},{"taxonomy":"product_tag","embeddable":true,"href":"https:\/\/radosnavijest.hr\/shop\/wp-json\/wp\/v2\/product_tag?post=947"},{"taxonomy":"autor","embeddable":true,"href":"https:\/\/radosnavijest.hr\/shop\/wp-json\/wp\/v2\/autor?post=947"}],"curies":[{"name":"wp","href":"https:\/\/api.w.org\/{rel}","templated":true}]}}