{"id":982,"date":"2025-03-14T03:07:28","date_gmt":"2025-03-14T02:07:28","guid":{"rendered":"https:\/\/radosnavijest.hr\/shop\/?post_type=product&#038;p=982"},"modified":"2025-03-14T14:55:04","modified_gmt":"2025-03-14T13:55:04","slug":"kako-se-ljudi-mijenjaju","status":"publish","type":"product","link":"https:\/\/radosnavijest.hr\/shop\/product\/kako-se-ljudi-mijenjaju\/","title":{"rendered":"Kako se ljudi mijenjaju"},"content":{"rendered":"<p>Knjiga <em>Kako se ljudi mijenjaju<\/em> kre\u0107e od Boga i tako izbjegava onu fatalnu pogre\u0161ku koju \u010dine sve knjige za samopomo\u0107. Postat \u0107ete dubinski druga\u010diji kada jo\u0161 bolje shvatite: \u201eNe radi se o meni.\u201c Radi se o Onome koji nas ponovno stvara, i to svakog od nas posebno i sve nas zajedno, da bismo bili na njegovu sliku i tako postali zajednica koja \u017eivi milosr\u0111e, pravdu i pravednost na svijetu.<\/p>\n<p>Sadr\u017eaj:<br \/>\n1. Jaz evan\u0111elja<br \/>\n2. La\u017ene nade<br \/>\n3. Odredi\u0161te na koje vas Bog vodi<br \/>\n4. Vjen\u010dani s Kristom<br \/>\n5. Promjena je zajedni\u010dki projekt<br \/>\n6. Velika slika<br \/>\n7. Vru\u0107ina 1: Bog u stvarnom svijetu<br \/>\n8. Vru\u0107ina 2: Vi u stvarnom svijetu<br \/>\n9. Trnje 1: \u0160to vas zapli\u0107e?<br \/>\n10. Trnje 2: Za\u0161to se zapli\u0107ete?<br \/>\n11. Kri\u017e 1: Novi identitet i novi potencijal<br \/>\n12. Kri\u017e 2: Kri\u017e i svakodnevni \u017eivot<br \/>\n13. Plod 1: Prava promjena srca<br \/>\n14. Plod 2: Novi i iznena\u0111uju\u0107i plod<br \/>\n15. Pri\u010da jednog para<br \/>\n16. Pri\u010da jedne crkve<\/p>\n","protected":false},"excerpt":{"rendered":"<p>\u0160to se treba dogoditi kako bi se trajna promjena ukorijenila u va\u0161em \u017eivotu?<br \/>\nAko ste ikada ne\u0161to poku\u0161ali, do\u017eivjeli neuspjeh pa se pitali za\u0161to, onda trebate knjigu <em>Kako se ljudi mijenjaju<\/em>. Ova knjiga obja\u0161njava biblijske obrasce promjene na jasan i prakti\u010dan na\u010din, koji mo\u017eete primijeniti na izazove svakodnevnoga \u017eivota. No promjena podrazumijeva vi\u0161e od biblijske formule: vidjet \u0107ete na koji na\u010din Bog djeluje kako bi vas u\u010dinio onakvom osobom kakvom vas je stvorio da budete.<\/p>\n<p>Format: Meki uvez<br \/>\nDimenzije: 125 x 200 x 19 mm<br \/>\nBroj stranica: 351<\/p>\n","protected":false},"featured_media":983,"template":"","meta":[],"product_brand":[],"product_cat":[35,60],"product_tag":[],"autor":[73],"class_list":{"0":"post-982","1":"product","2":"type-product","3":"status-publish","4":"has-post-thumbnail","6":"product_cat-krscanstvo","7":"product_cat-teologija","8":"autor-tim-lane","10":"first","11":"instock","12":"shipping-taxable","13":"purchasable","14":"product-type-simple"},"yoast_head":"<!-- This site is optimized with the Yoast SEO plugin v27.4 - https:\/\/yoast.com\/product\/yoast-seo-wordpress\/ -->\n<title>Kako se ljudi mijenjaju<\/title>\n<meta name=\"description\" content=\"Ova knjiga kre\u0107e od Boga i izbjegava onu fatalnu pogre\u0161ku koju \u010dine sve knjige za samopomo\u0107. Postat \u0107ete druga\u010diji kad jo\u0161 bolje shvatite: \u201eNe radi se o meni.\u201c\" \/>\n<meta name=\"robots\" content=\"index, follow, max-snippet:-1, max-image-preview:large, max-video-preview:-1\" \/>\n<link rel=\"canonical\" href=\"https:\/\/radosnavijest.hr\/shop\/product\/kako-se-ljudi-mijenjaju\/\" \/>\n<meta property=\"og:locale\" content=\"hr_HR\" \/>\n<meta property=\"og:type\" content=\"article\" \/>\n<meta property=\"og:title\" content=\"Kako se ljudi mijenjaju\" \/>\n<meta property=\"og:description\" content=\"Ova knjiga kre\u0107e od Boga i izbjegava onu fatalnu pogre\u0161ku koju \u010dine sve knjige za samopomo\u0107. Postat \u0107ete druga\u010diji kad jo\u0161 bolje shvatite: \u201eNe radi se o meni.\u201c\" \/>\n<meta property=\"og:url\" content=\"https:\/\/radosnavijest.hr\/shop\/product\/kako-se-ljudi-mijenjaju\/\" \/>\n<meta property=\"og:site_name\" content=\"Radosna vijest\" \/>\n<meta property=\"article:modified_time\" content=\"2025-03-14T13:55:04+00:00\" \/>\n<meta property=\"og:image\" content=\"https:\/\/radosnavijest.hr\/shop\/wp-content\/uploads\/2025\/03\/kako-se-ljudi-front.jpg\" \/>\n\t<meta property=\"og:image:width\" content=\"842\" \/>\n\t<meta property=\"og:image:height\" content=\"1200\" \/>\n\t<meta property=\"og:image:type\" content=\"image\/jpeg\" \/>\n<meta name=\"twitter:card\" content=\"summary_large_image\" \/>\n<meta name=\"twitter:label1\" content=\"Procijenjeno vrijeme \u010ditanja\" \/>\n\t<meta name=\"twitter:data1\" content=\"2 minute\" \/>\n<script type=\"application\/ld+json\" class=\"yoast-schema-graph\">{\"@context\":\"https:\\\/\\\/schema.org\",\"@graph\":[{\"@type\":\"WebPage\",\"@id\":\"https:\\\/\\\/radosnavijest.hr\\\/shop\\\/product\\\/kako-se-ljudi-mijenjaju\\\/\",\"url\":\"https:\\\/\\\/radosnavijest.hr\\\/shop\\\/product\\\/kako-se-ljudi-mijenjaju\\\/\",\"name\":\"Kako se ljudi mijenjaju\",\"isPartOf\":{\"@id\":\"https:\\\/\\\/radosnavijest.hr\\\/shop\\\/#website\"},\"primaryImageOfPage\":{\"@id\":\"https:\\\/\\\/radosnavijest.hr\\\/shop\\\/product\\\/kako-se-ljudi-mijenjaju\\\/#primaryimage\"},\"image\":{\"@id\":\"https:\\\/\\\/radosnavijest.hr\\\/shop\\\/product\\\/kako-se-ljudi-mijenjaju\\\/#primaryimage\"},\"thumbnailUrl\":\"https:\\\/\\\/radosnavijest.hr\\\/shop\\\/wp-content\\\/uploads\\\/2025\\\/03\\\/kako-se-ljudi-front.jpg\",\"datePublished\":\"2025-03-14T02:07:28+00:00\",\"dateModified\":\"2025-03-14T13:55:04+00:00\",\"description\":\"Ova knjiga kre\u0107e od Boga i izbjegava onu fatalnu pogre\u0161ku koju \u010dine sve knjige za samopomo\u0107. Postat \u0107ete druga\u010diji kad jo\u0161 bolje shvatite: \u201eNe radi se o meni.\u201c\",\"breadcrumb\":{\"@id\":\"https:\\\/\\\/radosnavijest.hr\\\/shop\\\/product\\\/kako-se-ljudi-mijenjaju\\\/#breadcrumb\"},\"inLanguage\":\"hr\",\"potentialAction\":[{\"@type\":\"ReadAction\",\"target\":[\"https:\\\/\\\/radosnavijest.hr\\\/shop\\\/product\\\/kako-se-ljudi-mijenjaju\\\/\"]}]},{\"@type\":\"ImageObject\",\"inLanguage\":\"hr\",\"@id\":\"https:\\\/\\\/radosnavijest.hr\\\/shop\\\/product\\\/kako-se-ljudi-mijenjaju\\\/#primaryimage\",\"url\":\"https:\\\/\\\/radosnavijest.hr\\\/shop\\\/wp-content\\\/uploads\\\/2025\\\/03\\\/kako-se-ljudi-front.jpg\",\"contentUrl\":\"https:\\\/\\\/radosnavijest.hr\\\/shop\\\/wp-content\\\/uploads\\\/2025\\\/03\\\/kako-se-ljudi-front.jpg\",\"width\":842,\"height\":1200},{\"@type\":\"BreadcrumbList\",\"@id\":\"https:\\\/\\\/radosnavijest.hr\\\/shop\\\/product\\\/kako-se-ljudi-mijenjaju\\\/#breadcrumb\",\"itemListElement\":[{\"@type\":\"ListItem\",\"position\":1,\"name\":\"Po\u010detna\",\"item\":\"https:\\\/\\\/radosnavijest.hr\\\/shop\\\/\"},{\"@type\":\"ListItem\",\"position\":2,\"name\":\"Knjige\",\"item\":\"https:\\\/\\\/radosnavijest.hr\\\/shop\\\/\"},{\"@type\":\"ListItem\",\"position\":3,\"name\":\"Kako se ljudi mijenjaju\"}]},{\"@type\":\"WebSite\",\"@id\":\"https:\\\/\\\/radosnavijest.hr\\\/shop\\\/#website\",\"url\":\"https:\\\/\\\/radosnavijest.hr\\\/shop\\\/\",\"name\":\"Radosna vijest\",\"description\":\"Knjige\",\"publisher\":{\"@id\":\"https:\\\/\\\/radosnavijest.hr\\\/shop\\\/#organization\"},\"potentialAction\":[{\"@type\":\"SearchAction\",\"target\":{\"@type\":\"EntryPoint\",\"urlTemplate\":\"https:\\\/\\\/radosnavijest.hr\\\/shop\\\/?s={search_term_string}\"},\"query-input\":{\"@type\":\"PropertyValueSpecification\",\"valueRequired\":true,\"valueName\":\"search_term_string\"}}],\"inLanguage\":\"hr\"},{\"@type\":\"Organization\",\"@id\":\"https:\\\/\\\/radosnavijest.hr\\\/shop\\\/#organization\",\"name\":\"Radosna vijest\",\"url\":\"https:\\\/\\\/radosnavijest.hr\\\/shop\\\/\",\"logo\":{\"@type\":\"ImageObject\",\"inLanguage\":\"hr\",\"@id\":\"https:\\\/\\\/radosnavijest.hr\\\/shop\\\/#\\\/schema\\\/logo\\\/image\\\/\",\"url\":\"https:\\\/\\\/radosnavijest.hr\\\/shop\\\/wp-content\\\/uploads\\\/2023\\\/08\\\/cropped-RV-logo-RGB_web.png\",\"contentUrl\":\"https:\\\/\\\/radosnavijest.hr\\\/shop\\\/wp-content\\\/uploads\\\/2023\\\/08\\\/cropped-RV-logo-RGB_web.png\",\"width\":600,\"height\":232,\"caption\":\"Radosna vijest\"},\"image\":{\"@id\":\"https:\\\/\\\/radosnavijest.hr\\\/shop\\\/#\\\/schema\\\/logo\\\/image\\\/\"}}]}<\/script>\n<!-- \/ Yoast SEO plugin. -->","yoast_head_json":{"title":"Kako se ljudi mijenjaju","description":"Ova knjiga kre\u0107e od Boga i izbjegava onu fatalnu pogre\u0161ku koju \u010dine sve knjige za samopomo\u0107. Postat \u0107ete druga\u010diji kad jo\u0161 bolje shvatite: \u201eNe radi se o meni.\u201c","robots":{"index":"index","follow":"follow","max-snippet":"max-snippet:-1","max-image-preview":"max-image-preview:large","max-video-preview":"max-video-preview:-1"},"canonical":"https:\/\/radosnavijest.hr\/shop\/product\/kako-se-ljudi-mijenjaju\/","og_locale":"hr_HR","og_type":"article","og_title":"Kako se ljudi mijenjaju","og_description":"Ova knjiga kre\u0107e od Boga i izbjegava onu fatalnu pogre\u0161ku koju \u010dine sve knjige za samopomo\u0107. Postat \u0107ete druga\u010diji kad jo\u0161 bolje shvatite: \u201eNe radi se o meni.\u201c","og_url":"https:\/\/radosnavijest.hr\/shop\/product\/kako-se-ljudi-mijenjaju\/","og_site_name":"Radosna vijest","article_modified_time":"2025-03-14T13:55:04+00:00","og_image":[{"width":842,"height":1200,"url":"https:\/\/radosnavijest.hr\/shop\/wp-content\/uploads\/2025\/03\/kako-se-ljudi-front.jpg","type":"image\/jpeg"}],"twitter_card":"summary_large_image","twitter_misc":{"Procijenjeno vrijeme \u010ditanja":"2 minute"},"schema":{"@context":"https:\/\/schema.org","@graph":[{"@type":"WebPage","@id":"https:\/\/radosnavijest.hr\/shop\/product\/kako-se-ljudi-mijenjaju\/","url":"https:\/\/radosnavijest.hr\/shop\/product\/kako-se-ljudi-mijenjaju\/","name":"Kako se ljudi mijenjaju","isPartOf":{"@id":"https:\/\/radosnavijest.hr\/shop\/#website"},"primaryImageOfPage":{"@id":"https:\/\/radosnavijest.hr\/shop\/product\/kako-se-ljudi-mijenjaju\/#primaryimage"},"image":{"@id":"https:\/\/radosnavijest.hr\/shop\/product\/kako-se-ljudi-mijenjaju\/#primaryimage"},"thumbnailUrl":"https:\/\/radosnavijest.hr\/shop\/wp-content\/uploads\/2025\/03\/kako-se-ljudi-front.jpg","datePublished":"2025-03-14T02:07:28+00:00","dateModified":"2025-03-14T13:55:04+00:00","description":"Ova knjiga kre\u0107e od Boga i izbjegava onu fatalnu pogre\u0161ku koju \u010dine sve knjige za samopomo\u0107. Postat \u0107ete druga\u010diji kad jo\u0161 bolje shvatite: \u201eNe radi se o meni.\u201c","breadcrumb":{"@id":"https:\/\/radosnavijest.hr\/shop\/product\/kako-se-ljudi-mijenjaju\/#breadcrumb"},"inLanguage":"hr","potentialAction":[{"@type":"ReadAction","target":["https:\/\/radosnavijest.hr\/shop\/product\/kako-se-ljudi-mijenjaju\/"]}]},{"@type":"ImageObject","inLanguage":"hr","@id":"https:\/\/radosnavijest.hr\/shop\/product\/kako-se-ljudi-mijenjaju\/#primaryimage","url":"https:\/\/radosnavijest.hr\/shop\/wp-content\/uploads\/2025\/03\/kako-se-ljudi-front.jpg","contentUrl":"https:\/\/radosnavijest.hr\/shop\/wp-content\/uploads\/2025\/03\/kako-se-ljudi-front.jpg","width":842,"height":1200},{"@type":"BreadcrumbList","@id":"https:\/\/radosnavijest.hr\/shop\/product\/kako-se-ljudi-mijenjaju\/#breadcrumb","itemListElement":[{"@type":"ListItem","position":1,"name":"Po\u010detna","item":"https:\/\/radosnavijest.hr\/shop\/"},{"@type":"ListItem","position":2,"name":"Knjige","item":"https:\/\/radosnavijest.hr\/shop\/"},{"@type":"ListItem","position":3,"name":"Kako se ljudi mijenjaju"}]},{"@type":"WebSite","@id":"https:\/\/radosnavijest.hr\/shop\/#website","url":"https:\/\/radosnavijest.hr\/shop\/","name":"Radosna vijest","description":"Knjige","publisher":{"@id":"https:\/\/radosnavijest.hr\/shop\/#organization"},"potentialAction":[{"@type":"SearchAction","target":{"@type":"EntryPoint","urlTemplate":"https:\/\/radosnavijest.hr\/shop\/?s={search_term_string}"},"query-input":{"@type":"PropertyValueSpecification","valueRequired":true,"valueName":"search_term_string"}}],"inLanguage":"hr"},{"@type":"Organization","@id":"https:\/\/radosnavijest.hr\/shop\/#organization","name":"Radosna vijest","url":"https:\/\/radosnavijest.hr\/shop\/","logo":{"@type":"ImageObject","inLanguage":"hr","@id":"https:\/\/radosnavijest.hr\/shop\/#\/schema\/logo\/image\/","url":"https:\/\/radosnavijest.hr\/shop\/wp-content\/uploads\/2023\/08\/cropped-RV-logo-RGB_web.png","contentUrl":"https:\/\/radosnavijest.hr\/shop\/wp-content\/uploads\/2023\/08\/cropped-RV-logo-RGB_web.png","width":600,"height":232,"caption":"Radosna vijest"},"image":{"@id":"https:\/\/radosnavijest.hr\/shop\/#\/schema\/logo\/image\/"}}]}},"_links":{"self":[{"href":"https:\/\/radosnavijest.hr\/shop\/wp-json\/wp\/v2\/product\/982","targetHints":{"allow":["GET"]}}],"collection":[{"href":"https:\/\/radosnavijest.hr\/shop\/wp-json\/wp\/v2\/product"}],"about":[{"href":"https:\/\/radosnavijest.hr\/shop\/wp-json\/wp\/v2\/types\/product"}],"wp:featuredmedia":[{"embeddable":true,"href":"https:\/\/radosnavijest.hr\/shop\/wp-json\/wp\/v2\/media\/983"}],"wp:attachment":[{"href":"https:\/\/radosnavijest.hr\/shop\/wp-json\/wp\/v2\/media?parent=982"}],"wp:term":[{"taxonomy":"product_brand","embeddable":true,"href":"https:\/\/radosnavijest.hr\/shop\/wp-json\/wp\/v2\/product_brand?post=982"},{"taxonomy":"product_cat","embeddable":true,"href":"https:\/\/radosnavijest.hr\/shop\/wp-json\/wp\/v2\/product_cat?post=982"},{"taxonomy":"product_tag","embeddable":true,"href":"https:\/\/radosnavijest.hr\/shop\/wp-json\/wp\/v2\/product_tag?post=982"},{"taxonomy":"autor","embeddable":true,"href":"https:\/\/radosnavijest.hr\/shop\/wp-json\/wp\/v2\/autor?post=982"}],"curies":[{"name":"wp","href":"https:\/\/api.w.org\/{rel}","templated":true}]}}