{"id":991,"date":"2025-04-03T23:10:01","date_gmt":"2025-04-03T21:10:01","guid":{"rendered":"https:\/\/radosnavijest.hr\/shop\/?post_type=product&#038;p=991"},"modified":"2025-04-09T18:39:56","modified_gmt":"2025-04-09T16:39:56","slug":"vrt-zastor-i-kriz-knjiga-aktivnosti-i-bojanka","status":"publish","type":"product","link":"https:\/\/radosnavijest.hr\/shop\/product\/vrt-zastor-i-kriz-knjiga-aktivnosti-i-bojanka\/","title":{"rendered":"Vrt, zastor i kri\u017e, knjiga aktivnosti i bojanka"},"content":{"rendered":"<p><img fetchpriority=\"high\" decoding=\"async\" class=\"alignleft size-medium wp-image-999\" src=\"https:\/\/radosnavijest.hr\/shop\/wp-content\/uploads\/2025\/04\/catalina-300x300.jpg\" alt=\"\" width=\"300\" height=\"300\" srcset=\"https:\/\/radosnavijest.hr\/shop\/wp-content\/uploads\/2025\/04\/catalina-300x300.jpg 300w, https:\/\/radosnavijest.hr\/shop\/wp-content\/uploads\/2025\/04\/catalina-150x150.jpg 150w, https:\/\/radosnavijest.hr\/shop\/wp-content\/uploads\/2025\/04\/catalina-100x100.jpg 100w, https:\/\/radosnavijest.hr\/shop\/wp-content\/uploads\/2025\/04\/catalina.jpg 600w\" sizes=\"(max-width: 300px) 100vw, 300px\" \/>Catalina Echeverri je ilustratorica specijalizirana za dje\u010dje knjige. Ro\u0111ena je u Kolumbiji, u Italiji je studirala grafi\u010dki dizajn , a potom je na Cambridgeu u Velikoj Britaniji zavr\u0161ila magisterij ilustracije dje\u010djih knjiga. Od tada radi u dje\u010djem izdava\u0161tvu.<br \/>\nNakon \u0161to je ilustrirala vi\u0161e od 20 knjiga koje su objavljene u raznim zemljama, Catalina i dalje nikada nije bez svog bloka za crtanje. Svoju inspiraciju voli crpiti iz svakodnevnog \u017eivota, a osobito voli raditi na projektima koji pozitivno utje\u010du na \u017eivote ljudi. Catalina danas \u017eivi u Londonu sa suprugom i njihove tri k\u0107eri.<\/p>\n","protected":false},"excerpt":{"rendered":"<p>Ova knjiga aktivnosti i bojanka sadr\u017ei 32 stranice sa zagonetkama, labirintima i tra\u017eilicama, a prilago\u0111ena je djeci od 4 do 8 godina. Pomo\u0107i \u0107e djeci u interakciji s pri\u010dom ispri\u010danom u slikovnici Vrt, zastor i kri\u017e koja vodi djecu na putovanje od Edenskog vrta do Bo\u017ejeg savr\u0161enog novog stvorenja.<\/p>\n<p>Format: Meki uvez Dimenzije: 210 x 297 x 3 mm Broj stranica: 32<\/p>\n<p><strong>Popust na koli\u010dinu:<\/strong><br \/>\n11-20 kom = 2,5 EUR<br \/>\npreko 20 kom = 2 EUR<\/p>\n","protected":false},"featured_media":992,"template":"","meta":[],"product_brand":[],"product_cat":[62,72],"product_tag":[],"autor":[74],"class_list":{"0":"post-991","1":"product","2":"type-product","3":"status-publish","4":"has-post-thumbnail","6":"product_cat-knjige-za-djecu","7":"product_cat-uskrs","8":"autor-carl-laferton","10":"first","11":"instock","12":"shipping-taxable","13":"purchasable","14":"product-type-simple"},"yoast_head":"<!-- This site is optimized with the Yoast SEO plugin v27.3 - https:\/\/yoast.com\/product\/yoast-seo-wordpress\/ -->\n<title>Vrt, zastor i kri\u017e, knjiga aktivnosti i bojanka<\/title>\n<meta name=\"description\" content=\"Ova knjiga aktivnosti i bojanka sadr\u017ei 32 stranice sa zagonetkama, labirintima i tra\u017eilicama. Pomo\u0107i \u0107e djeci u interakciji s pri\u010dom ispri\u010danom u slikovnici Vrt, zastor i kri\u017e.\" \/>\n<meta name=\"robots\" content=\"index, follow, max-snippet:-1, max-image-preview:large, max-video-preview:-1\" \/>\n<link rel=\"canonical\" href=\"https:\/\/radosnavijest.hr\/shop\/product\/vrt-zastor-i-kriz-knjiga-aktivnosti-i-bojanka\/\" \/>\n<meta property=\"og:locale\" content=\"hr_HR\" \/>\n<meta property=\"og:type\" content=\"article\" \/>\n<meta property=\"og:title\" content=\"Vrt, zastor i kri\u017e, knjiga aktivnosti i bojanka\" \/>\n<meta property=\"og:description\" content=\"Ova knjiga aktivnosti i bojanka sadr\u017ei 32 stranice sa zagonetkama, labirintima i tra\u017eilicama. Pomo\u0107i \u0107e djeci u interakciji s pri\u010dom ispri\u010danom u slikovnici Vrt, zastor i kri\u017e.\" \/>\n<meta property=\"og:url\" content=\"https:\/\/radosnavijest.hr\/shop\/product\/vrt-zastor-i-kriz-knjiga-aktivnosti-i-bojanka\/\" \/>\n<meta property=\"og:site_name\" content=\"Radosna vijest\" \/>\n<meta property=\"article:modified_time\" content=\"2025-04-09T16:39:56+00:00\" \/>\n<meta property=\"og:image\" content=\"https:\/\/radosnavijest.hr\/shop\/wp-content\/uploads\/2025\/04\/vrt-bojanka-front.jpg\" \/>\n\t<meta property=\"og:image:width\" content=\"842\" \/>\n\t<meta property=\"og:image:height\" content=\"1200\" \/>\n\t<meta property=\"og:image:type\" content=\"image\/jpeg\" \/>\n<meta name=\"twitter:card\" content=\"summary_large_image\" \/>\n<meta name=\"twitter:label1\" content=\"Procijenjeno vrijeme \u010ditanja\" \/>\n\t<meta name=\"twitter:data1\" content=\"1 minuta\" \/>\n<script type=\"application\/ld+json\" class=\"yoast-schema-graph\">{\"@context\":\"https:\\\/\\\/schema.org\",\"@graph\":[{\"@type\":\"WebPage\",\"@id\":\"https:\\\/\\\/radosnavijest.hr\\\/shop\\\/product\\\/vrt-zastor-i-kriz-knjiga-aktivnosti-i-bojanka\\\/\",\"url\":\"https:\\\/\\\/radosnavijest.hr\\\/shop\\\/product\\\/vrt-zastor-i-kriz-knjiga-aktivnosti-i-bojanka\\\/\",\"name\":\"Vrt, zastor i kri\u017e, knjiga aktivnosti i bojanka\",\"isPartOf\":{\"@id\":\"https:\\\/\\\/radosnavijest.hr\\\/shop\\\/#website\"},\"primaryImageOfPage\":{\"@id\":\"https:\\\/\\\/radosnavijest.hr\\\/shop\\\/product\\\/vrt-zastor-i-kriz-knjiga-aktivnosti-i-bojanka\\\/#primaryimage\"},\"image\":{\"@id\":\"https:\\\/\\\/radosnavijest.hr\\\/shop\\\/product\\\/vrt-zastor-i-kriz-knjiga-aktivnosti-i-bojanka\\\/#primaryimage\"},\"thumbnailUrl\":\"https:\\\/\\\/radosnavijest.hr\\\/shop\\\/wp-content\\\/uploads\\\/2025\\\/04\\\/vrt-bojanka-front.jpg\",\"datePublished\":\"2025-04-03T21:10:01+00:00\",\"dateModified\":\"2025-04-09T16:39:56+00:00\",\"description\":\"Ova knjiga aktivnosti i bojanka sadr\u017ei 32 stranice sa zagonetkama, labirintima i tra\u017eilicama. Pomo\u0107i \u0107e djeci u interakciji s pri\u010dom ispri\u010danom u slikovnici Vrt, zastor i kri\u017e.\",\"breadcrumb\":{\"@id\":\"https:\\\/\\\/radosnavijest.hr\\\/shop\\\/product\\\/vrt-zastor-i-kriz-knjiga-aktivnosti-i-bojanka\\\/#breadcrumb\"},\"inLanguage\":\"hr\",\"potentialAction\":[{\"@type\":\"ReadAction\",\"target\":[\"https:\\\/\\\/radosnavijest.hr\\\/shop\\\/product\\\/vrt-zastor-i-kriz-knjiga-aktivnosti-i-bojanka\\\/\"]}]},{\"@type\":\"ImageObject\",\"inLanguage\":\"hr\",\"@id\":\"https:\\\/\\\/radosnavijest.hr\\\/shop\\\/product\\\/vrt-zastor-i-kriz-knjiga-aktivnosti-i-bojanka\\\/#primaryimage\",\"url\":\"https:\\\/\\\/radosnavijest.hr\\\/shop\\\/wp-content\\\/uploads\\\/2025\\\/04\\\/vrt-bojanka-front.jpg\",\"contentUrl\":\"https:\\\/\\\/radosnavijest.hr\\\/shop\\\/wp-content\\\/uploads\\\/2025\\\/04\\\/vrt-bojanka-front.jpg\",\"width\":842,\"height\":1200},{\"@type\":\"BreadcrumbList\",\"@id\":\"https:\\\/\\\/radosnavijest.hr\\\/shop\\\/product\\\/vrt-zastor-i-kriz-knjiga-aktivnosti-i-bojanka\\\/#breadcrumb\",\"itemListElement\":[{\"@type\":\"ListItem\",\"position\":1,\"name\":\"Po\u010detna\",\"item\":\"https:\\\/\\\/radosnavijest.hr\\\/shop\\\/\"},{\"@type\":\"ListItem\",\"position\":2,\"name\":\"Knjige\",\"item\":\"https:\\\/\\\/radosnavijest.hr\\\/shop\\\/\"},{\"@type\":\"ListItem\",\"position\":3,\"name\":\"Vrt, zastor i kri\u017e, knjiga aktivnosti i bojanka\"}]},{\"@type\":\"WebSite\",\"@id\":\"https:\\\/\\\/radosnavijest.hr\\\/shop\\\/#website\",\"url\":\"https:\\\/\\\/radosnavijest.hr\\\/shop\\\/\",\"name\":\"Radosna vijest\",\"description\":\"Knjige\",\"publisher\":{\"@id\":\"https:\\\/\\\/radosnavijest.hr\\\/shop\\\/#organization\"},\"potentialAction\":[{\"@type\":\"SearchAction\",\"target\":{\"@type\":\"EntryPoint\",\"urlTemplate\":\"https:\\\/\\\/radosnavijest.hr\\\/shop\\\/?s={search_term_string}\"},\"query-input\":{\"@type\":\"PropertyValueSpecification\",\"valueRequired\":true,\"valueName\":\"search_term_string\"}}],\"inLanguage\":\"hr\"},{\"@type\":\"Organization\",\"@id\":\"https:\\\/\\\/radosnavijest.hr\\\/shop\\\/#organization\",\"name\":\"Radosna vijest\",\"url\":\"https:\\\/\\\/radosnavijest.hr\\\/shop\\\/\",\"logo\":{\"@type\":\"ImageObject\",\"inLanguage\":\"hr\",\"@id\":\"https:\\\/\\\/radosnavijest.hr\\\/shop\\\/#\\\/schema\\\/logo\\\/image\\\/\",\"url\":\"https:\\\/\\\/radosnavijest.hr\\\/shop\\\/wp-content\\\/uploads\\\/2023\\\/08\\\/cropped-RV-logo-RGB_web.png\",\"contentUrl\":\"https:\\\/\\\/radosnavijest.hr\\\/shop\\\/wp-content\\\/uploads\\\/2023\\\/08\\\/cropped-RV-logo-RGB_web.png\",\"width\":600,\"height\":232,\"caption\":\"Radosna vijest\"},\"image\":{\"@id\":\"https:\\\/\\\/radosnavijest.hr\\\/shop\\\/#\\\/schema\\\/logo\\\/image\\\/\"}}]}<\/script>\n<!-- \/ Yoast SEO plugin. -->","yoast_head_json":{"title":"Vrt, zastor i kri\u017e, knjiga aktivnosti i bojanka","description":"Ova knjiga aktivnosti i bojanka sadr\u017ei 32 stranice sa zagonetkama, labirintima i tra\u017eilicama. Pomo\u0107i \u0107e djeci u interakciji s pri\u010dom ispri\u010danom u slikovnici Vrt, zastor i kri\u017e.","robots":{"index":"index","follow":"follow","max-snippet":"max-snippet:-1","max-image-preview":"max-image-preview:large","max-video-preview":"max-video-preview:-1"},"canonical":"https:\/\/radosnavijest.hr\/shop\/product\/vrt-zastor-i-kriz-knjiga-aktivnosti-i-bojanka\/","og_locale":"hr_HR","og_type":"article","og_title":"Vrt, zastor i kri\u017e, knjiga aktivnosti i bojanka","og_description":"Ova knjiga aktivnosti i bojanka sadr\u017ei 32 stranice sa zagonetkama, labirintima i tra\u017eilicama. Pomo\u0107i \u0107e djeci u interakciji s pri\u010dom ispri\u010danom u slikovnici Vrt, zastor i kri\u017e.","og_url":"https:\/\/radosnavijest.hr\/shop\/product\/vrt-zastor-i-kriz-knjiga-aktivnosti-i-bojanka\/","og_site_name":"Radosna vijest","article_modified_time":"2025-04-09T16:39:56+00:00","og_image":[{"width":842,"height":1200,"url":"https:\/\/radosnavijest.hr\/shop\/wp-content\/uploads\/2025\/04\/vrt-bojanka-front.jpg","type":"image\/jpeg"}],"twitter_card":"summary_large_image","twitter_misc":{"Procijenjeno vrijeme \u010ditanja":"1 minuta"},"schema":{"@context":"https:\/\/schema.org","@graph":[{"@type":"WebPage","@id":"https:\/\/radosnavijest.hr\/shop\/product\/vrt-zastor-i-kriz-knjiga-aktivnosti-i-bojanka\/","url":"https:\/\/radosnavijest.hr\/shop\/product\/vrt-zastor-i-kriz-knjiga-aktivnosti-i-bojanka\/","name":"Vrt, zastor i kri\u017e, knjiga aktivnosti i bojanka","isPartOf":{"@id":"https:\/\/radosnavijest.hr\/shop\/#website"},"primaryImageOfPage":{"@id":"https:\/\/radosnavijest.hr\/shop\/product\/vrt-zastor-i-kriz-knjiga-aktivnosti-i-bojanka\/#primaryimage"},"image":{"@id":"https:\/\/radosnavijest.hr\/shop\/product\/vrt-zastor-i-kriz-knjiga-aktivnosti-i-bojanka\/#primaryimage"},"thumbnailUrl":"https:\/\/radosnavijest.hr\/shop\/wp-content\/uploads\/2025\/04\/vrt-bojanka-front.jpg","datePublished":"2025-04-03T21:10:01+00:00","dateModified":"2025-04-09T16:39:56+00:00","description":"Ova knjiga aktivnosti i bojanka sadr\u017ei 32 stranice sa zagonetkama, labirintima i tra\u017eilicama. Pomo\u0107i \u0107e djeci u interakciji s pri\u010dom ispri\u010danom u slikovnici Vrt, zastor i kri\u017e.","breadcrumb":{"@id":"https:\/\/radosnavijest.hr\/shop\/product\/vrt-zastor-i-kriz-knjiga-aktivnosti-i-bojanka\/#breadcrumb"},"inLanguage":"hr","potentialAction":[{"@type":"ReadAction","target":["https:\/\/radosnavijest.hr\/shop\/product\/vrt-zastor-i-kriz-knjiga-aktivnosti-i-bojanka\/"]}]},{"@type":"ImageObject","inLanguage":"hr","@id":"https:\/\/radosnavijest.hr\/shop\/product\/vrt-zastor-i-kriz-knjiga-aktivnosti-i-bojanka\/#primaryimage","url":"https:\/\/radosnavijest.hr\/shop\/wp-content\/uploads\/2025\/04\/vrt-bojanka-front.jpg","contentUrl":"https:\/\/radosnavijest.hr\/shop\/wp-content\/uploads\/2025\/04\/vrt-bojanka-front.jpg","width":842,"height":1200},{"@type":"BreadcrumbList","@id":"https:\/\/radosnavijest.hr\/shop\/product\/vrt-zastor-i-kriz-knjiga-aktivnosti-i-bojanka\/#breadcrumb","itemListElement":[{"@type":"ListItem","position":1,"name":"Po\u010detna","item":"https:\/\/radosnavijest.hr\/shop\/"},{"@type":"ListItem","position":2,"name":"Knjige","item":"https:\/\/radosnavijest.hr\/shop\/"},{"@type":"ListItem","position":3,"name":"Vrt, zastor i kri\u017e, knjiga aktivnosti i bojanka"}]},{"@type":"WebSite","@id":"https:\/\/radosnavijest.hr\/shop\/#website","url":"https:\/\/radosnavijest.hr\/shop\/","name":"Radosna vijest","description":"Knjige","publisher":{"@id":"https:\/\/radosnavijest.hr\/shop\/#organization"},"potentialAction":[{"@type":"SearchAction","target":{"@type":"EntryPoint","urlTemplate":"https:\/\/radosnavijest.hr\/shop\/?s={search_term_string}"},"query-input":{"@type":"PropertyValueSpecification","valueRequired":true,"valueName":"search_term_string"}}],"inLanguage":"hr"},{"@type":"Organization","@id":"https:\/\/radosnavijest.hr\/shop\/#organization","name":"Radosna vijest","url":"https:\/\/radosnavijest.hr\/shop\/","logo":{"@type":"ImageObject","inLanguage":"hr","@id":"https:\/\/radosnavijest.hr\/shop\/#\/schema\/logo\/image\/","url":"https:\/\/radosnavijest.hr\/shop\/wp-content\/uploads\/2023\/08\/cropped-RV-logo-RGB_web.png","contentUrl":"https:\/\/radosnavijest.hr\/shop\/wp-content\/uploads\/2023\/08\/cropped-RV-logo-RGB_web.png","width":600,"height":232,"caption":"Radosna vijest"},"image":{"@id":"https:\/\/radosnavijest.hr\/shop\/#\/schema\/logo\/image\/"}}]}},"_links":{"self":[{"href":"https:\/\/radosnavijest.hr\/shop\/wp-json\/wp\/v2\/product\/991","targetHints":{"allow":["GET"]}}],"collection":[{"href":"https:\/\/radosnavijest.hr\/shop\/wp-json\/wp\/v2\/product"}],"about":[{"href":"https:\/\/radosnavijest.hr\/shop\/wp-json\/wp\/v2\/types\/product"}],"wp:featuredmedia":[{"embeddable":true,"href":"https:\/\/radosnavijest.hr\/shop\/wp-json\/wp\/v2\/media\/992"}],"wp:attachment":[{"href":"https:\/\/radosnavijest.hr\/shop\/wp-json\/wp\/v2\/media?parent=991"}],"wp:term":[{"taxonomy":"product_brand","embeddable":true,"href":"https:\/\/radosnavijest.hr\/shop\/wp-json\/wp\/v2\/product_brand?post=991"},{"taxonomy":"product_cat","embeddable":true,"href":"https:\/\/radosnavijest.hr\/shop\/wp-json\/wp\/v2\/product_cat?post=991"},{"taxonomy":"product_tag","embeddable":true,"href":"https:\/\/radosnavijest.hr\/shop\/wp-json\/wp\/v2\/product_tag?post=991"},{"taxonomy":"autor","embeddable":true,"href":"https:\/\/radosnavijest.hr\/shop\/wp-json\/wp\/v2\/autor?post=991"}],"curies":[{"name":"wp","href":"https:\/\/api.w.org\/{rel}","templated":true}]}}