{"id":994,"date":"2025-04-03T23:13:33","date_gmt":"2025-04-03T21:13:33","guid":{"rendered":"https:\/\/radosnavijest.hr\/shop\/?post_type=product&#038;p=994"},"modified":"2025-10-06T18:34:08","modified_gmt":"2025-10-06T16:34:08","slug":"vrt-zastor-i-kriz-komplet-slikovnica-i-bojanka","status":"publish","type":"product","link":"https:\/\/radosnavijest.hr\/shop\/product\/vrt-zastor-i-kriz-komplet-slikovnica-i-bojanka\/","title":{"rendered":"Vrt, zastor i kri\u017e, (komplet slikovnica i bojanka)"},"content":{"rendered":"<p>Vjerne, teolo\u0161ki bogate knjige za djecu rijetka su poslastica u kr\u0161\u0107anskom izdava\u0161tvu. Laferton nam je pru\u017eio jednu od najboljih malih obrada biblijske teologije koju roditelji mogu \u010ditati svojoj djeci. <i>Vrt, zastor i kri\u017e<\/i> ne samo \u0161to podu\u010dava djecu pri\u010dama iz Biblije, ve\u0107 i pri\u010di o Bibliji \u2013 onoj koja kulminira u pomirbenom djelu Isusa Krista koji slomljenim gre\u0161nicima daje pristup Bogu. Ova je knjiga golem izvor za roditelje i djecu koji \u017eele bolje razumjeti veliku pri\u010du Svetoga pisma.\u201c \u2013 R. Albert Mohler Jr.<\/p>\n","protected":false},"excerpt":{"rendered":"<p>Ova prekrasna biblijska pri\u010da za djecu od 4 do 8 godina ih vodi na putovanje od Edenskog vrta do savr\u0161enog novog Bo\u017ejeg stvorenja. Prikazuje ljepotu evan\u0111elja tako \u0161to se usredoto\u010duje na zna\u010daj hramskog zastora. Bog je rekao: \u201eZbog grijeha, \u0161to vas mu\u010di, unutra<br \/>\nne mo\u017eete u\u0107i\u201c, ali u trenutku kad se zastor rascijepio na dva dijela, sve se promijenilo. Djeca \u0107e nau\u010diti za\u0161to je Isus umro i uskrsnuo i za\u0161to je to najbolja vijest ikada.<\/p>\n<p>Format slikovnice: Tvrdi uvez, Dimenzije: 210 x 245 x 8 mm, Broj stranica: 32<\/p>\n<p>Format bojanke: Meki uvez, Dimenzije: 210 x 297 x 3 mm, Broj stranica: 32<\/p>\n<p><strong>Popust na koli\u010dinu:<\/strong><br \/>\n11-20 kom = 10 EUR<br \/>\npreko 20 kom = 9 EUR<\/p>\n","protected":false},"featured_media":996,"template":"","meta":[],"product_brand":[],"product_cat":[62,72],"product_tag":[],"autor":[74],"class_list":{"0":"post-994","1":"product","2":"type-product","3":"status-publish","4":"has-post-thumbnail","6":"product_cat-knjige-za-djecu","7":"product_cat-uskrs","8":"autor-carl-laferton","10":"first","11":"instock","12":"sale","13":"shipping-taxable","14":"purchasable","15":"product-type-simple"},"yoast_head":"<!-- This site is optimized with the Yoast SEO plugin v27.3 - https:\/\/yoast.com\/product\/yoast-seo-wordpress\/ -->\n<title>Vrt, zastor i kri\u017e, (komplet slikovnica i bojanka) - Radosna vijest<\/title>\n<meta name=\"description\" content=\"Ova prekrasna biblijska pri\u010da za djecu od 4 do 8 godina ih vodi na putovanje od Edenskog vrta do savr\u0161enog novog Bo\u017ejeg stvorenja.\" \/>\n<meta name=\"robots\" content=\"index, follow, max-snippet:-1, max-image-preview:large, max-video-preview:-1\" \/>\n<link rel=\"canonical\" href=\"https:\/\/radosnavijest.hr\/shop\/product\/vrt-zastor-i-kriz-komplet-slikovnica-i-bojanka\/\" \/>\n<meta property=\"og:locale\" content=\"hr_HR\" \/>\n<meta property=\"og:type\" content=\"article\" \/>\n<meta property=\"og:title\" content=\"Vrt, zastor i kri\u017e, (komplet slikovnica i bojanka) - Radosna vijest\" \/>\n<meta property=\"og:description\" content=\"Ova prekrasna biblijska pri\u010da za djecu od 4 do 8 godina ih vodi na putovanje od Edenskog vrta do savr\u0161enog novog Bo\u017ejeg stvorenja.\" \/>\n<meta property=\"og:url\" content=\"https:\/\/radosnavijest.hr\/shop\/product\/vrt-zastor-i-kriz-komplet-slikovnica-i-bojanka\/\" \/>\n<meta property=\"og:site_name\" content=\"Radosna vijest\" \/>\n<meta property=\"article:modified_time\" content=\"2025-10-06T16:34:08+00:00\" \/>\n<meta property=\"og:image\" content=\"https:\/\/radosnavijest.hr\/shop\/wp-content\/uploads\/2025\/04\/vrt-komplet-1.jpg\" \/>\n\t<meta property=\"og:image:width\" content=\"842\" \/>\n\t<meta property=\"og:image:height\" content=\"1200\" \/>\n\t<meta property=\"og:image:type\" content=\"image\/jpeg\" \/>\n<meta name=\"twitter:card\" content=\"summary_large_image\" \/>\n<meta name=\"twitter:label1\" content=\"Procijenjeno vrijeme \u010ditanja\" \/>\n\t<meta name=\"twitter:data1\" content=\"1 minuta\" \/>\n<script type=\"application\/ld+json\" class=\"yoast-schema-graph\">{\"@context\":\"https:\\\/\\\/schema.org\",\"@graph\":[{\"@type\":\"WebPage\",\"@id\":\"https:\\\/\\\/radosnavijest.hr\\\/shop\\\/product\\\/vrt-zastor-i-kriz-komplet-slikovnica-i-bojanka\\\/\",\"url\":\"https:\\\/\\\/radosnavijest.hr\\\/shop\\\/product\\\/vrt-zastor-i-kriz-komplet-slikovnica-i-bojanka\\\/\",\"name\":\"Vrt, zastor i kri\u017e, (komplet slikovnica i bojanka) - Radosna vijest\",\"isPartOf\":{\"@id\":\"https:\\\/\\\/radosnavijest.hr\\\/shop\\\/#website\"},\"primaryImageOfPage\":{\"@id\":\"https:\\\/\\\/radosnavijest.hr\\\/shop\\\/product\\\/vrt-zastor-i-kriz-komplet-slikovnica-i-bojanka\\\/#primaryimage\"},\"image\":{\"@id\":\"https:\\\/\\\/radosnavijest.hr\\\/shop\\\/product\\\/vrt-zastor-i-kriz-komplet-slikovnica-i-bojanka\\\/#primaryimage\"},\"thumbnailUrl\":\"https:\\\/\\\/radosnavijest.hr\\\/shop\\\/wp-content\\\/uploads\\\/2025\\\/04\\\/vrt-komplet-1.jpg\",\"datePublished\":\"2025-04-03T21:13:33+00:00\",\"dateModified\":\"2025-10-06T16:34:08+00:00\",\"description\":\"Ova prekrasna biblijska pri\u010da za djecu od 4 do 8 godina ih vodi na putovanje od Edenskog vrta do savr\u0161enog novog Bo\u017ejeg stvorenja.\",\"breadcrumb\":{\"@id\":\"https:\\\/\\\/radosnavijest.hr\\\/shop\\\/product\\\/vrt-zastor-i-kriz-komplet-slikovnica-i-bojanka\\\/#breadcrumb\"},\"inLanguage\":\"hr\",\"potentialAction\":[{\"@type\":\"ReadAction\",\"target\":[\"https:\\\/\\\/radosnavijest.hr\\\/shop\\\/product\\\/vrt-zastor-i-kriz-komplet-slikovnica-i-bojanka\\\/\"]}]},{\"@type\":\"ImageObject\",\"inLanguage\":\"hr\",\"@id\":\"https:\\\/\\\/radosnavijest.hr\\\/shop\\\/product\\\/vrt-zastor-i-kriz-komplet-slikovnica-i-bojanka\\\/#primaryimage\",\"url\":\"https:\\\/\\\/radosnavijest.hr\\\/shop\\\/wp-content\\\/uploads\\\/2025\\\/04\\\/vrt-komplet-1.jpg\",\"contentUrl\":\"https:\\\/\\\/radosnavijest.hr\\\/shop\\\/wp-content\\\/uploads\\\/2025\\\/04\\\/vrt-komplet-1.jpg\",\"width\":842,\"height\":1200},{\"@type\":\"BreadcrumbList\",\"@id\":\"https:\\\/\\\/radosnavijest.hr\\\/shop\\\/product\\\/vrt-zastor-i-kriz-komplet-slikovnica-i-bojanka\\\/#breadcrumb\",\"itemListElement\":[{\"@type\":\"ListItem\",\"position\":1,\"name\":\"Po\u010detna\",\"item\":\"https:\\\/\\\/radosnavijest.hr\\\/shop\\\/\"},{\"@type\":\"ListItem\",\"position\":2,\"name\":\"Knjige\",\"item\":\"https:\\\/\\\/radosnavijest.hr\\\/shop\\\/\"},{\"@type\":\"ListItem\",\"position\":3,\"name\":\"Vrt, zastor i kri\u017e, (komplet slikovnica i bojanka)\"}]},{\"@type\":\"WebSite\",\"@id\":\"https:\\\/\\\/radosnavijest.hr\\\/shop\\\/#website\",\"url\":\"https:\\\/\\\/radosnavijest.hr\\\/shop\\\/\",\"name\":\"Radosna vijest\",\"description\":\"Knjige\",\"publisher\":{\"@id\":\"https:\\\/\\\/radosnavijest.hr\\\/shop\\\/#organization\"},\"potentialAction\":[{\"@type\":\"SearchAction\",\"target\":{\"@type\":\"EntryPoint\",\"urlTemplate\":\"https:\\\/\\\/radosnavijest.hr\\\/shop\\\/?s={search_term_string}\"},\"query-input\":{\"@type\":\"PropertyValueSpecification\",\"valueRequired\":true,\"valueName\":\"search_term_string\"}}],\"inLanguage\":\"hr\"},{\"@type\":\"Organization\",\"@id\":\"https:\\\/\\\/radosnavijest.hr\\\/shop\\\/#organization\",\"name\":\"Radosna vijest\",\"url\":\"https:\\\/\\\/radosnavijest.hr\\\/shop\\\/\",\"logo\":{\"@type\":\"ImageObject\",\"inLanguage\":\"hr\",\"@id\":\"https:\\\/\\\/radosnavijest.hr\\\/shop\\\/#\\\/schema\\\/logo\\\/image\\\/\",\"url\":\"https:\\\/\\\/radosnavijest.hr\\\/shop\\\/wp-content\\\/uploads\\\/2023\\\/08\\\/cropped-RV-logo-RGB_web.png\",\"contentUrl\":\"https:\\\/\\\/radosnavijest.hr\\\/shop\\\/wp-content\\\/uploads\\\/2023\\\/08\\\/cropped-RV-logo-RGB_web.png\",\"width\":600,\"height\":232,\"caption\":\"Radosna vijest\"},\"image\":{\"@id\":\"https:\\\/\\\/radosnavijest.hr\\\/shop\\\/#\\\/schema\\\/logo\\\/image\\\/\"}}]}<\/script>\n<!-- \/ Yoast SEO plugin. -->","yoast_head_json":{"title":"Vrt, zastor i kri\u017e, (komplet slikovnica i bojanka) - Radosna vijest","description":"Ova prekrasna biblijska pri\u010da za djecu od 4 do 8 godina ih vodi na putovanje od Edenskog vrta do savr\u0161enog novog Bo\u017ejeg stvorenja.","robots":{"index":"index","follow":"follow","max-snippet":"max-snippet:-1","max-image-preview":"max-image-preview:large","max-video-preview":"max-video-preview:-1"},"canonical":"https:\/\/radosnavijest.hr\/shop\/product\/vrt-zastor-i-kriz-komplet-slikovnica-i-bojanka\/","og_locale":"hr_HR","og_type":"article","og_title":"Vrt, zastor i kri\u017e, (komplet slikovnica i bojanka) - Radosna vijest","og_description":"Ova prekrasna biblijska pri\u010da za djecu od 4 do 8 godina ih vodi na putovanje od Edenskog vrta do savr\u0161enog novog Bo\u017ejeg stvorenja.","og_url":"https:\/\/radosnavijest.hr\/shop\/product\/vrt-zastor-i-kriz-komplet-slikovnica-i-bojanka\/","og_site_name":"Radosna vijest","article_modified_time":"2025-10-06T16:34:08+00:00","og_image":[{"width":842,"height":1200,"url":"https:\/\/radosnavijest.hr\/shop\/wp-content\/uploads\/2025\/04\/vrt-komplet-1.jpg","type":"image\/jpeg"}],"twitter_card":"summary_large_image","twitter_misc":{"Procijenjeno vrijeme \u010ditanja":"1 minuta"},"schema":{"@context":"https:\/\/schema.org","@graph":[{"@type":"WebPage","@id":"https:\/\/radosnavijest.hr\/shop\/product\/vrt-zastor-i-kriz-komplet-slikovnica-i-bojanka\/","url":"https:\/\/radosnavijest.hr\/shop\/product\/vrt-zastor-i-kriz-komplet-slikovnica-i-bojanka\/","name":"Vrt, zastor i kri\u017e, (komplet slikovnica i bojanka) - Radosna vijest","isPartOf":{"@id":"https:\/\/radosnavijest.hr\/shop\/#website"},"primaryImageOfPage":{"@id":"https:\/\/radosnavijest.hr\/shop\/product\/vrt-zastor-i-kriz-komplet-slikovnica-i-bojanka\/#primaryimage"},"image":{"@id":"https:\/\/radosnavijest.hr\/shop\/product\/vrt-zastor-i-kriz-komplet-slikovnica-i-bojanka\/#primaryimage"},"thumbnailUrl":"https:\/\/radosnavijest.hr\/shop\/wp-content\/uploads\/2025\/04\/vrt-komplet-1.jpg","datePublished":"2025-04-03T21:13:33+00:00","dateModified":"2025-10-06T16:34:08+00:00","description":"Ova prekrasna biblijska pri\u010da za djecu od 4 do 8 godina ih vodi na putovanje od Edenskog vrta do savr\u0161enog novog Bo\u017ejeg stvorenja.","breadcrumb":{"@id":"https:\/\/radosnavijest.hr\/shop\/product\/vrt-zastor-i-kriz-komplet-slikovnica-i-bojanka\/#breadcrumb"},"inLanguage":"hr","potentialAction":[{"@type":"ReadAction","target":["https:\/\/radosnavijest.hr\/shop\/product\/vrt-zastor-i-kriz-komplet-slikovnica-i-bojanka\/"]}]},{"@type":"ImageObject","inLanguage":"hr","@id":"https:\/\/radosnavijest.hr\/shop\/product\/vrt-zastor-i-kriz-komplet-slikovnica-i-bojanka\/#primaryimage","url":"https:\/\/radosnavijest.hr\/shop\/wp-content\/uploads\/2025\/04\/vrt-komplet-1.jpg","contentUrl":"https:\/\/radosnavijest.hr\/shop\/wp-content\/uploads\/2025\/04\/vrt-komplet-1.jpg","width":842,"height":1200},{"@type":"BreadcrumbList","@id":"https:\/\/radosnavijest.hr\/shop\/product\/vrt-zastor-i-kriz-komplet-slikovnica-i-bojanka\/#breadcrumb","itemListElement":[{"@type":"ListItem","position":1,"name":"Po\u010detna","item":"https:\/\/radosnavijest.hr\/shop\/"},{"@type":"ListItem","position":2,"name":"Knjige","item":"https:\/\/radosnavijest.hr\/shop\/"},{"@type":"ListItem","position":3,"name":"Vrt, zastor i kri\u017e, (komplet slikovnica i bojanka)"}]},{"@type":"WebSite","@id":"https:\/\/radosnavijest.hr\/shop\/#website","url":"https:\/\/radosnavijest.hr\/shop\/","name":"Radosna vijest","description":"Knjige","publisher":{"@id":"https:\/\/radosnavijest.hr\/shop\/#organization"},"potentialAction":[{"@type":"SearchAction","target":{"@type":"EntryPoint","urlTemplate":"https:\/\/radosnavijest.hr\/shop\/?s={search_term_string}"},"query-input":{"@type":"PropertyValueSpecification","valueRequired":true,"valueName":"search_term_string"}}],"inLanguage":"hr"},{"@type":"Organization","@id":"https:\/\/radosnavijest.hr\/shop\/#organization","name":"Radosna vijest","url":"https:\/\/radosnavijest.hr\/shop\/","logo":{"@type":"ImageObject","inLanguage":"hr","@id":"https:\/\/radosnavijest.hr\/shop\/#\/schema\/logo\/image\/","url":"https:\/\/radosnavijest.hr\/shop\/wp-content\/uploads\/2023\/08\/cropped-RV-logo-RGB_web.png","contentUrl":"https:\/\/radosnavijest.hr\/shop\/wp-content\/uploads\/2023\/08\/cropped-RV-logo-RGB_web.png","width":600,"height":232,"caption":"Radosna vijest"},"image":{"@id":"https:\/\/radosnavijest.hr\/shop\/#\/schema\/logo\/image\/"}}]}},"_links":{"self":[{"href":"https:\/\/radosnavijest.hr\/shop\/wp-json\/wp\/v2\/product\/994","targetHints":{"allow":["GET"]}}],"collection":[{"href":"https:\/\/radosnavijest.hr\/shop\/wp-json\/wp\/v2\/product"}],"about":[{"href":"https:\/\/radosnavijest.hr\/shop\/wp-json\/wp\/v2\/types\/product"}],"wp:featuredmedia":[{"embeddable":true,"href":"https:\/\/radosnavijest.hr\/shop\/wp-json\/wp\/v2\/media\/996"}],"wp:attachment":[{"href":"https:\/\/radosnavijest.hr\/shop\/wp-json\/wp\/v2\/media?parent=994"}],"wp:term":[{"taxonomy":"product_brand","embeddable":true,"href":"https:\/\/radosnavijest.hr\/shop\/wp-json\/wp\/v2\/product_brand?post=994"},{"taxonomy":"product_cat","embeddable":true,"href":"https:\/\/radosnavijest.hr\/shop\/wp-json\/wp\/v2\/product_cat?post=994"},{"taxonomy":"product_tag","embeddable":true,"href":"https:\/\/radosnavijest.hr\/shop\/wp-json\/wp\/v2\/product_tag?post=994"},{"taxonomy":"autor","embeddable":true,"href":"https:\/\/radosnavijest.hr\/shop\/wp-json\/wp\/v2\/autor?post=994"}],"curies":[{"name":"wp","href":"https:\/\/api.w.org\/{rel}","templated":true}]}}